{"id":10545,"date":"2020-07-13T14:15:30","date_gmt":"2020-07-13T14:15:30","guid":{"rendered":"https:\/\/thucpham.com\/?post_type=product&#038;p=10545"},"modified":"2021-12-08T15:55:59","modified_gmt":"2021-12-08T08:55:59","slug":"bep-au-4-hong-kem-lo-nuong-gas-kingsun","status":"publish","type":"product","link":"https:\/\/thucpham.com\/vinacom\/bep-au-4-hong-kem-lo-nuong-gas-kingsun\/","title":{"rendered":"B\u1ebfp \u00c2u 4 H\u1ecdng K\u00e8m L\u00f2 N\u01b0\u1edbng Gas KingSun"},"content":{"rendered":"<p style=\"text-align: justify\"><b><i>B\u1ebfp \u00c2u 4 h\u1ecdng k\u00e8m l\u00f2 n\u01b0\u1edbng gas Kingsun <\/i><\/b><b><i>GTL-714<\/i><\/b><span style=\"font-weight: 400\"> l\u00e0 m\u1ed9t trong nh\u1eefng lo\u1ea1i b\u1ebfp \u00c2u c\u00f4ng nghi\u1ec7p \u0111\u01b0\u1ee3c nhi\u1ec1u kh\u00e1ch h\u00e0ng \u01b0a chu\u1ed9ng hi\u1ec7n nay. Nh\u1edd chi\u1ebfc b\u1ebfp n\u00e0y m\u00e0 c\u00f4ng vi\u1ec7c n\u1ea5u n\u01b0\u1edbng c\u1ee7a b\u1ea1n s\u1ebd tr\u1edf n\u00ean nhanh ch\u00f3ng v\u00e0 ti\u1ec7n l\u1ee3i h\u01a1n. B\u1ebfp kh\u00f4ng ch\u1ec9 h\u1ed7 tr\u1ee3 n\u1ea5u c\u00e1c m\u00f3n \u0103n \u00c2u nh\u01b0 n\u01b0\u1edbc s\u1ed1t, b\u00edt t\u1ebft m\u00e0 c\u00f2n c\u00f3 ch\u1ee9c n\u0103ng n\u01b0\u1edbng, gi\u00fap b\u1ea1n l\u00e0m ra nh\u1eefng m\u00f3n n\u01b0\u1edbng th\u01a1m ngon, v\u00e0ng r\u1ed9m. B\u1ebfp n\u1ea5u v\u00e0 l\u00f2 n\u01b0\u1edbng t\u00e1ch bi\u1ec7t nhau; c\u00f3 h\u1ecdng \u0111\u1ed1t ri\u00eang n\u00ean kh\u00f4ng l\u00e0m \u1ea3nh h\u01b0\u1edfng \u0111\u1ebfn quy tr\u00ecnh ch\u1ebf bi\u1ebfn c\u1ee7a nhau.&nbsp;<\/span><\/p>\n<p><img class=\"size-full wp-image-12047 aligncenter\" src=\"https:\/\/thucpham.com\/wp-content\/uploads\/2020\/07\/bep-au-4-hong-kem-lo-nuong-gas-kingsun-banner.jpg\" alt=\"bep-au-4-hong-kem-lo-nuong-gas-kingsun\" width=\"820\" height=\"656\" srcset=\"https:\/\/thucpham.com\/vinacom\/wp-content\/uploads\/2020\/07\/bep-au-4-hong-kem-lo-nuong-gas-kingsun-banner.jpg 820w, https:\/\/thucpham.com\/vinacom\/wp-content\/uploads\/2020\/07\/bep-au-4-hong-kem-lo-nuong-gas-kingsun-banner-300x240.jpg 300w, https:\/\/thucpham.com\/vinacom\/wp-content\/uploads\/2020\/07\/bep-au-4-hong-kem-lo-nuong-gas-kingsun-banner-768x614.jpg 768w, https:\/\/thucpham.com\/vinacom\/wp-content\/uploads\/2020\/07\/bep-au-4-hong-kem-lo-nuong-gas-kingsun-banner-24x19.jpg 24w, https:\/\/thucpham.com\/vinacom\/wp-content\/uploads\/2020\/07\/bep-au-4-hong-kem-lo-nuong-gas-kingsun-banner-36x29.jpg 36w, https:\/\/thucpham.com\/vinacom\/wp-content\/uploads\/2020\/07\/bep-au-4-hong-kem-lo-nuong-gas-kingsun-banner-48x38.jpg 48w, https:\/\/thucpham.com\/vinacom\/wp-content\/uploads\/2020\/07\/bep-au-4-hong-kem-lo-nuong-gas-kingsun-banner-510x408.jpg 510w\" sizes=\"(max-width: 820px) 100vw, 820px\" title=\"\"><\/p>\n<p style=\"text-align: center\"><em>Th\u00f4ng tin s\u1ea3n ph\u1ea9m b\u1ebfp \u00c2u 4 h\u1ecdng k\u00e8m l\u00f2 n\u01b0\u1edbng gas Kingsun GTL-714<\/em><\/p>\n<p style=\"text-align: justify\"><span style=\"font-weight: 400\">C\u00e1c b\u1ed9 ph\u1eadn c\u1ee7a b\u1ebfp \u00c2u<\/span><span style=\"font-weight: 400\">&nbsp;Kingsun <\/span><span style=\"font-weight: 400\">GTL-714 \u0111\u01b0\u1ee3c s\u1eafp x\u1ebfp khoa h\u1ecdc v\u00e0 h\u1ee3p l\u00fd. Ph\u00eda tr\u00ean b\u1ebfp l\u00e0 4 ki\u1ec1ng n\u1ea5u t\u01b0\u01a1ng \u1ee9ng v\u1edbi 4 h\u1ecdng \u0111\u1ed1t; ph\u00eda d\u01b0\u1edbi l\u00e0 l\u00f2 n\u01b0\u1edbng. T\u1ed5ng th\u1ec3 k\u1ebft c\u1ea5u c\u1ee7a b\u1ebfp ch\u1eafc ch\u1eafn, g\u1ecdn g\u00e0ng, d\u1ec5 l\u1eafp \u0111\u1eb7t trong nh\u00e0 b\u1ebfp di\u1ec7n t\u00edch nh\u1ecf. H\u1ecdng \u0111\u1ed1t l\u00e0m b\u1eb1ng gang ch\u1ecbu nhi\u1ec7t, cho kh\u1ea3 n\u0103ng v\u1eadn h\u00e0nh ho\u00e0n h\u1ea3o trong m\u00f4i tr\u01b0\u1eddng nh\u00e0 b\u1ebfp. Ngo\u00e0i ra, c\u00e1c l\u1ed7 l\u1eeda \u0111\u1ec1u nhau v\u00e0 cho ng\u1ecdn l\u1eeda \u0111\u1ec1u,v\u1eeba \u0111\u1ea3m b\u1ea3o c\u00e1c m\u00f3n \u0103n ch\u00edn \u0111\u1ec1u v\u1eeba ti\u1ebft ki\u1ec7m nhi\u00ean li\u1ec7u. \u0110\u1eb7c bi\u1ec7t, <\/span><b><i>b\u1ebfp \u00c2u 4 h\u1ecdng k\u00e8m l\u00f2 n\u01b0\u1edbng gas Kingsun<\/i><\/b><span style=\"font-weight: 400\"> \u0111\u01b0\u1ee3c trang b\u1ecb <\/span><span style=\"font-weight: 400\">b\u1ed9 ph\u1eadn c\u1ea3m bi\u1ebfn nhi\u1ec7t c\u00f3 th\u1ec3 t\u1ef1 \u0111\u1ed9ng ng\u1eaft c\u1ea5p gas khi x\u1ea3y ra hi\u1ec7n t\u01b0\u1ee3ng qu\u00e1 nhi\u1ec7t, b\u1ea3o \u0111\u1ea3m an to\u00e0n trong qu\u00e1 tr\u00ecnh s\u1eed d\u1ee5ng.<\/span><\/p>\n","protected":false},"excerpt":{"rendered":"<ul>\n<li style=\"font-weight: 400\"><span style=\"font-weight: 400\">Hai b\u1ebfp n\u1ea5u v\u00e0 b\u1ebfp n\u01b0\u1edbng t\u00e1ch bi\u1ec7t<\/span><\/li>\n<li style=\"font-weight: 400\"><span style=\"font-weight: 400\">Trang b\u1ecb c\u1ea3m bi\u1ebfn nhi\u1ec7t an to\u00e0n<\/span><\/li>\n<li style=\"font-weight: 400\"><span style=\"font-weight: 400\">Bu\u1ed3ng n\u01b0\u1edbng l\u00e0m b\u1eb1ng inox 304 ch\u1ed1ng han g\u1ec9<\/span><\/li>\n<li style=\"font-weight: 400\"><span style=\"font-weight: 400\">Th\u1eddi gian n\u1ea5u ch\u00edn nhanh ch\u00f3ng, ti\u1ebft ki\u1ec7m nhi\u00ean li\u1ec7u<\/span><\/li>\n<li style=\"font-weight: 400\"><span style=\"font-weight: 400\">Ng\u0103n ch\u1ee9a m\u1ee1 d\u1ec5 d\u00e0ng th\u00e1o ra v\u1ec7 sinh<\/span><\/li>\n<\/ul>\n","protected":false},"featured_media":38690,"comment_status":"open","ping_status":"closed","template":"","meta":[],"product_cat":[234,247],"product_tag":[],"_links":{"self":[{"href":"https:\/\/thucpham.com\/vinacom\/wp-json\/wp\/v2\/product\/10545"}],"collection":[{"href":"https:\/\/thucpham.com\/vinacom\/wp-json\/wp\/v2\/product"}],"about":[{"href":"https:\/\/thucpham.com\/vinacom\/wp-json\/wp\/v2\/types\/product"}],"replies":[{"embeddable":true,"href":"https:\/\/thucpham.com\/vinacom\/wp-json\/wp\/v2\/comments?post=10545"}],"wp:featuredmedia":[{"embeddable":true,"href":"https:\/\/thucpham.com\/vinacom\/wp-json\/wp\/v2\/media\/38690"}],"wp:attachment":[{"href":"https:\/\/thucpham.com\/vinacom\/wp-json\/wp\/v2\/media?parent=10545"}],"wp:term":[{"taxonomy":"product_cat","embeddable":true,"href":"https:\/\/thucpham.com\/vinacom\/wp-json\/wp\/v2\/product_cat?post=10545"},{"taxonomy":"product_tag","embeddable":true,"href":"https:\/\/thucpham.com\/vinacom\/wp-json\/wp\/v2\/product_tag?post=10545"}],"curies":[{"name":"wp","href":"https:\/\/api.w.org\/{rel}","templated":true}]}}