{"id":10533,"date":"2020-07-13T14:06:24","date_gmt":"2020-07-13T14:06:24","guid":{"rendered":"https:\/\/thucpham.com\/?post_type=product&#038;p=10533"},"modified":"2021-12-08T15:37:30","modified_gmt":"2021-12-08T08:37:30","slug":"bep-a-doi-2-bau-nuoc-kingsun","status":"publish","type":"product","link":"https:\/\/thucpham.com\/vinacom\/bep-a-doi-2-bau-nuoc-kingsun\/","title":{"rendered":"B\u1ebfp \u00c1 \u0110\u00f4i 2 B\u1ea7u N\u01b0\u1edbc KingSun"},"content":{"rendered":"<p style=\"text-align: justify\"><b><i>B\u1ebfp \u00c1 \u0111\u00f4i 2 b\u1ea7u n\u01b0\u1edbc Kingsun<\/i><\/b><span style=\"font-weight: 400\"> hi\u1ec7n \u0111ang \u0111\u01b0\u1ee3c s\u1eed d\u1ee5ng nhi\u1ec1u trong c\u00e1c nh\u00e0 h\u00e0ng, nh\u00e0 \u0103n tr\u01b0\u1eddng h\u1ecdc, b\u1ebfp \u0103n t\u1eadp th\u1ec3, khu c\u00f4ng nghi\u1ec7p. B\u1ebfp c\u00f3 thi\u1ebft k\u1ebf \u0111\u1eb9p m\u1eaft, k\u1ebft c\u1ea5u ch\u1eafc ch\u1eafn, b\u1ec1n b\u1ec9, v\u00e0 thu\u1eadn ti\u1ec7n trong qu\u00e1 tr\u00ecnh s\u1eed d\u1ee5ng. Thi\u1ebft b\u1ecb \u0111\u01b0\u1ee3c \u0111\u00fac \u00e9p b\u1eb1ng c\u00f4ng ngh\u1ec7 th\u1ee7 l\u1ef1c, c\u00e1c g\u00f3c c\u1ea1nh m\u01b0\u1ee3t m\u00e0, l\u00e0m t\u0103ng \u0111\u1ed9 th\u1ea9m m\u1ef9 v\u00e0 b\u1ec1n ch\u1eafc cho s\u1ea3n ph\u1ea9m. Ch\u1ea5t li\u1ec7u inox cao c\u1ea5p c\u1ea5u th\u00e0nh n\u00ean b\u1ebfp c\u00f3 kh\u1ea3 n\u0103ng ch\u1ecbu nhi\u1ec7t cao, kh\u00f4ng b\u1ecb m\u00e9o m\u00f3, han g\u1ec9 v\u00e0 ch\u1ed1ng va \u0111\u1eadp t\u1ed1t. C\u00e1c b\u1ed9 ph\u1eadn \u0111\u01b0\u1ee3c b\u1ed1 tr\u00ed khoa h\u1ecdc v\u00e0 k\u1ebft n\u1ed1i ch\u1eb7t ch\u1ebd, \u0111\u1ea3m b\u1ea3o kh\u1ea3 n\u0103ng ho\u1ea1t \u0111\u1ed9ng \u1ed5n \u0111\u1ecbnh v\u00e0 m\u1ea1nh m\u1ebd c\u1ee7a b\u1ebfp.<\/span><\/p>\n<p><img class=\"size-full wp-image-12039 aligncenter\" src=\"https:\/\/thucpham.com\/wp-content\/uploads\/2020\/07\/bep-a-doi-2-bau-nuoc-kingsun-banner.jpg\" alt=\"bep-a-doi-2-bau-nuoc-kingsun\" width=\"820\" height=\"656\" srcset=\"https:\/\/thucpham.com\/vinacom\/wp-content\/uploads\/2020\/07\/bep-a-doi-2-bau-nuoc-kingsun-banner.jpg 820w, https:\/\/thucpham.com\/vinacom\/wp-content\/uploads\/2020\/07\/bep-a-doi-2-bau-nuoc-kingsun-banner-300x240.jpg 300w, https:\/\/thucpham.com\/vinacom\/wp-content\/uploads\/2020\/07\/bep-a-doi-2-bau-nuoc-kingsun-banner-768x614.jpg 768w, https:\/\/thucpham.com\/vinacom\/wp-content\/uploads\/2020\/07\/bep-a-doi-2-bau-nuoc-kingsun-banner-24x19.jpg 24w, https:\/\/thucpham.com\/vinacom\/wp-content\/uploads\/2020\/07\/bep-a-doi-2-bau-nuoc-kingsun-banner-36x29.jpg 36w, https:\/\/thucpham.com\/vinacom\/wp-content\/uploads\/2020\/07\/bep-a-doi-2-bau-nuoc-kingsun-banner-48x38.jpg 48w, https:\/\/thucpham.com\/vinacom\/wp-content\/uploads\/2020\/07\/bep-a-doi-2-bau-nuoc-kingsun-banner-510x408.jpg 510w\" sizes=\"(max-width: 820px) 100vw, 820px\" title=\"\"><\/p>\n<p style=\"text-align: center\"><em>Th\u00f4ng tin s\u1ea3n ph\u1ea9m b\u1ebfp \u00c1 \u0111\u00f4i 2 b\u1ea7u n\u01b0\u1edbc Kingsun<\/em><\/p>\n<p style=\"text-align: justify\"><span style=\"font-weight: 400\">Ki\u1ec1ng b\u1ebfp l\u00e0m b\u1eb1ng th\u00e9p cao c\u1ea5p, ch\u1ecbu nhi\u1ec7t v\u01b0\u1ee3t tr\u1ed9i, cho \u0111\u1ed9 b\u1ec1n cao d\u00f9 n\u1ea5u \u0103n li\u00ean t\u1ee5c. B\u1ec1 m\u1eb7t b\u1ebfp bao g\u1ed3m hai b\u1ea7u n\u01b0\u1edbc v\u1edbi hai h\u1ecdng \u0111\u1ed1t ho\u1ea1t \u0111\u1ed9ng ri\u00eang bi\u1ec7t. Th\u00e0nh b\u1ebfp kh\u00e1 cao, gi\u00fap ng\u0103n ch\u1eb7n d\u1ea7u m\u1ee1 b\u1eafn b\u1ea9n l\u00ean t\u01b0\u1eddng. Th\u00eam v\u00e0o \u0111\u00f3, ch\u00e2n b\u1ebfp c\u00f3 thi\u1ebft k\u1ebf c\u1ee9ng c\u00e1p, b\u1eb1ng th\u00e9p ch\u1ecbu l\u1ef1c v\u00e0 c\u00f3 b\u1ed9 ph\u1eadn ch\u1ed1ng tr\u01a1n tr\u01b0\u1ee3t, \u0111\u1ea3m b\u1ea3o an to\u00e0n cho ng\u01b0\u1eddi s\u1eed d\u1ee5ng. <\/span><b><i>B\u1ebfp \u00c1 \u0111\u00f4i 2 b\u1ea7u n\u01b0\u1edbc Kingsun<\/i><\/b><span style=\"font-weight: 400\"> mang \u0111\u1ebfn hi\u1ec7u su\u1ea5t l\u00e0m vi\u1ec7c hi\u1ec7u qu\u1ea3 <\/span><span style=\"font-weight: 400\">nh\u1edd kh\u1ea3 n\u0103ng gia nhi\u1ec7t nhanh, cho ph\u00e9p ch\u1ebf bi\u1ebfn c\u00e1c m\u00f3n \u0103n ch\u00edn nhanh ch\u00f3ng v\u00e0 th\u01a1m ngon.<\/span><\/p>\n","protected":false},"excerpt":{"rendered":"<ul>\n<li style=\"font-weight: 400\"><span style=\"font-weight: 400\">\u0110\u00fac \u00e9p b\u1eb1ng c\u00f4ng ngh\u1ec7 th\u1ee7y l\u1ef1c ch\u1eafc ch\u1eafn<\/span><\/li>\n<li style=\"font-weight: 400\"><span style=\"font-weight: 400\">Thi\u1ebft k\u1ebf 2 b\u1ea7u n\u01b0\u1edbc ri\u00eang bi\u1ec7t cho 2 b\u1ebfp n\u1ea5u<\/span><\/li>\n<li style=\"font-weight: 400\"><span style=\"font-weight: 400\">Ki\u1ec1ng b\u1ebfp b\u1eb1ng th\u00e9p ch\u1ecbu nhi\u1ec7t c\u00f3 \u0111\u1ed9 b\u1ec1n cao<\/span><\/li>\n<li style=\"font-weight: 400\"><span style=\"font-weight: 400\">H\u1ec7 th\u1ed1ng r\u00e3nh tho\u00e1t n\u01b0\u1edbc th\u00f4ng minh<\/span><\/li>\n<li style=\"font-weight: 400\"><span style=\"font-weight: 400\">Gia nhi\u1ec7t nhanh, ti\u1ebft ki\u1ec7m \u0111i\u1ec7n<\/span><\/li>\n<li style=\"font-weight: 400\"><span style=\"font-weight: 400\">Ki\u1ec3u d\u00e1ng g\u1ecdn g\u00e0ng, c\u00e1c b\u1ed9 ph\u1eadn b\u1ed1 tr\u00ed khoa h\u1ecdc<\/span><\/li>\n<\/ul>\n","protected":false},"featured_media":38663,"comment_status":"open","ping_status":"closed","template":"","meta":[],"product_cat":[233,247],"product_tag":[],"_links":{"self":[{"href":"https:\/\/thucpham.com\/vinacom\/wp-json\/wp\/v2\/product\/10533"}],"collection":[{"href":"https:\/\/thucpham.com\/vinacom\/wp-json\/wp\/v2\/product"}],"about":[{"href":"https:\/\/thucpham.com\/vinacom\/wp-json\/wp\/v2\/types\/product"}],"replies":[{"embeddable":true,"href":"https:\/\/thucpham.com\/vinacom\/wp-json\/wp\/v2\/comments?post=10533"}],"wp:featuredmedia":[{"embeddable":true,"href":"https:\/\/thucpham.com\/vinacom\/wp-json\/wp\/v2\/media\/38663"}],"wp:attachment":[{"href":"https:\/\/thucpham.com\/vinacom\/wp-json\/wp\/v2\/media?parent=10533"}],"wp:term":[{"taxonomy":"product_cat","embeddable":true,"href":"https:\/\/thucpham.com\/vinacom\/wp-json\/wp\/v2\/product_cat?post=10533"},{"taxonomy":"product_tag","embeddable":true,"href":"https:\/\/thucpham.com\/vinacom\/wp-json\/wp\/v2\/product_tag?post=10533"}],"curies":[{"name":"wp","href":"https:\/\/api.w.org\/{rel}","templated":true}]}}