{"id":10530,"date":"2020-07-13T14:03:20","date_gmt":"2020-07-13T14:03:20","guid":{"rendered":"https:\/\/thucpham.com\/?post_type=product&#038;p=10530"},"modified":"2021-12-08T15:37:33","modified_gmt":"2021-12-08T08:37:33","slug":"bep-a-doi-1-bau-nuoc-kingsun","status":"publish","type":"product","link":"https:\/\/thucpham.com\/vinacom\/bep-a-doi-1-bau-nuoc-kingsun\/","title":{"rendered":"B\u1ebfp \u00c1 \u0110\u00f4i 1 B\u1ea7u N\u01b0\u1edbc KingSun"},"content":{"rendered":"<p style=\"text-align: justify\"><b><i>B\u1ebfp \u00c1 \u0111\u00f4i 1 b\u1ea7u n\u01b0\u1edbc Kingsun<\/i><\/b><span style=\"font-weight: 400\"> \u0111\u01b0\u1ee3c nh\u1eadp kh\u1ea9u ch\u00ednh h\u00e3ng t\u1eeb th\u01b0\u01a1ng hi\u1ec7u Kingsun n\u1ed9i \u0111\u1ecba Trung Qu\u1ed1c, chuy\u00ean cung c\u1ea5p <\/span><span style=\"font-weight: 400\">thi\u1ebft b\u1ecb nh\u00e0 b\u1ebfp c\u00f4ng nghi\u1ec7p uy t\u00edn tr\u00ean th\u1ebf gi\u1edbi. B\u1ebfp ch\u1ea5t l\u01b0\u1ee3ng si\u00eau b\u1ec1n s\u1ebd gi\u00fap c\u00e1c \u0111\u1ea7u b\u1ebfp n\u1ea5u n\u01b0\u1edbng nhanh h\u01a1n m\u00e0 v\u1eabn ti\u1ebft ki\u1ec7m n\u0103ng l\u01b0\u1ee3ng c\u0169ng nh\u01b0 nh\u00e2n l\u1ef1c. Thi\u1ebft b\u1ecb th\u00edch h\u1ee3p d\u00f9ng \u0111\u1ec3 x\u00e0o nh\u1eefng m\u00f3n \u00c1 trong qu\u00e1n \u0103n, nh\u00e0 h\u00e0ng, kh\u00e1ch s\u1ea1n. B\u1ebfp s\u1eed d\u1ee5ng h\u1ecdng \u0111\u1ed1t b\u1eb1ng th\u00e9p cao c\u1ea5p c\u00f3 c\u00f4ng su\u1ea5t cao v\u1edbi ng\u1ecdn l\u1eeda r\u1ea5t l\u1edbn, \u0111\u1ea3m b\u1ea3o x\u00e0o th\u1ee9c \u0103n nhanh ch\u00edn v\u00e0 ngon \u0111\u1ec1u.<\/span><\/p>\n<p><img class=\"size-full wp-image-12025 aligncenter\" src=\"https:\/\/thucpham.com\/wp-content\/uploads\/2020\/07\/bep-a-doi-1-bau-nuoc-kingsun-banner.jpg\" alt=\"bep-a-doi-1-bau-nuoc-kingsun\" width=\"820\" height=\"656\" srcset=\"https:\/\/thucpham.com\/vinacom\/wp-content\/uploads\/2020\/07\/bep-a-doi-1-bau-nuoc-kingsun-banner.jpg 820w, https:\/\/thucpham.com\/vinacom\/wp-content\/uploads\/2020\/07\/bep-a-doi-1-bau-nuoc-kingsun-banner-300x240.jpg 300w, https:\/\/thucpham.com\/vinacom\/wp-content\/uploads\/2020\/07\/bep-a-doi-1-bau-nuoc-kingsun-banner-768x614.jpg 768w, https:\/\/thucpham.com\/vinacom\/wp-content\/uploads\/2020\/07\/bep-a-doi-1-bau-nuoc-kingsun-banner-24x19.jpg 24w, https:\/\/thucpham.com\/vinacom\/wp-content\/uploads\/2020\/07\/bep-a-doi-1-bau-nuoc-kingsun-banner-36x29.jpg 36w, https:\/\/thucpham.com\/vinacom\/wp-content\/uploads\/2020\/07\/bep-a-doi-1-bau-nuoc-kingsun-banner-48x38.jpg 48w, https:\/\/thucpham.com\/vinacom\/wp-content\/uploads\/2020\/07\/bep-a-doi-1-bau-nuoc-kingsun-banner-510x408.jpg 510w\" sizes=\"(max-width: 820px) 100vw, 820px\" title=\"\"><\/p>\n<p style=\"text-align: center\"><em>Th\u00f4ng tin s\u1ea3n ph\u1ea9m b\u1ebfp \u00c1 \u0111\u00f4i 1 b\u1ea7u n\u01b0\u1edbc Kingsun<\/em><\/p>\n<p style=\"text-align: justify\"><span style=\"font-weight: 400\">Ch\u1ea5t li\u1ec7u inox gi\u00fap kh\u00f4ng gian b\u1ebfp lu\u00f4n s\u00e1ng b\u00f3ng, s\u1ea1ch s\u1ebd v\u00e0 mang l\u1ea1i s\u1ef1 chuy\u00ean nghi\u1ec7p h\u01a1n cho ng\u01b0\u1eddi d\u00f9ng. <\/span><b><i>B\u1ebfp \u00c1 \u0111\u00f4i 1 b\u1ea7u n\u01b0\u1edbc Kingsun <\/i><\/b><span style=\"font-weight: 400\">c\u00f3 thi\u1ebft k\u1ebf h\u1ee3p l\u00fd v\u00e0 khoa h\u1ecdc. B\u1ea7u n\u01b0\u1edbc \u0111\u01b0\u1ee3c \u0111\u1eb7t gi\u1eefa hai ki\u1ec1ng b\u1ebfp, nh\u1eb1m t\u1ea1o \u0111i\u1ec1u ki\u1ec7n thu\u1eadn l\u1ee3i khi ch\u1ebf bi\u1ebfn m\u00f3n \u0103n c\u00f9ng l\u00fac tr\u00ean hai h\u1ecdng \u0111\u1ed1t, h\u01a1n n\u1eefa c\u00f2n <\/span><span style=\"font-weight: 400\">\u0111\u1ec3 v\u1ec7 sinh b\u1ebfp s\u1ea1ch s\u1ebd sau khi s\u1eed d\u1ee5ng. B\u00ean c\u1ea1nh \u0111\u00f3, tr\u1ecdng l\u01b0\u1ee3ng c\u1ee7a chi\u1ebfc b\u1ebfp n\u00e0y kh\u00f4ng qu\u00e1 n\u1eb7ng, cho ph\u00e9p b\u1ea1n d\u1ec5 d\u00e0ng l\u1eafp \u0111\u1eb7t ho\u1eb7c di chuy\u1ec3n ra v\u1ecb tr\u00ed kh\u00e1c.<\/span><\/p>\n","protected":false},"excerpt":{"rendered":"<ul>\n<li style=\"font-weight: 400\"><span style=\"font-weight: 400\">H\u1ecdng \u0111\u1ed1t c\u00f3 c\u00f4ng su\u1ea5t cao, m\u1ea1nh m\u1ebd<\/span><\/li>\n<li style=\"font-weight: 400\"><span style=\"font-weight: 400\">Nhi\u1ec7t lan t\u1ecfa nhanh, gi\u00fap ph\u1ea9m ch\u00edn nhanh v\u00e0 \u0111\u1ec1u<\/span><\/li>\n<li style=\"font-weight: 400\"><span style=\"font-weight: 400\">Ki\u1ec3u d\u00e1ng c\u00f4ng nghi\u1ec7p, b\u1ec1 m\u1eb7t inox s\u00e1ng b\u00f3ng<\/span><\/li>\n<li style=\"font-weight: 400\"><span style=\"font-weight: 400\">V\u1ecf b\u1ebfp d\u00e0y d\u1eb7n ch\u1ed1ng va \u0111\u1eadp t\u1ed1t<\/span><\/li>\n<li style=\"font-weight: 400\"><span style=\"font-weight: 400\">Ti\u1ebft ki\u1ec7m \u0111i\u1ec7n, v\u1eadn h\u00e0nh \u1ed5n \u0111\u1ecbnh v\u00e0 an to\u00e0n<\/span><\/li>\n<\/ul>\n","protected":false},"featured_media":38664,"comment_status":"open","ping_status":"closed","template":"","meta":[],"product_cat":[233,247],"product_tag":[],"_links":{"self":[{"href":"https:\/\/thucpham.com\/vinacom\/wp-json\/wp\/v2\/product\/10530"}],"collection":[{"href":"https:\/\/thucpham.com\/vinacom\/wp-json\/wp\/v2\/product"}],"about":[{"href":"https:\/\/thucpham.com\/vinacom\/wp-json\/wp\/v2\/types\/product"}],"replies":[{"embeddable":true,"href":"https:\/\/thucpham.com\/vinacom\/wp-json\/wp\/v2\/comments?post=10530"}],"wp:featuredmedia":[{"embeddable":true,"href":"https:\/\/thucpham.com\/vinacom\/wp-json\/wp\/v2\/media\/38664"}],"wp:attachment":[{"href":"https:\/\/thucpham.com\/vinacom\/wp-json\/wp\/v2\/media?parent=10530"}],"wp:term":[{"taxonomy":"product_cat","embeddable":true,"href":"https:\/\/thucpham.com\/vinacom\/wp-json\/wp\/v2\/product_cat?post=10530"},{"taxonomy":"product_tag","embeddable":true,"href":"https:\/\/thucpham.com\/vinacom\/wp-json\/wp\/v2\/product_tag?post=10530"}],"curies":[{"name":"wp","href":"https:\/\/api.w.org\/{rel}","templated":true}]}}