{"id":10527,"date":"2020-07-13T13:59:45","date_gmt":"2020-07-13T13:59:45","guid":{"rendered":"https:\/\/thucpham.com\/?post_type=product&#038;p=10527"},"modified":"2021-12-08T15:30:45","modified_gmt":"2021-12-08T08:30:45","slug":"bep-a-don-mot-bau-nuoc-viet-nam","status":"publish","type":"product","link":"https:\/\/thucpham.com\/vinacom\/bep-a-don-mot-bau-nuoc-viet-nam\/","title":{"rendered":"B\u1ebfp \u00c1 \u0110\u01a1n M\u1ed9t B\u1ea7u N\u01b0\u1edbc Vi\u1ec7t Nam"},"content":{"rendered":"<p style=\"text-align: justify\"><b><i>B\u1ebfp \u00c1 \u0111\u01a1n m\u1ed9t b\u1ea7u n\u01b0\u1edbc Vi\u1ec7t Nam <\/i><\/b><span style=\"font-weight: 400\">\u0111\u01b0\u1ee3c s\u1ea3n xu\u1ea5t tr\u00ean d\u00e2y chuy\u1ec1n c\u00f4ng ngh\u1ec7 hi\u1ec7n \u0111\u1ea1i v\u00e0 <\/span><span style=\"font-weight: 400\">l\u00e0 m\u1ed9t trong s\u1ea3n ph\u1ea9m b\u1ebfp \u00c1 c\u00f4ng nghi\u1ec7p th\u00f4ng minh \u0111\u01b0\u1ee3c thi\u1ebft k\u1ebf ti\u1ec7n l\u1ee3i, trang b\u1ecb h\u1ec7 th\u1ed1ng van k\u00e9p gi\u00fap qu\u00e1 tr\u00ecnh s\u1eed d\u1ee5ng lu\u00f4n \u0111\u1ea3m b\u1ea3o an to\u00e0n, ti\u1ebft ki\u1ec7m gas t\u1ed1t nh\u1ea5t. B\u1ebfp c\u00f3 thi\u1ebft k\u1ebf nh\u1ecf g\u1ecdn nh\u01b0ng v\u1eefng ch\u1eafc c\u00f9ng h\u1ec7 th\u1ed1ng qu\u1ea1t th\u1ed5i gi\u00fap t\u0103ng hi\u1ec7u su\u1ea5t n\u1ea5u n\u01b0\u1edbng c\u1ee7a thi\u1ebft b\u1ecb.&nbsp;<\/span><\/p>\n<p><img class=\"size-full wp-image-12019 aligncenter\" src=\"https:\/\/thucpham.com\/wp-content\/uploads\/2020\/07\/bep-a-don-mot-bau-nuoc-viet-nam-banner.jpg\" alt=\"bep-a-don-mot-bau-nuoc-viet-nam\" width=\"820\" height=\"656\" srcset=\"https:\/\/thucpham.com\/vinacom\/wp-content\/uploads\/2020\/07\/bep-a-don-mot-bau-nuoc-viet-nam-banner.jpg 820w, https:\/\/thucpham.com\/vinacom\/wp-content\/uploads\/2020\/07\/bep-a-don-mot-bau-nuoc-viet-nam-banner-300x240.jpg 300w, https:\/\/thucpham.com\/vinacom\/wp-content\/uploads\/2020\/07\/bep-a-don-mot-bau-nuoc-viet-nam-banner-768x614.jpg 768w, https:\/\/thucpham.com\/vinacom\/wp-content\/uploads\/2020\/07\/bep-a-don-mot-bau-nuoc-viet-nam-banner-24x19.jpg 24w, https:\/\/thucpham.com\/vinacom\/wp-content\/uploads\/2020\/07\/bep-a-don-mot-bau-nuoc-viet-nam-banner-36x29.jpg 36w, https:\/\/thucpham.com\/vinacom\/wp-content\/uploads\/2020\/07\/bep-a-don-mot-bau-nuoc-viet-nam-banner-48x38.jpg 48w, https:\/\/thucpham.com\/vinacom\/wp-content\/uploads\/2020\/07\/bep-a-don-mot-bau-nuoc-viet-nam-banner-510x408.jpg 510w\" sizes=\"(max-width: 820px) 100vw, 820px\" title=\"\"><\/p>\n<p style=\"text-align: center\"><em>Th\u00f4ng tin s\u1ea3n ph\u1ea9m b\u1ebfp \u00c1 \u0111\u01a1n m\u1ed9t b\u1ea7u n\u01b0\u1edbc Vi\u1ec7t Nam<\/em><\/p>\n<p style=\"text-align: justify\"><b><i>B\u1ebfp \u00c1 \u0111\u01a1n m\u1ed9t b\u1ea7u n\u01b0\u1edbc Vi\u1ec7t Nam <\/i><\/b><span style=\"font-weight: 400\">\u0111\u01b0\u1ee3c t\u00edch h\u1ee3p h\u1ec7 th\u1ed1ng tho\u00e1t n\u01b0\u1edbc th\u00f4ng minh v\u00e0 x\u1ea3 tr\u00e0n tr\u00ean m\u1eb7t b\u1ebfp, <\/span><span style=\"font-weight: 400\">gi\u00fap b\u1ea1n nhanh ch\u00f3ng v\u1ec7 sinh s\u1ea1ch s\u1ebd b\u1ec1 m\u1eb7t b\u1ebfp. Ngo\u00e0i ra, b\u1ebfp c\u00f2n \u0111\u01b0\u1ee3c trang b\u1ecb 1 v\u00f2i c\u1ea5p n\u01b0\u1edbc l\u1ea1nh tr\u00ean th\u00e0nh b\u1ebfp k\u1ebft h\u1ee3p v\u1edbi r\u00e3nh tho\u00e1t n\u01b0\u1edbc tr\u00ean b\u1ec1 m\u1eb7t, ti\u1ec7n l\u1ee3i trong qu\u00e1 tr\u00ecnh s\u1eed d\u1ee5ng.&nbsp; V\u1ecf b\u1ebfp s\u1ea3n xu\u1ea5t b\u1eb1ng inox d\u00e0y 0.8-1.2mm, ch\u1ecbu nhi\u1ec7t, ch\u1ecbu l\u1ef1c t\u1ed1t, c\u00f3 v\u1ebb b\u1ec1 ngo\u00e0i s\u00e1ng b\u00f3ng, d\u1ec5 lau ch\u00f9i v\u00e0 d\u1ecdn d\u1eb9p. Th\u00eam v\u00e0o \u0111\u00f3, v\u00e0nh ki\u1ec1ng b\u1eb1ng gang \u0111\u00fac ch\u1ecbu nhi\u1ec7t, ch\u1ed1ng \u0103n m\u00f2n, han g\u1ec9 trong qu\u00e1 tr\u00ecnh s\u1eed d\u1ee5ng. Ch\u00e2n b\u1ebfp c\u00f3 n\u00fat \u0111i\u1ec1u ch\u1ec9nh \u0111\u1ed9 cao ph\u00f9 h\u1ee3p v\u1edbi ng\u01b0\u1eddi d\u00f9ng.<\/span><\/p>\n","protected":false},"excerpt":{"rendered":"<ul>\n<li style=\"font-weight: 400\"><span style=\"font-weight: 400\">S\u1eed d\u1ee5ng an to\u00e0n v\u00e0 ti\u1ebft ki\u1ec7m gas<\/span><\/li>\n<li style=\"font-weight: 400\"><span style=\"font-weight: 400\">Trang b\u1ecb h\u1ec7 th\u1ed1ng van k\u00e9p th\u00f4ng minh\u00a0<\/span><\/li>\n<li style=\"font-weight: 400\"><span style=\"font-weight: 400\">N\u1ea5u \u0103n nhanh ch\u00f3ng \u0111\u1ea3m b\u1ea3o h\u01b0\u01a1ng v\u1ecb th\u01a1m ngon<\/span><\/li>\n<li style=\"font-weight: 400\"><span style=\"font-weight: 400\">H\u1ec7 th\u1ed1ng qu\u1ea1t th\u1ed5i cho c\u00f4ng su\u1ea5t m\u1ea1nh m\u1ebd<\/span><\/li>\n<li style=\"font-weight: 400\"><span style=\"font-weight: 400\">Ng\u1ecdn l\u1eeda b\u1ebfp c\u00f3 \u0111\u1ed9 \u1ed5n \u0111\u1ecbnh cao<\/span><\/li>\n<\/ul>\n","protected":false},"featured_media":38658,"comment_status":"open","ping_status":"closed","template":"","meta":[],"product_cat":[233,247],"product_tag":[],"_links":{"self":[{"href":"https:\/\/thucpham.com\/vinacom\/wp-json\/wp\/v2\/product\/10527"}],"collection":[{"href":"https:\/\/thucpham.com\/vinacom\/wp-json\/wp\/v2\/product"}],"about":[{"href":"https:\/\/thucpham.com\/vinacom\/wp-json\/wp\/v2\/types\/product"}],"replies":[{"embeddable":true,"href":"https:\/\/thucpham.com\/vinacom\/wp-json\/wp\/v2\/comments?post=10527"}],"wp:featuredmedia":[{"embeddable":true,"href":"https:\/\/thucpham.com\/vinacom\/wp-json\/wp\/v2\/media\/38658"}],"wp:attachment":[{"href":"https:\/\/thucpham.com\/vinacom\/wp-json\/wp\/v2\/media?parent=10527"}],"wp:term":[{"taxonomy":"product_cat","embeddable":true,"href":"https:\/\/thucpham.com\/vinacom\/wp-json\/wp\/v2\/product_cat?post=10527"},{"taxonomy":"product_tag","embeddable":true,"href":"https:\/\/thucpham.com\/vinacom\/wp-json\/wp\/v2\/product_tag?post=10527"}],"curies":[{"name":"wp","href":"https:\/\/api.w.org\/{rel}","templated":true}]}}