{"id":10524,"date":"2020-07-13T13:56:39","date_gmt":"2020-07-13T13:56:39","guid":{"rendered":"https:\/\/thucpham.com\/?post_type=product&#038;p=10524"},"modified":"2024-03-13T08:45:39","modified_gmt":"2024-03-13T01:45:39","slug":"bep-a-tu-doi-hai-noi-nuoc-kem-chao-shine-true","status":"publish","type":"product","link":"https:\/\/thucpham.com\/vinacom\/bep-a-tu-doi-hai-noi-nuoc-kem-chao-shine-true\/","title":{"rendered":"B\u1ebfp \u00c1 T\u1eeb \u0110\u00f4i Hai N\u1ed3i N\u01b0\u1edbc K\u00e8m Ch\u1ea3o Shine True"},"content":{"rendered":"<p style=\"text-align: justify\"><span style=\"font-family: helvetica, arial, sans-serif\"><b><i>B\u1ebfp \u00e1 t\u1eeb \u0111\u00f4i hai n\u1ed3i n\u01b0\u1edbc k\u00e8m ch\u1ea3o Shine True <\/i><\/b><span style=\"font-weight: 400\">l\u00e0 m\u1ed9t trong nh\u1eefng thi\u1ebft b\u1ecb b\u1ebfp c\u00f4ng nghi\u1ec7p hi\u1ec7n \u0111\u1ea1i c\u1ea7n thi\u1ebft trong b\u1ea5t k\u1ef3 gian b\u1ebfp n\u00e0o t\u1eeb nh\u1eefng nh\u00e0 h\u00e0ng sang tr\u1ecdng \u0111\u1ebfn nh\u1eefng qu\u00e1n \u0103n b\u00ecnh d\u00e2n. V\u1edbi \u01b0u \u0111i\u1ec3m x\u00e0o n\u1ea5u nhanh, gia nhi\u1ec7t m\u1ea1nh v\u00e0 \u0111\u1ec1u, gi\u1eef nguy\u00ean h\u01b0\u01a1ng v\u1ecb, m\u00e0u s\u1eafc cho m\u00f3n \u0103n, chi\u1ebfc b\u1ebfp n\u00e0y \u0111\u00e3 v\u00e0 \u0111ang \u0111\u01b0\u1ee3c \u01b0a chu\u1ed9ng tr\u00ean th\u1ecb tr\u01b0\u1eddng Vi\u1ec7t.&nbsp;<\/span><\/span><\/p>\n<p style=\"text-align: justify\"><img class=\"aligncenter\" src=\"https:\/\/thucpham.com\/wp-content\/uploads\/2020\/07\/bep-a-tu-doi-hai-noi-nuoc-kem-chao-shine-true-05.jpg\" alt=\"\" width=\"820\" height=\"656\" title=\"\"><\/p>\n<p style=\"text-align: center\"><span style=\"font-family: helvetica, arial, sans-serif\"><em>Th\u00f4ng tin s\u1ea3n ph\u1ea9m B\u1ebfp \u00e1 t\u1eeb \u0111\u00f4i hai n\u1ed3i n\u01b0\u1edbc k\u00e8m ch\u1ea3o Shine True<\/em><\/span><\/p>\n<p style=\"text-align: justify\"><span style=\"font-family: helvetica, arial, sans-serif\"><span style=\"font-weight: 400\">\u0110\u01b0\u1ee3c gia c\u00f4ng t\u1eeb nh\u1eefng v\u1eadt li\u1ec7u cao c\u1ea5p, d\u00e0y d\u1eb7n, s\u1ea3n ph\u1ea9m b\u1ebfp Shine True n\u00e0y \u0111\u1ea3m b\u1ea3o c\u00f3 \u0111\u1ed9 b\u1ec1n cao, \u00edt x\u1ea3y ra l\u1ed7i h\u1ecfng h\u00f3c k\u1ef9 thu\u1eadt trong th\u1eddi gian d\u00e0i s\u1eed d\u1ee5ng. <\/span><span style=\"font-weight: 400\">Ngo\u00e0i ra, b\u1ebfp c\u00f3 kh\u1ea3 n\u0103ng ch\u1ed1ng han g\u1ec9 v\u00e0 oxy h\u00f3a, gi\u00fap b\u1ebfp lu\u00f4n s\u00e1ng b\u00f3ng nh\u01b0 m\u1edbi.&nbsp; <\/span><b><i>B\u1ebfp <\/i><\/b><b><i>\u00e1 t\u1eeb \u0111\u00f4i hai n\u1ed3i n\u01b0\u1edbc k\u00e8m ch\u1ea3o Shine True<\/i><\/b> <span style=\"font-weight: 400\">\u0111\u01b0\u1ee3c thi\u1ebft k\u1ebf 2 b\u1ea7u n\u01b0\u1edbc \u0111i k\u00e8m v\u00f2i n\u01b0\u1edbc, h\u1ed7 tr\u1ee3 ng\u01b0\u1eddi d\u00f9ng d\u1ec5 d\u00e0ng trong vi\u1ec7c l\u1ea5y n\u01b0\u1edbc n\u1ea5u n\u01b0\u1edbng c\u0169ng nh\u01b0 v\u1ec7 sinh b\u1ebfp. Kh\u00f4ng ch\u1ec9 v\u1eady, ph\u00eda sau b\u1ebfp c\u00f2n c\u00f3 th\u00e0nh ch\u1eafn cao c\u00f3 t\u00e1c d\u1ee5ng ng\u0103n ch\u1eb7n d\u1ea7u m\u1ee1, th\u1ee9c \u0103n b\u1eafn l\u00ean t\u01b0\u1eddng g\u00e2y m\u1ea5t v\u1ec7 sinh. <\/span><\/span><\/p>\n","protected":false},"excerpt":{"rendered":"<ul>\n<li style=\"font-weight: 400\"><span style=\"font-weight: 400;font-family: helvetica, arial, sans-serif\">Thi\u1ebft k\u1ebf 2 b\u1ebfp k\u00e8m 2 b\u1ea7u n\u01b0\u1edbc ti\u1ec7n l\u1ee3i<\/span><\/li>\n<li style=\"font-weight: 400\"><span style=\"font-weight: 400;font-family: helvetica, arial, sans-serif\">S\u1ea3n xu\u1ea5t b\u1eb1ng ch\u1ea5t li\u1ec7u b\u1ec1n ch\u1eafc, sang tr\u1ecdng<\/span><\/li>\n<li style=\"font-weight: 400\"><span style=\"font-weight: 400;font-family: helvetica, arial, sans-serif\">Trang b\u1ecb th\u00e0nh cao ph\u00eda sau \u0111\u1ec3 h\u1ea1n ch\u1ebf d\u1ea7u m\u1ee1 b\u1eafn l\u00ean t\u01b0\u1eddng<\/span><\/li>\n<li style=\"font-weight: 400\"><span style=\"font-weight: 400;font-family: helvetica, arial, sans-serif\">Lu\u00f4n \u0111\u1ee9ng ch\u1eafc tr\u00ean m\u1ecdi \u0111\u1ecba h\u00ecnh<\/span><\/li>\n<li style=\"font-weight: 400\"><span style=\"font-weight: 400;font-family: helvetica, arial, sans-serif\">Nh\u1eadp kh\u1ea9u tr\u1ef1c ti\u1ebfp t\u1eeb nh\u00e0 s\u1ea3n xu\u1ea5t<\/span><\/li>\n<\/ul>\n","protected":false},"featured_media":38645,"comment_status":"open","ping_status":"closed","template":"","meta":[],"product_cat":[247,233],"product_tag":[],"_links":{"self":[{"href":"https:\/\/thucpham.com\/vinacom\/wp-json\/wp\/v2\/product\/10524"}],"collection":[{"href":"https:\/\/thucpham.com\/vinacom\/wp-json\/wp\/v2\/product"}],"about":[{"href":"https:\/\/thucpham.com\/vinacom\/wp-json\/wp\/v2\/types\/product"}],"replies":[{"embeddable":true,"href":"https:\/\/thucpham.com\/vinacom\/wp-json\/wp\/v2\/comments?post=10524"}],"wp:featuredmedia":[{"embeddable":true,"href":"https:\/\/thucpham.com\/vinacom\/wp-json\/wp\/v2\/media\/38645"}],"wp:attachment":[{"href":"https:\/\/thucpham.com\/vinacom\/wp-json\/wp\/v2\/media?parent=10524"}],"wp:term":[{"taxonomy":"product_cat","embeddable":true,"href":"https:\/\/thucpham.com\/vinacom\/wp-json\/wp\/v2\/product_cat?post=10524"},{"taxonomy":"product_tag","embeddable":true,"href":"https:\/\/thucpham.com\/vinacom\/wp-json\/wp\/v2\/product_tag?post=10524"}],"curies":[{"name":"wp","href":"https:\/\/api.w.org\/{rel}","templated":true}]}}