{"id":10515,"date":"2020-07-13T13:43:42","date_gmt":"2020-07-13T13:43:42","guid":{"rendered":"https:\/\/thucpham.com\/?post_type=product&#038;p=10515"},"modified":"2021-12-08T15:15:28","modified_gmt":"2021-12-08T08:15:28","slug":"bep-a-tu-doi-mot-noi-nuoc-shine-true","status":"publish","type":"product","link":"https:\/\/thucpham.com\/vinacom\/bep-a-tu-doi-mot-noi-nuoc-shine-true\/","title":{"rendered":"B\u1ebfp \u00c1 T\u1eeb \u0110\u00f4i M\u1ed9t N\u1ed3i N\u01b0\u1edbc Shine True"},"content":{"rendered":"<p style=\"text-align: justify\"><span style=\"font-family: helvetica, arial, sans-serif\"><b><i>B\u1ebfp \u00e1 t\u1eeb \u0111\u00f4i m\u1ed9t n\u1ed3i n\u01b0\u1edbc Shine True <\/i><\/b><span style=\"font-weight: 400\">\u0111\u01b0\u1ee3c s\u1eed d\u1ee5ng trong c\u00e1c b\u1ebfp \u0103n c\u00f4ng nghi\u1ec7p, nh\u00e0 h\u00e0ng hay kh\u00e1ch s\u1ea1n l\u1edbn c\u1ea7n ch\u1ebf bi\u1ebfn c\u00e1c m\u00f3n \u0103n nhanh ch\u00f3ng \u0111\u1ec3 ph\u1ee5c v\u1ee5 su\u1ea5t \u0103n s\u1ed1 l\u01b0\u1ee3ng l\u1edbn h\u00e0ng ng\u00e0y. B\u1ebfp c\u00f3 thi\u1ebft k\u1ebf 2 v\u00f9ng n\u1ea5u tr\u00ean c\u00f9ng m\u1ed9t thi\u1ebft b\u1ecb cho ph\u00e9p ng\u01b0\u1eddi s\u1eed d\u1ee5ng c\u00f9ng l\u00fac ch\u1ebf bi\u1ebfn \u0111\u01b0\u1ee3c 2 m\u00f3n \u0103n, \u0111\u00e1p \u1ee9ng nhu c\u1ea7u ph\u1ee5c v\u1ee5 kh\u00e1ch h\u00e0ng \u0111\u01b0\u1ee3c t\u1ed1t nh\u1ea5t, nh\u1ea5t l\u00e0 v\u00e0o gi\u1edd cao \u0111i\u1ec3m kh\u00e1ch \u0111\u00f4ng \u0111\u00fac. V\u1edbi chi\u1ebfc b\u1ebfp n\u00e0y, th\u1ef1c ph\u1ea9m kh\u00f4ng ch\u1ec9 nhanh ch\u00edn m\u00e0 v\u1eabn \u0111\u1ea3m b\u1ea3o h\u01b0\u01a1ng v\u1ecb th\u01a1m ngon v\u00e0 gi\u00e1 tr\u1ecb dinh d\u01b0\u1ee1ng.&nbsp;<\/span><\/span><\/p>\n<p><img class=\"aligncenter\" src=\"https:\/\/thucpham.com\/wp-content\/uploads\/2020\/07\/bep-a-tu-doi-mot-noi-nuoc-shine-true-005.jpg\" alt=\"B\u1ebfp \u00c1 T\u1eeb \u0110\u00f4i M\u1ed9t N\u1ed3i N\u01b0\u1edbc Shine True\" width=\"820\" height=\"656\" title=\"\"><\/p>\n<p style=\"text-align: center\"><span style=\"font-family: helvetica, arial, sans-serif\"><em>Th\u00f4ng tin s\u1ea3n ph\u1ea9m b<i>\u1ebfp \u00e1 t\u1eeb \u0111\u00f4i m\u1ed9t n\u1ed3i n\u01b0\u1edbc Shine True<\/i><\/em><\/span><\/p>\n<p style=\"text-align: justify\"><span style=\"font-family: helvetica, arial, sans-serif\"><b><i>B\u1ebfp \u00e1 t\u1eeb \u0111\u00f4i m\u1ed9t n\u1ed3i n\u01b0\u1edbc Shine True<\/i><\/b><span style=\"font-weight: 400\"> \u0111\u01b0\u1ee3c s\u1ea3n xu\u1ea5t b\u1eb1ng v\u1eadt li\u1ec7u cao c\u1ea5p, c\u00f3 \u0111\u1ed9 b\u1ec1n cao, c\u00f3 kh\u1ea3 n\u0103ng ch\u1ed1ng oxy h\u00f3a v\u00e0 r\u1ec9 s\u1eaft, n\u00e2ng cao th\u1eddi gian s\u1eed d\u1ee5ng cho s\u1ea3n ph\u1ea9m. B\u1ec1 m\u1eb7t b\u1ebfp s\u00e1ng b\u00f3ng, \u00edt b\u00e1m b\u1ee5i b\u1ea9n, d\u1ea7u m\u1ee1 n\u00ean vi\u1ec7c v\u1ec7 sinh, lau ch\u00f9i n\u00f3 kh\u00f4ng c\u00f2n khi\u1ebfn b\u1ea1n v\u1ea5t v\u1ea3 n\u1eefa. <\/span><span style=\"font-weight: 400\">Chi\u1ebfc b\u1ebfp n\u00e0y \u0111\u01b0\u1ee3c trang b\u1ecb m\u1ed9t b\u1ea7u n\u01b0\u1edbc \u0111i k\u00e8m, h\u1ed7 tr\u1ee3 ng\u01b0\u1eddi d\u00f9ng s\u01a1 ch\u1ebf th\u1ef1c ph\u1ea9m v\u00e0 n\u1ea5u n\u01b0\u1edbng thu\u1eadn ti\u1ec7n h\u01a1n.&nbsp; Ngo\u00e0i ra, v\u00f2i c\u1ea5p n\u01b0\u1edbc tr\u00ean b\u1ebfp \u0111\u1ed3ng th\u1eddi c\u00f3 ch\u1ed7 tho\u00e1t n\u01b0\u1edbc \u0111\u1ec3 gi\u00fap c\u1ecd r\u1eeda b\u1ebfp sau m\u1ed7i l\u1ea7n s\u1eed d\u1ee5ng.<\/span><\/span><\/p>\n","protected":false},"excerpt":{"rendered":"<ul>\n<li style=\"font-weight: 400\"><span style=\"font-weight: 400;font-family: helvetica, arial, sans-serif\">H\u1ed7 tr\u1ee3 c\u00f4ng vi\u1ec7c n\u1ea5u n\u01b0\u1edbng nhanh ch\u00f3ng, ti\u1ec7n l\u1ee3i<\/span><\/li>\n<li style=\"font-weight: 400\"><span style=\"font-weight: 400;font-family: helvetica, arial, sans-serif\">S\u1ea3n xu\u1ea5t b\u1eb1ng v\u1eadt li\u1ec7u ch\u1ea5t l\u01b0\u1ee3ng cao, b\u1ec1n b\u1ec9<\/span><\/li>\n<li style=\"font-weight: 400\"><span style=\"font-weight: 400;font-family: helvetica, arial, sans-serif\">Thi\u1ebft k\u1ebf 2 v\u00f9ng n\u1ea5u k\u00e8m 1 b\u1ea7u n\u01b0\u1edbc, 1 v\u00f2i n\u01b0\u1edbc<\/span><\/li>\n<li style=\"font-weight: 400\"><span style=\"font-weight: 400;font-family: helvetica, arial, sans-serif\">S\u1eed d\u1ee5ng an to\u00e0n v\u00e0 ti\u1ebft ki\u1ec7m \u0111i\u1ec7n n\u0103ng<\/span><\/li>\n<li style=\"font-weight: 400\"><span style=\"font-weight: 400;font-family: helvetica, arial, sans-serif\">D\u1ec5 d\u00e0ng v\u1ec7 sinh b\u1ebfp s\u1ea1ch s\u1ebd sau m\u1ed7i l\u1ea7n s\u1eed d\u1ee5ng<\/span><\/li>\n<\/ul>\n","protected":false},"featured_media":38638,"comment_status":"open","ping_status":"closed","template":"","meta":[],"product_cat":[247,233],"product_tag":[],"_links":{"self":[{"href":"https:\/\/thucpham.com\/vinacom\/wp-json\/wp\/v2\/product\/10515"}],"collection":[{"href":"https:\/\/thucpham.com\/vinacom\/wp-json\/wp\/v2\/product"}],"about":[{"href":"https:\/\/thucpham.com\/vinacom\/wp-json\/wp\/v2\/types\/product"}],"replies":[{"embeddable":true,"href":"https:\/\/thucpham.com\/vinacom\/wp-json\/wp\/v2\/comments?post=10515"}],"wp:featuredmedia":[{"embeddable":true,"href":"https:\/\/thucpham.com\/vinacom\/wp-json\/wp\/v2\/media\/38638"}],"wp:attachment":[{"href":"https:\/\/thucpham.com\/vinacom\/wp-json\/wp\/v2\/media?parent=10515"}],"wp:term":[{"taxonomy":"product_cat","embeddable":true,"href":"https:\/\/thucpham.com\/vinacom\/wp-json\/wp\/v2\/product_cat?post=10515"},{"taxonomy":"product_tag","embeddable":true,"href":"https:\/\/thucpham.com\/vinacom\/wp-json\/wp\/v2\/product_tag?post=10515"}],"curies":[{"name":"wp","href":"https:\/\/api.w.org\/{rel}","templated":true}]}}