{"id":10461,"date":"2020-07-12T16:30:36","date_gmt":"2020-07-12T16:30:36","guid":{"rendered":"https:\/\/thucpham.com\/?post_type=product&#038;p=10461"},"modified":"2021-12-08T11:03:37","modified_gmt":"2021-12-08T04:03:37","slug":"noi-nau-pho-dien-80-lit-kingsun","status":"publish","type":"product","link":"https:\/\/thucpham.com\/vinacom\/noi-nau-pho-dien-80-lit-kingsun\/","title":{"rendered":"N\u1ed3i N\u1ea5u Ph\u1edf \u0110i\u1ec7n 80 Li\u0301t Kingsun"},"content":{"rendered":"<p style=\"text-align: justify\"><b><i>N\u1ed3i n\u1ea5u ph\u1edf \u0111i\u1ec7n 80 l\u00edt Kingsun<\/i><\/b> <span style=\"font-weight: 400\">c\u00f3 dung t\u00edch 80L n\u00ean ph\u00f9 h\u1ee3p v\u1edbi nhu c\u1ea7u ch\u1ebf bi\u1ebfn th\u1ef1c ph\u1ea9m \u1edf c\u00e1c qu\u00e1n \u0103n, nh\u00e0 h\u00e0ng\u2026 c\u00f3 quy m\u00f4 l\u1edbn. V\u1ec1 t\u1ed5ng th\u1ec3, chi\u1ebfc n\u1ed3i n\u1ea5u n\u00e0y \u0111\u01b0\u1ee3c l\u00e0m b\u1eb1ng ch\u1ea5t li\u1ec7u inox 304 r\u1ea5t b\u1ec1n, m\u1eb7t inox s\u00e1ng b\u00f3ng, d\u1ec5 d\u00e0ng v\u1ec7 sinh s\u1ea1ch s\u1ebd. N\u1ebfu s\u1eed d\u1ee5ng m\u1ed9t th\u1eddi gian d\u00e0i kh\u00f4ng h\u1ec1 x\u1ea3y ra t\u00ecnh tr\u1ea1ng r\u1ec9 s\u00e9t hay th\u00f4i nhi\u1ec5m kim lo\u1ea1i g\u00e2y \u1ea3nh h\u01b0\u1edfng \u0111\u1ebfn ch\u1ea5t l\u01b0\u1ee3ng th\u1ef1c ph\u1ea9m.&nbsp;<\/span><\/p>\n<p><img class=\"size-full wp-image-12016 aligncenter\" src=\"https:\/\/thucpham.com\/wp-content\/uploads\/2020\/07\/noi-nau-pho-dien-80-lit-kingsun-banner.jpg\" alt=\"noi-nau-pho-dien-80-lit-kingsun\" width=\"820\" height=\"656\" srcset=\"https:\/\/thucpham.com\/vinacom\/wp-content\/uploads\/2020\/07\/noi-nau-pho-dien-80-lit-kingsun-banner.jpg 820w, https:\/\/thucpham.com\/vinacom\/wp-content\/uploads\/2020\/07\/noi-nau-pho-dien-80-lit-kingsun-banner-300x240.jpg 300w, https:\/\/thucpham.com\/vinacom\/wp-content\/uploads\/2020\/07\/noi-nau-pho-dien-80-lit-kingsun-banner-768x614.jpg 768w, https:\/\/thucpham.com\/vinacom\/wp-content\/uploads\/2020\/07\/noi-nau-pho-dien-80-lit-kingsun-banner-24x19.jpg 24w, https:\/\/thucpham.com\/vinacom\/wp-content\/uploads\/2020\/07\/noi-nau-pho-dien-80-lit-kingsun-banner-36x29.jpg 36w, https:\/\/thucpham.com\/vinacom\/wp-content\/uploads\/2020\/07\/noi-nau-pho-dien-80-lit-kingsun-banner-48x38.jpg 48w, https:\/\/thucpham.com\/vinacom\/wp-content\/uploads\/2020\/07\/noi-nau-pho-dien-80-lit-kingsun-banner-510x408.jpg 510w\" sizes=\"(max-width: 820px) 100vw, 820px\" title=\"\"><\/p>\n<p style=\"text-align: center\"><em>Th\u00f4ng tin s\u1ea3n ph\u1ea9m n\u1ed3i n\u1ea5u ph\u1edf \u0111i\u1ec7n 80 l\u00edt Kingsun<\/em><\/p>\n<p style=\"text-align: justify\"><span style=\"font-weight: 400\">M\u1eb7t kh\u00e1c, th\u00e2n n\u1ed3i l\u00e0m b\u1eb1ng 2 l\u1edbp inox v\u00e0 \u1edf gi\u1eefa l\u00e0 l\u1edbp b\u00f4ng th\u1ee7y tinh chuy\u00ean d\u1ee5ng, gi\u00fap kh\u1ea3 n\u0103ng gi\u1eef nhi\u1ec7t l\u00e2u d\u00e0i \u0111\u1ed3ng th\u1eddi gi\u1ea3m s\u1ee9c n\u00f3ng truy\u1ec1n ra b\u00ean ngo\u00e0i, \u0111\u1ea3m b\u1ea3o an to\u00e0n cho ng\u01b0\u1eddi d\u00f9ng n\u1ebfu v\u00f4 t\u00ecnh ch\u1ea1m tay v\u00e0o. Ngo\u00e0i ra, s\u1ea3n ph\u1ea9m \u0111\u01b0\u1ee3c trang b\u1ecb 3 thanh nhi\u1ec7t ch\u1ea1y li\u00ean t\u1ee5c, gi\u00fap \u0111un s\u00f4i n\u01b0\u1edbc nhanh ch\u00f3ng, khi \u0111\u1ea1t \u0111\u1ebfn nhi\u1ec7t \u0111\u1ed9 chu\u1ea9n th\u00ec b\u1ed9 c\u1ea3m bi\u1ebfn th\u00f4ng minh b\u00ean trong n\u1ed3i s\u1ebd t\u1ef1 \u0111\u1ed9ng truy\u1ec1n l\u1ec7nh ng\u1eaft \u0111i\u1ec7n. C\u1ee9 th\u1ebf nhi\u1ec7t \u0111\u1ed9 b\u00ean trong n\u1ed3i s\u1ebd \u0111\u01b0\u1ee3c duy tr\u00ec \u1edf m\u1ee9c nhi\u1ec7t \u0111\u00e3 \u0111\u01b0\u1ee3c c\u00e0i \u0111\u1eb7t s\u1eb5n, \u0111\u1ea3m b\u1ea3o n\u1ed3i n\u01b0\u1edbc ninh x\u01b0\u01a1ng trong v\u1eaft, ng\u1ecdt n\u01b0\u1edbc. M\u1eb7c d\u00f9, <\/span><b><i>n\u1ed3i n\u1ea5u ph\u1edf \u0111i\u1ec7n 80 l\u00edt Kingsun<\/i><\/b><span style=\"font-weight: 400\"> c\u00f3 dung t\u00edch l\u1edbn nh\u01b0ng kh\u00f4ng h\u1ec1 chi\u1ebfm di\u1ec7n t\u00edch v\u00ec n\u00f3 \u0111\u01b0\u1ee3c thi\u1ebft k\u1ebf bo tr\u00f2n, g\u1ecdn nh\u1eb9, kh\u00f4ng c\u1ed3ng k\u1ec1nh. N\u1ed3i n\u1ea5u ph\u1edf b\u1eb1ng \u0111i\u1ec7n r\u1ea5t ti\u1ec7n l\u1ee3i, s\u1ea1ch s\u1ebd, v\u00e0 \u0111\u1eb7c bi\u1ec7t ti\u1ebft ki\u1ec7m chi ph\u00ed h\u01a1n so v\u1edbi d\u00f9ng gas hay d\u00f9ng than, c\u1ee7i.<\/span><\/p>\n","protected":false},"excerpt":{"rendered":"<ul>\n<li style=\"font-weight: 400\"><span style=\"font-weight: 400\">Ch\u1ea5t li\u1ec7u inox 304 cao c\u1ea5p, gi\u1eef nhi\u1ec7t t\u1ed1t<\/span><\/li>\n<li style=\"font-weight: 400\"><span style=\"font-weight: 400\">Dung t\u00edch l\u1edbn l\u00ean \u0111\u1ebfn 80L<\/span><\/li>\n<li style=\"font-weight: 400\"><span style=\"font-weight: 400\">L\u00f2ng n\u1ed3i g\u1ed3m 2 ph\u1ea7n: n\u1ed3i ninh x\u01b0\u01a1ng v\u00e0 n\u1ed3i tr\u1ea7n b\u00e1nh ph\u1edf<\/span><\/li>\n<li style=\"font-weight: 400\"><span style=\"font-weight: 400\">Trang b\u1ecb aptomat ch\u1ed1ng gi\u1eadt, an to\u00e0n cho ng\u01b0\u1eddi s\u1eed d\u1ee5ng<\/span><\/li>\n<li style=\"font-weight: 400\"><span style=\"font-weight: 400\">4 ch\u1ebf \u0111\u1ed9 n\u1ea5u: ninh \u1ee7, h\u1ea7m, lu\u1ed9c h\u1ea5p, \u0111un s\u00f4i nhanh<\/span><\/li>\n<\/ul>\n","protected":false},"featured_media":38499,"comment_status":"open","ping_status":"closed","template":"","meta":[],"product_cat":[232,467],"product_tag":[],"_links":{"self":[{"href":"https:\/\/thucpham.com\/vinacom\/wp-json\/wp\/v2\/product\/10461"}],"collection":[{"href":"https:\/\/thucpham.com\/vinacom\/wp-json\/wp\/v2\/product"}],"about":[{"href":"https:\/\/thucpham.com\/vinacom\/wp-json\/wp\/v2\/types\/product"}],"replies":[{"embeddable":true,"href":"https:\/\/thucpham.com\/vinacom\/wp-json\/wp\/v2\/comments?post=10461"}],"wp:featuredmedia":[{"embeddable":true,"href":"https:\/\/thucpham.com\/vinacom\/wp-json\/wp\/v2\/media\/38499"}],"wp:attachment":[{"href":"https:\/\/thucpham.com\/vinacom\/wp-json\/wp\/v2\/media?parent=10461"}],"wp:term":[{"taxonomy":"product_cat","embeddable":true,"href":"https:\/\/thucpham.com\/vinacom\/wp-json\/wp\/v2\/product_cat?post=10461"},{"taxonomy":"product_tag","embeddable":true,"href":"https:\/\/thucpham.com\/vinacom\/wp-json\/wp\/v2\/product_tag?post=10461"}],"curies":[{"name":"wp","href":"https:\/\/api.w.org\/{rel}","templated":true}]}}