{"id":10443,"date":"2020-07-12T15:02:20","date_gmt":"2020-07-12T15:02:20","guid":{"rendered":"https:\/\/thucpham.com\/?post_type=product&#038;p=10443"},"modified":"2024-03-13T08:45:36","modified_gmt":"2024-03-13T01:45:36","slug":"noi-nau-ham-xuong-tay-quay-dung-gas-berjaya","status":"publish","type":"product","link":"https:\/\/thucpham.com\/vinacom\/noi-nau-ham-xuong-tay-quay-dung-gas-berjaya\/","title":{"rendered":"N\u1ed3i N\u1ea5u H\u1ea7m X\u01b0\u01a1ng Tay Quay D\u00f9ng Gas Berjaya"},"content":{"rendered":"<p style=\"text-align: justify\"><span style=\"font-family: helvetica, arial, sans-serif\"><b><i>N\u1ed3i n\u1ea5u h\u1ea7m x\u01b0\u01a1ng tay quay d\u00f9ng gas Berjaya<\/i><\/b><span style=\"font-weight: 400\"> l\u00e0 s\u1ea3n ph\u1ea9m c\u1ee7a th\u01b0\u01a1ng hi\u1ec7u Berjaya n\u1ed5i ti\u1ebfng v\u1ec1 c\u00e1c thi\u1ebft b\u1ecb b\u1ebfp c\u00f4ng nghi\u1ec7p tr\u00ean th\u1ebf gi\u1edbi v\u00e0 \u0111\u01b0\u1ee3c d\u00f9ng ph\u1ed5 bi\u1ebfn \u1edf c\u00e1c nh\u00e0 h\u00e0ng, qu\u00e1n \u0103n hay kh\u00e1ch s\u1ea1n. \u0110\u00e2y l\u00e0 thi\u1ebft b\u1ecb chuy\u00ean d\u1ee5ng v\u00e0 kh\u00f4ng th\u1ec3 thi\u1ebfu \u0111\u1ec3 h\u1ea7m nh\u1eefng n\u1ed3i n\u01b0\u1edbc x\u01b0\u01a1ng ng\u1ecdt l\u1ecbm d\u00e0nh cho n\u1ea5u c\u00e1c m\u00f3n kho, m\u00f3n canh, n\u01b0\u1edbc ph\u1edf\u2026N\u1ed3i h\u1ea7m x\u01b0\u01a1ng \u0111\u01b0\u1ee3c thi\u1ebft k\u1ebf v\u1ecf ngo\u00e0i b\u1eb1ng ch\u1ea5t li\u1ec7u inox, s\u00e1ng b\u00f3ng, ch\u1eafc ch\u1eafn. Ch\u1ea5t li\u1ec7u inox c\u0169ng gi\u00fap cho ng\u01b0\u1eddi d\u00f9ng d\u1ec5 d\u00e0ng lau ch\u00f9i v\u00e0 v\u1ec7 sinh b\u1ebfp s\u1ea1ch s\u1ebd sau m\u1ed7i l\u1ea7n s\u1eed d\u1ee5ng.&nbsp;<\/span><\/span><\/p>\n<p><img class=\"size-full wp-image-12438 aligncenter\" src=\"https:\/\/thucpham.com\/wp-content\/uploads\/2020\/07\/noi-nau-ham-xuong-tay-quay-dung-gas-berjaya-tk43sw-banner.jpg\" alt=\"noi-nau-ham-xuong-tay-quay-dung-gas-berjaya-tk43sw\" width=\"820\" height=\"656\" srcset=\"https:\/\/thucpham.com\/vinacom\/wp-content\/uploads\/2020\/07\/noi-nau-ham-xuong-tay-quay-dung-gas-berjaya-tk43sw-banner.jpg 820w, https:\/\/thucpham.com\/vinacom\/wp-content\/uploads\/2020\/07\/noi-nau-ham-xuong-tay-quay-dung-gas-berjaya-tk43sw-banner-300x240.jpg 300w, https:\/\/thucpham.com\/vinacom\/wp-content\/uploads\/2020\/07\/noi-nau-ham-xuong-tay-quay-dung-gas-berjaya-tk43sw-banner-768x614.jpg 768w, https:\/\/thucpham.com\/vinacom\/wp-content\/uploads\/2020\/07\/noi-nau-ham-xuong-tay-quay-dung-gas-berjaya-tk43sw-banner-24x19.jpg 24w, https:\/\/thucpham.com\/vinacom\/wp-content\/uploads\/2020\/07\/noi-nau-ham-xuong-tay-quay-dung-gas-berjaya-tk43sw-banner-36x29.jpg 36w, https:\/\/thucpham.com\/vinacom\/wp-content\/uploads\/2020\/07\/noi-nau-ham-xuong-tay-quay-dung-gas-berjaya-tk43sw-banner-48x38.jpg 48w, https:\/\/thucpham.com\/vinacom\/wp-content\/uploads\/2020\/07\/noi-nau-ham-xuong-tay-quay-dung-gas-berjaya-tk43sw-banner-510x408.jpg 510w\" sizes=\"(max-width: 820px) 100vw, 820px\" title=\"\"><\/p>\n<p style=\"text-align: center\"><span style=\"font-family: helvetica, arial, sans-serif\"><em>Th\u00f4ng tin s\u1ea3n ph\u1ea9m n\u1ed3i n\u1ea5u h\u1ea7m x\u01b0\u01a1ng tay quay d\u00f9ng gas Berjaya<\/em><\/span><\/p>\n<p style=\"text-align: justify\"><span style=\"font-family: helvetica, arial, sans-serif\"><span style=\"font-weight: 400\">Thi\u1ebft k\u1ebf c\u1ee7a <\/span><b><i>n\u1ed3i n\u1ea5u h\u1ea7m x\u01b0\u01a1ng tay quay d\u00f9ng gas Berjaya <\/i><\/b><span style=\"font-weight: 400\">kh\u00e1 \u0111\u1eb7c bi\u1ec7t khi m\u00e0 ch\u1ea3o h\u1ea7m \u0111\u01b0\u1ee3c g\u1eafn ch\u1eafc v\u00e0o khung s\u01b0\u1eddn gi\u00fap n\u1ed3i c\u00f3 th\u1ec3 \u0111\u1ee9ng c\u00e1ch m\u1eb7t \u0111\u1ea5t m\u1ed9t kho\u1ea3ng l\u1edbn, t\u1ea1o \u0111i\u1ec1u ki\u1ec7n thu\u1eadn l\u1ee3i cho nhi\u1ec7t l\u01b0\u1ee3ng lan t\u1ecfa v\u1edbi c\u00f4ng su\u1ea5t l\u1edbn, cho kh\u1ea3 n\u0103ng n\u1ea5u ch\u00edn th\u1ee9c \u0103n m\u1ed9t c\u00e1ch nhanh ch\u00f3ng. S\u1ea3n ph\u1ea9m \u0111\u01b0\u1ee3c trang b\u1ecb l\u1edbp c\u00e1ch nhi\u1ec7t r\u1ea5t t\u1ed1t n\u00ean gi\u00fap b\u1ea1n ti\u1ebft ki\u1ec7m gas trong qu\u00e1 tr\u00ecnh n\u1ea5u. Th\u00eam v\u00e0o \u0111\u00f3, tay c\u1ea7m c\u00f3 tr\u00e1ng l\u1edbp phenolic c\u00f3 kh\u1ea3 n\u0103ng c\u00e1ch \u0111i\u1ec7n hi\u1ec7u qu\u1ea3, \u0111\u1ea3m b\u1ea3o an to\u00e0n cho ng\u01b0\u1eddi s\u1eed d\u1ee5ng. M\u1eb7t kh\u00e1c,&nbsp; thi\u1ebft b\u1ecb c\u00f3 th\u1ec3 xoay quanh tr\u1ee5c c\u1ed1 \u0111\u1ecbnh, c\u00f3 c\u1ea7n \u0111i\u1ec1u khi\u1ec3n xoay chi\u1ec1u, cho ph\u00e9p b\u1ea1n xoay n\u1ed3i theo h\u01b0\u1edbng c\u00f3 nhu c\u1ea7u \u0111\u1ed3ng th\u1eddi c\u0169ng tr\u00fat n\u01b0\u1edbc d\u00f9ng hay \u0111\u1ed3 \u0103n nhanh ch\u00f3ng m\u00e0 kh\u00f4ng t\u1ed1n qu\u00e1 nhi\u1ec1u c\u00f4ng s\u1ee9c.<\/span><\/span><\/p>\n","protected":false},"excerpt":{"rendered":"<ul>\n<li style=\"font-weight: 400\"><span style=\"font-weight: 400;font-family: helvetica, arial, sans-serif\">Trang b\u1ecb l\u1edbp c\u00e1ch nhi\u1ec7t t\u1ed1t, gi\u00fap ti\u1ebft ki\u1ec7m gas\u00a0<\/span><\/li>\n<li style=\"font-weight: 400\"><span style=\"font-weight: 400;font-family: helvetica, arial, sans-serif\">Thi\u1ebft k\u1ebf ch\u1ea3o b\u1eb1ng inox ch\u1ed1ng g\u1ec9, d\u1ec5 d\u00e0ng v\u1ec7 sinh<\/span><\/li>\n<li style=\"font-weight: 400\"><span style=\"font-weight: 400;font-family: helvetica, arial, sans-serif\">B\u1ed9 \u0111\u1ed1t c\u00f3 th\u1ec3 \u0111i\u1ec1u ch\u1ec9nh nhi\u1ec1u ch\u1ebf \u0111\u1ed9 n\u1ea5u \u0111a d\u1ea1ng<\/span><\/li>\n<li style=\"font-weight: 400\"><span style=\"font-weight: 400;font-family: helvetica, arial, sans-serif\">C\u00f3 tay quay \u0111\u1ec3 nghi\u00eang n\u1ed3i\u00a0<\/span><\/li>\n<li style=\"font-weight: 400\"><span style=\"font-weight: 400;font-family: helvetica, arial, sans-serif\">C\u00f4ng su\u1ea5t l\u1edbn gi\u00fap ninh h\u1ea7m nhanh ch\u00f3ng<\/span><\/li>\n<li style=\"font-weight: 400\"><span style=\"font-weight: 400;font-family: helvetica, arial, sans-serif\">\u0110\u1ea3m b\u1ea3o an to\u00e0n tuy\u1ec7t \u0111\u1ed1i cho ng\u01b0\u1eddi d\u00f9ng<\/span><\/li>\n<\/ul>\n","protected":false},"featured_media":38485,"comment_status":"open","ping_status":"closed","template":"","meta":[],"product_cat":[232,467],"product_tag":[],"_links":{"self":[{"href":"https:\/\/thucpham.com\/vinacom\/wp-json\/wp\/v2\/product\/10443"}],"collection":[{"href":"https:\/\/thucpham.com\/vinacom\/wp-json\/wp\/v2\/product"}],"about":[{"href":"https:\/\/thucpham.com\/vinacom\/wp-json\/wp\/v2\/types\/product"}],"replies":[{"embeddable":true,"href":"https:\/\/thucpham.com\/vinacom\/wp-json\/wp\/v2\/comments?post=10443"}],"wp:featuredmedia":[{"embeddable":true,"href":"https:\/\/thucpham.com\/vinacom\/wp-json\/wp\/v2\/media\/38485"}],"wp:attachment":[{"href":"https:\/\/thucpham.com\/vinacom\/wp-json\/wp\/v2\/media?parent=10443"}],"wp:term":[{"taxonomy":"product_cat","embeddable":true,"href":"https:\/\/thucpham.com\/vinacom\/wp-json\/wp\/v2\/product_cat?post=10443"},{"taxonomy":"product_tag","embeddable":true,"href":"https:\/\/thucpham.com\/vinacom\/wp-json\/wp\/v2\/product_tag?post=10443"}],"curies":[{"name":"wp","href":"https:\/\/api.w.org\/{rel}","templated":true}]}}