{"id":10399,"date":"2020-07-12T13:58:18","date_gmt":"2020-07-12T13:58:18","guid":{"rendered":"https:\/\/thucpham.com\/?post_type=product&#038;p=10399"},"modified":"2021-12-08T11:14:26","modified_gmt":"2021-12-08T04:14:26","slug":"noi-ham-tay-quay-dung-gas-hwashin-hsd-200e","status":"publish","type":"product","link":"https:\/\/thucpham.com\/vinacom\/noi-ham-tay-quay-dung-gas-hwashin-hsd-200e\/","title":{"rendered":"N\u1ed3i H\u1ea7m Tay Quay D\u00f9ng Gas Hwashin HSD-200E"},"content":{"rendered":"<p style=\"text-align: justify\"><span style=\"font-family: helvetica, arial, sans-serif\"><span style=\"font-weight: 400\">B\u1ea1n \u0111ang chu\u1ea9n b\u1ecb m\u1edf c\u1eeda h\u00e0ng ph\u1edf, b\u00fan chuy\u00ean nghi\u1ec7p hay m\u1ed9t nh\u00e0 h\u00e0ng v\u00e0 mu\u1ed1n t\u00ecm hi\u1ec3u v\u1ec1 d\u00f2ng n\u1ed3i n\u1ea5u n\u01b0\u1edbc d\u00f9ng c\u00f4ng nghi\u1ec7p. H\u00e3y tham kh\u1ea3o ngay d\u00f2ng s\u1ea3n ph\u1ea9m <\/span><b><i>n\u1ed3i <\/i><\/b><b><i>h\u1ea7m tay quay d\u00f9ng gas Hwashin HSD-200E<\/i><\/b><span style=\"font-weight: 400\"> \u0111\u01b0\u1ee3c nh\u1eadp kh\u1ea9u nguy\u00ean \u0111ai nguy\u00ean ki\u1ec7n t\u1eeb H\u00e0n Qu\u1ed1c. V\u1edbi chi\u1ebfc n\u1ed3i n\u00e0y, b\u1ea1n s\u1ebd kh\u00f4ng c\u00f2n t\u1ed1n th\u1eddi gian v\u00e0 c\u00f4ng s\u1ee9c \u0111\u1ec3 n\u1ea5u n\u01b0\u1edbc d\u00f9ng n\u1eefa. S\u1ea3n ph\u1ea9m c\u00f3 k\u00edch th\u01b0\u1edbc <\/span><span style=\"font-weight: 400\">1450 x 940 x 900 mm v\u00f4 c\u00f9ng g\u1ecdn g\u00e0ng, b\u1ec1 ngo\u00e0i s\u00e1ng b\u00f3ng, sang tr\u1ecdng v\u1edbi nhi\u1ec1u t\u00ednh n\u0103ng th\u00f4ng minh. Ngo\u00e0i ch\u1ee9c n\u0103ng \u0111\u1ec3 ninh n\u1ea5u, b\u1ea1n c\u00f2n c\u00f3 th\u1ec3 s\u1eed d\u1ee5ng <\/span><span style=\"font-weight: 400\">HSD-200E \u0111\u1ec3 l\u00e0m c\u00e1c m\u00f3n chi\u00ean, x\u00e0o hay n\u1ea5u s\u00fap. Th\u00eam v\u00e0o \u0111\u00f3, <\/span><span style=\"font-weight: 400\">b\u1ea1n d\u1ec5 d\u00e0ng \u0111\u1ed5i sang s\u1eed d\u1ee5ng \u0111i\u1ec7n n\u0103ng n\u1ebfu trong tr\u01b0\u1eddng h\u1ee3p thi\u1ebft b\u1ecb h\u1ebft gas, t\u0103ng \u0111\u1ed9 ti\u1ec7n d\u1ee5ng cho ng\u01b0\u1eddi d\u00f9ng.<\/span><\/span><\/p>\n<p><img class=\"size-full wp-image-12242 aligncenter\" src=\"https:\/\/thucpham.com\/wp-content\/uploads\/2020\/07\/noi-ham-tay-quay-dung-gas-hwashin-hsd-200e-banner.jpg\" alt=\"noi-ham-tay-quay-dung-gas-hwashin-hsd-200e\" width=\"820\" height=\"656\" srcset=\"https:\/\/thucpham.com\/vinacom\/wp-content\/uploads\/2020\/07\/noi-ham-tay-quay-dung-gas-hwashin-hsd-200e-banner.jpg 820w, https:\/\/thucpham.com\/vinacom\/wp-content\/uploads\/2020\/07\/noi-ham-tay-quay-dung-gas-hwashin-hsd-200e-banner-300x240.jpg 300w, https:\/\/thucpham.com\/vinacom\/wp-content\/uploads\/2020\/07\/noi-ham-tay-quay-dung-gas-hwashin-hsd-200e-banner-768x614.jpg 768w, https:\/\/thucpham.com\/vinacom\/wp-content\/uploads\/2020\/07\/noi-ham-tay-quay-dung-gas-hwashin-hsd-200e-banner-24x19.jpg 24w, https:\/\/thucpham.com\/vinacom\/wp-content\/uploads\/2020\/07\/noi-ham-tay-quay-dung-gas-hwashin-hsd-200e-banner-36x29.jpg 36w, https:\/\/thucpham.com\/vinacom\/wp-content\/uploads\/2020\/07\/noi-ham-tay-quay-dung-gas-hwashin-hsd-200e-banner-48x38.jpg 48w, https:\/\/thucpham.com\/vinacom\/wp-content\/uploads\/2020\/07\/noi-ham-tay-quay-dung-gas-hwashin-hsd-200e-banner-510x408.jpg 510w\" sizes=\"(max-width: 820px) 100vw, 820px\" title=\"\"><\/p>\n<p style=\"text-align: center\"><em>Th\u00f4ng tin s\u1ea3n ph\u1ea9m <span style=\"font-family: helvetica, arial, sans-serif\">n\u1ed3i h\u1ea7m tay quay d\u00f9ng gas Hwashin HSD-200E<\/span><\/em><\/p>\n<p style=\"text-align: justify\"><span style=\"font-family: helvetica, arial, sans-serif\"><span style=\"font-weight: 400\">Ngo\u00e0i ra, nhi\u1ec7t k\u1ebf t\u00edch h\u1ee3p \u0111\u01b0\u1ee3c t\u1ef1 \u0111\u1ed9ng c\u00e0i \u0111\u1eb7t \u0111\u1ec3 ki\u1ec3m tra nhi\u1ec7t \u0111\u1ed9 hi\u1ec7n t\u1ea1i m\u00e0 kh\u00f4ng c\u1ea7n d\u00f9ng \u0111\u1ebfn nhi\u1ec7t k\u1ebf ri\u00eang khi n\u1ea5u chi\u00ean.<\/span><b><i> N\u1ed3i <\/i><\/b><b><i>h\u1ea7m tay quay d\u00f9ng gas Hwashin HSD-200E <\/i><\/b><span style=\"font-weight: 400\">c\u00f2n c\u00f3 th\u1ec3 <\/span><span style=\"font-weight: 400\">xoay quanh tr\u1ee5c c\u1ed1 \u0111\u1ecbnh, c\u00f3 c\u1ea7n \u0111i\u1ec1u khi\u1ec3n xoay chi\u1ec1u, cho ph\u00e9p xoay n\u1ed3i b\u1ea5t c\u1ee9 h\u01b0\u1edbng n\u00e0o theo \u00fd mu\u1ed1n.T\u1eeb \u0111\u00f3, h\u1ed7 tr\u1ee3 b\u1ea1n tr\u00fat n\u01b0\u1edbc d\u00f9ng ho\u1eb7c \u0111\u1ed3 \u0103n m\u1ed9t c\u00e1ch nhanh ch\u00f3ng, v\u1eeba an to\u00e0n v\u1eeba kh\u00f4ng t\u1ed1n c\u00f4ng s\u1ee9c.&nbsp;<\/span><\/span><\/p>\n<p style=\"text-align: justify\"><span style=\"font-weight: 400;font-family: helvetica, arial, sans-serif\">Qu\u00fd kh\u00e1ch c\u00f3 nhu c\u1ea7u mua n\u1ed3i h\u1ea7m x\u01b0\u01a1ng tay quay ch\u00ednh h\u00e3ng, gi\u00e1 r\u1ebb, uy t\u00edn, xin vui l\u00f2ng li\u00ean h\u1ec7 v\u1edbi ThucPham.com nh\u00e9.<\/span><\/p>\n","protected":false},"excerpt":{"rendered":"<ul>\n<li style=\"font-weight: 400;text-align: justify\"><span style=\"font-weight: 400;font-family: helvetica, arial, sans-serif\">Ho\u1ea1t \u0111\u1ed9ng v\u1edbi c\u00f4ng su\u1ea5t LPG(Kwh): 49.8 v\u00e0 LNG(Kw\/h): 38.3<\/span><\/li>\n<li style=\"font-weight: 400;text-align: justify\"><span style=\"font-weight: 400;font-family: helvetica, arial, sans-serif\">Ti\u1ec7n l\u1ee3i b\u1eb1ng c\u00e1ch \u0111\u00e1nh l\u1eeda t\u1ef1 \u0111\u1ed9ng<\/span><\/li>\n<li style=\"font-weight: 400;text-align: justify\"><span style=\"font-weight: 400;font-family: helvetica, arial, sans-serif\">C\u00e0i \u0111\u1eb7t th\u1eddi gian t\u1ef1 \u0111\u1ed9ng<\/span><\/li>\n<li style=\"font-weight: 400;text-align: justify\"><span style=\"font-weight: 400;font-family: helvetica, arial, sans-serif\">An to\u00e0n khi s\u1eed d\u1ee5ng<\/span><\/li>\n<li style=\"font-weight: 400;text-align: justify\"><span style=\"font-weight: 400;font-family: helvetica, arial, sans-serif\">Nhi\u1ec7t l\u01b0\u1ee3ng t\u1ecfa ra l\u1edbn gi\u00fap n\u1ea5u \u0103n nhanh ch\u00f3ng<\/span><\/li>\n<\/ul>\n","protected":false},"featured_media":38527,"comment_status":"open","ping_status":"closed","template":"","meta":[],"product_cat":[232,467],"product_tag":[],"_links":{"self":[{"href":"https:\/\/thucpham.com\/vinacom\/wp-json\/wp\/v2\/product\/10399"}],"collection":[{"href":"https:\/\/thucpham.com\/vinacom\/wp-json\/wp\/v2\/product"}],"about":[{"href":"https:\/\/thucpham.com\/vinacom\/wp-json\/wp\/v2\/types\/product"}],"replies":[{"embeddable":true,"href":"https:\/\/thucpham.com\/vinacom\/wp-json\/wp\/v2\/comments?post=10399"}],"wp:featuredmedia":[{"embeddable":true,"href":"https:\/\/thucpham.com\/vinacom\/wp-json\/wp\/v2\/media\/38527"}],"wp:attachment":[{"href":"https:\/\/thucpham.com\/vinacom\/wp-json\/wp\/v2\/media?parent=10399"}],"wp:term":[{"taxonomy":"product_cat","embeddable":true,"href":"https:\/\/thucpham.com\/vinacom\/wp-json\/wp\/v2\/product_cat?post=10399"},{"taxonomy":"product_tag","embeddable":true,"href":"https:\/\/thucpham.com\/vinacom\/wp-json\/wp\/v2\/product_tag?post=10399"}],"curies":[{"name":"wp","href":"https:\/\/api.w.org\/{rel}","templated":true}]}}