{"id":10389,"date":"2020-07-12T13:50:13","date_gmt":"2020-07-12T06:50:13","guid":{"rendered":"https:\/\/thucpham.com\/?post_type=product&#038;p=10389"},"modified":"2023-12-19T13:39:30","modified_gmt":"2023-12-19T06:39:30","slug":"may-xay-thit-berjaya-bjy-mm22-s-bjy-mm22-s-60","status":"publish","type":"product","link":"https:\/\/thucpham.com\/vinacom\/may-xay-thit-berjaya-bjy-mm22-s-bjy-mm22-s-60\/","title":{"rendered":"M\u00e1y Xay Th\u1ecbt Berjaya BJY-MM22\/S \/ BJY-MM22\/S-60"},"content":{"rendered":"<p style=\"text-align: justify\"><b><i>M\u00e1y xay th\u1ecbt <\/i><\/b><b><i>Berjaya&nbsp; BJY-MM22\/S \/ BJY-MM22\/S-60<\/i><\/b><span style=\"font-weight: 400\"> c\u00f3 c\u00f4ng su\u1ea5t 220kg\/h, <\/span><span style=\"font-weight: 400\">phu\u0300 h\u01a1\u0323p trong ca\u0301c b\u00ea\u0301p nha\u0300 ha\u0300ng, kh\u00e1ch s\u1ea1n, b\u00ea\u0301p \u0103n t\u00e2\u0323p th\u00ea\u0309, qu\u00e1n \u0103n &#8230;.. c\u00e2\u0300n l\u01b0\u01a1\u0323ng thi\u0323t xay l\u01a1\u0301n \u0111\u00ea\u0309 ch\u00ea\u0301 bi\u00ea\u0301n c\u00e1c mo\u0301n \u0103n. M\u00e1y xay th\u1ecbt Berjaya gi\u00fap ch\u1ebf bi\u1ebfn c\u00e1c m\u00f3n \u0103n t\u1eeb th\u1ecbt xay nh\u01b0 pate, x\u00fac x\u00edch, gi\u00f2 ch\u1ea3 \u0111\u01b0\u1ee3c ngon h\u01a1n v\u00e0 vi\u1ec7c s\u1edf h\u1eefu s\u1ea3n ph\u1ea9m n\u00e0y s\u1ebd gi\u00fap gi\u1ea3m \u0111\u00e1ng k\u1ec3 chi ph\u00ed thu\u00ea nh\u00e2n c\u00f4ng.&nbsp;<\/span><\/p>\n<p><img class=\"size-full wp-image-12045 aligncenter\" src=\"https:\/\/thucpham.com\/wp-content\/uploads\/2020\/07\/may-xay-thit-berjaya-banner.jpg\" alt=\"may-xay-thit-berjaya\" width=\"820\" height=\"656\" srcset=\"https:\/\/thucpham.com\/vinacom\/wp-content\/uploads\/2020\/07\/may-xay-thit-berjaya-banner.jpg 820w, https:\/\/thucpham.com\/vinacom\/wp-content\/uploads\/2020\/07\/may-xay-thit-berjaya-banner-300x240.jpg 300w, https:\/\/thucpham.com\/vinacom\/wp-content\/uploads\/2020\/07\/may-xay-thit-berjaya-banner-768x614.jpg 768w, https:\/\/thucpham.com\/vinacom\/wp-content\/uploads\/2020\/07\/may-xay-thit-berjaya-banner-24x19.jpg 24w, https:\/\/thucpham.com\/vinacom\/wp-content\/uploads\/2020\/07\/may-xay-thit-berjaya-banner-36x29.jpg 36w, https:\/\/thucpham.com\/vinacom\/wp-content\/uploads\/2020\/07\/may-xay-thit-berjaya-banner-48x38.jpg 48w, https:\/\/thucpham.com\/vinacom\/wp-content\/uploads\/2020\/07\/may-xay-thit-berjaya-banner-510x408.jpg 510w\" sizes=\"(max-width: 820px) 100vw, 820px\" title=\"\"><\/p>\n<p style=\"text-align: center\"><em>Th\u00f4ng tin s\u1ea3n ph\u1ea9m m\u00e1y xay th\u1ecbt Berjaya&nbsp; BJY-MM22\/S \/ BJY-MM22\/S-60<\/em><\/p>\n<p style=\"text-align: justify\"><span style=\"font-weight: 400\">Thi\u1ebft k\u1ebf v\u1ebb ngo\u00e0i sang tr\u1ecdng, s\u00e1ng b\u00f3ng, tinh t\u1ebf v\u1edbi ph\u1ea7n th\u00e2n m\u00e1y l\u00e0m b\u1eb1ng th\u00e9p kh\u00f4ng g\u1ec9. <\/span><span style=\"font-weight: 400\">Ch\u1ea5t li\u1ec7u n\u00e0y c\u00f3 \u0111\u1eb7c t\u00ednh ch\u1ed1ng m\u00e0i m\u00f2n, ch\u1ed1ng g\u1ec9 t\u1ed1t, v\u00e0 \u0111\u1eb7c bi\u1ec7t kh<\/span><span style=\"font-weight: 400\">\u00f3 bi\u1ebfn d\u1ea1ng ngay c\u1ea3 khi b\u1ecb va \u0111\u1eadp m\u1ea1nh. Ngo\u00e0i ra, b\u1ed9 ph\u1eadn l\u01b0\u1ee1i dao xay, khay \u0111\u1ef1ng \u0111\u1ec1u \u0111\u01b0\u1ee3c k\u1ebft c\u1ea5u b\u1eb1ng inox, kh\u00f4ng b\u00e1m b\u1ee5i b\u1ea9n, b\u1ec1n b\u1ec9, v\u00e0 d\u1ec5 lau ch\u00f9i.&nbsp; Tr\u00ean th\u00e2n m\u00e1y \u0111\u01b0\u1ee3c b\u1ed1 tr\u00ed n\u00fat b\u1eadt\/t\u1eaft d\u1ec5 s\u1eed d\u1ee5ng v\u00e0 d\u1ec5 quan s\u00e1t. B\u00ean c\u1ea1nh \u0111\u00f3, <\/span><b><i>m\u00e1y xay th\u1ecbt <\/i><\/b><b><i>Berjaya&nbsp; BJY-MM22\/S \/ BJY-MM22\/S-60<\/i><\/b> <span style=\"font-weight: 400\">c\u0169ng \u0111\u01b0\u1ee3c trang b\u1ecb m\u1ed9t c\u1ea7n g\u1ea1t \u1edf h\u1ecdng xay cho ph\u00e9p b\u1ea1n \u0111i\u1ec1u ch\u1ec9nh v\u1eadn t\u1ed1c xay v\u00e0 \u0111\u1ed9 nhuy\u1ec5n c\u1ee7a th\u1ecbt m\u1ed9t c\u00e1ch thu\u1eadn ti\u1ec7n v\u00e0 \u0111\u01a1n gi\u1ea3n.<\/span><\/p>\n","protected":false},"excerpt":{"rendered":"<ul>\n<li style=\"font-weight: 400\"><span style=\"font-weight: 400\">Th\u00e2n m\u00e1y l\u00e0m b\u1eb1ng th\u00e9p kh\u00f4ng g\u1ec9, cao c\u1ea5p<\/span><\/li>\n<li style=\"font-weight: 400\"><span style=\"font-weight: 400\">C\u00e0i \u0111\u1eb7t ch\u1ebf \u0111\u1ed9 xay d\u1ec5 d\u00e0ng, s\u1eed d\u1ee5ng \u0111\u01a1n gi\u1ea3n<\/span><\/li>\n<li style=\"font-weight: 400\"><span style=\"font-weight: 400\">Thi\u1ebft k\u1ebf \u0111\u1eb9p m\u1eaft, ch\u1eafc ch\u1eafn<\/span><\/li>\n<li style=\"font-weight: 400\"><span style=\"font-weight: 400\">Kh\u1ea3 n\u0103ng ki\u1ec3m so\u00e1t nhi\u1ec7t \u0111\u1ed9 tuy\u1ec7t v\u1eddi<\/span><\/li>\n<li style=\"font-weight: 400\"><span style=\"font-weight: 400\">\u0110\u1ed9ng c\u01a1 xay th\u1ecbt nhuy\u1ec5n m\u1ecbn<\/span><\/li>\n<\/ul>\n","protected":false},"featured_media":38453,"comment_status":"open","ping_status":"closed","template":"","meta":[],"product_cat":[231,256],"product_tag":[],"_links":{"self":[{"href":"https:\/\/thucpham.com\/vinacom\/wp-json\/wp\/v2\/product\/10389"}],"collection":[{"href":"https:\/\/thucpham.com\/vinacom\/wp-json\/wp\/v2\/product"}],"about":[{"href":"https:\/\/thucpham.com\/vinacom\/wp-json\/wp\/v2\/types\/product"}],"replies":[{"embeddable":true,"href":"https:\/\/thucpham.com\/vinacom\/wp-json\/wp\/v2\/comments?post=10389"}],"wp:featuredmedia":[{"embeddable":true,"href":"https:\/\/thucpham.com\/vinacom\/wp-json\/wp\/v2\/media\/38453"}],"wp:attachment":[{"href":"https:\/\/thucpham.com\/vinacom\/wp-json\/wp\/v2\/media?parent=10389"}],"wp:term":[{"taxonomy":"product_cat","embeddable":true,"href":"https:\/\/thucpham.com\/vinacom\/wp-json\/wp\/v2\/product_cat?post=10389"},{"taxonomy":"product_tag","embeddable":true,"href":"https:\/\/thucpham.com\/vinacom\/wp-json\/wp\/v2\/product_tag?post=10389"}],"curies":[{"name":"wp","href":"https:\/\/api.w.org\/{rel}","templated":true}]}}