{"id":10380,"date":"2020-07-12T13:39:58","date_gmt":"2020-07-12T13:39:58","guid":{"rendered":"https:\/\/thucpham.com\/?post_type=product&#038;p=10380"},"modified":"2021-12-08T10:32:50","modified_gmt":"2021-12-08T03:32:50","slug":"may-xay-thit-cong-nghiep-sirman-tc-22e","status":"publish","type":"product","link":"https:\/\/thucpham.com\/vinacom\/may-xay-thit-cong-nghiep-sirman-tc-22e\/","title":{"rendered":"M\u00e1y Xay Th\u1ecbt C\u00f4ng Nghi\u1ec7p Sirman TC 22E"},"content":{"rendered":"<p style=\"text-align: justify\"><b><i>M\u00e1y xay th\u1ecbt c\u00f4ng nghi\u1ec7p Sirman TC 22E<\/i><\/b><span style=\"font-weight: 400\"> \u0111\u01b0\u1ee3c nh\u1eadp kh\u1ea9u nguy\u00ean \u0111ai nguy\u00ean ki\u1ec7n t\u1eeb nh\u00e0 s\u1ea3n xu\u1ea5t Sirman, Italy.&nbsp; M\u00e1y c\u00f3 thi\u1ebft k\u1ebf \u0111\u01a1n gi\u1ea3n, g\u1ecdn nh\u1eb9, nh\u01b0ng <\/span><span style=\"font-weight: 400\">&nbsp;n\u0103ng su\u1ea5t l\u00ean t\u1edbi 200kg\/h, ph\u00f9 h\u1ee3p cho c\u00e1c b\u1ebfp \u0103n t\u1eadp th\u1ec3 hay b\u1ebfp nh\u00e0 h\u00e0ng c\u1ea7n l\u01b0\u1ee3ng th\u1ecbt xay l\u1edbn \u0111\u1ec3 ch\u1ebf bi\u1ebfn. To\u00e0n b\u1ed9 c\u1ea5u t\u1ea1o c\u1ee7a m\u00e1y \u0111\u1ec1u \u0111\u01b0\u1ee3c s\u1ea3n xu\u1ea5t b\u1eb1ng ch\u1ea5t li\u1ec7u inox cao c\u1ea5p, c\u1ee9ng ch\u1eafc, c\u00f3 \u0111\u1ed9 s\u00e1ng b\u00f3ng cao v\u00e0 d\u1ec5 v\u1ec7 sinh. Ch\u1ea5t li\u1ec7u inox c\u0169ng h\u1ea1n ch\u1ebf sinh ra c\u00e1c g\u1ec9 s\u1eaft khi s\u1eed d\u1ee5ng l\u00e2u d\u00e0i n\u00ean an to\u00e0n cho ng\u01b0\u1eddi d\u00f9ng.&nbsp;<\/span><\/p>\n<p><img class=\"size-full wp-image-12076 aligncenter\" src=\"https:\/\/thucpham.com\/wp-content\/uploads\/2020\/07\/may-xay-thit-cong-nghiep-sirman-tc-22e-banner.jpg\" alt=\"may-xay-thit-cong-nghiep-sirman-tc-22e\" width=\"820\" height=\"656\" srcset=\"https:\/\/thucpham.com\/vinacom\/wp-content\/uploads\/2020\/07\/may-xay-thit-cong-nghiep-sirman-tc-22e-banner.jpg 820w, https:\/\/thucpham.com\/vinacom\/wp-content\/uploads\/2020\/07\/may-xay-thit-cong-nghiep-sirman-tc-22e-banner-300x240.jpg 300w, https:\/\/thucpham.com\/vinacom\/wp-content\/uploads\/2020\/07\/may-xay-thit-cong-nghiep-sirman-tc-22e-banner-768x614.jpg 768w, https:\/\/thucpham.com\/vinacom\/wp-content\/uploads\/2020\/07\/may-xay-thit-cong-nghiep-sirman-tc-22e-banner-24x19.jpg 24w, https:\/\/thucpham.com\/vinacom\/wp-content\/uploads\/2020\/07\/may-xay-thit-cong-nghiep-sirman-tc-22e-banner-36x29.jpg 36w, https:\/\/thucpham.com\/vinacom\/wp-content\/uploads\/2020\/07\/may-xay-thit-cong-nghiep-sirman-tc-22e-banner-48x38.jpg 48w, https:\/\/thucpham.com\/vinacom\/wp-content\/uploads\/2020\/07\/may-xay-thit-cong-nghiep-sirman-tc-22e-banner-510x408.jpg 510w\" sizes=\"(max-width: 820px) 100vw, 820px\" title=\"\"><\/p>\n<p style=\"text-align: center\"><em>Th\u00f4ng tin s\u1ea3n ph\u1ea9m m\u00e1y xay th\u1ecbt c\u00f4ng nghi\u1ec7p Sirman TC 22E<\/em><\/p>\n<p style=\"text-align: justify\"><span style=\"font-weight: 400\">B\u00ean c\u1ea1nh \u0111\u00f3,&nbsp; l\u01b0\u1ee1i dao b\u1eb1ng th\u00e9p s\u1eafc b\u00e9n, c\u00f3 kh\u1ea3 n\u0103ng xay nhanh ch\u00f3ng, \u0111\u00f9n th\u1ecbt n\u1ea1c v\u00e0 m\u1ee1 ch\u1ec9 trong th\u1eddi gian r\u1ea5t ng\u1eafn. M\u00f4 t\u01a1 <\/span><span style=\"font-weight: 400\">Sirman TC 22E c\u00f3 th\u1ec3<\/span><span style=\"font-weight: 400\"> ho\u1ea1t \u0111\u1ed9ng li\u00ean t\u1ee5c m\u00e0 kh\u00f4ng b\u1ecb n\u00f3ng m\u00e1y hay x\u1ea3y ra l\u1ed7i n\u00e0o b\u1edfi v\u00ec m\u00e1y c\u00f3 qu\u1ea1t t\u1ea3n nhi\u1ec7t th\u00f4ng minh. V\u00ec v\u1eady, <\/span><b><i>m\u00e1y <\/i><\/b><b><i>xay th\u1ecbt c\u00f4ng nghi\u1ec7p Sirman TC 22E <\/i><\/b><span style=\"font-weight: 400\">c\u00f3 th\u1ec3 \u0111\u00e1p \u1ee9ng c\u00f4ng su\u1ea5t xay l\u1edbn nh\u1ea5t m\u00e0 kh\u00f4ng g\u00e2y h\u1ecfng h\u00f3c nh\u01b0 nhi\u1ec1u lo\u1ea1i m\u00e1y kh\u00e1c.M\u1eb7t kh\u00e1c, c\u00e1c b\u1ed9 ph\u1eadn chi ti\u1ebft c\u1ee7a m\u00e1y d\u1ec5 d\u00e0ng c\u00f3 th\u1ec3 th\u00e1o r\u1eddi \u0111\u1ec3 lau ch\u00f9i, c\u1ecd r\u1eeda, \u0111\u1ea3m b\u1ea3o an to\u00e0n th\u1ef1c ph\u1ea9m cho ng\u01b0\u1eddi s\u1eed d\u1ee5ng.&nbsp;<\/span><\/p>\n","protected":false},"excerpt":{"rendered":"<ul>\n<li style=\"font-weight: 400\"><span style=\"font-weight: 400\">L\u01b0\u1ee1i dao b\u1eb1ng th\u00e9p s\u1eafc b\u00e9n, xay th\u1ecbt nhanh ch\u00f3ng<\/span><\/li>\n<li style=\"font-weight: 400\"><span style=\"font-weight: 400\">C\u00e1c b\u1ed9 ph\u1eadn d\u1ec5 d\u00e0ng th\u00e1o r\u1eddi \u0111\u1ec3 v\u1ec7 sinh<\/span><\/li>\n<li style=\"font-weight: 400\"><span style=\"font-weight: 400\">Th\u00e2n m\u00e1y \u0111\u01b0\u1ee3c ph\u1ee7 l\u1edbp nh\u1ef1a \u0111\u1eb7c bi\u1ec7t<\/span><\/li>\n<li style=\"font-weight: 400\"><span style=\"font-weight: 400\">Thi\u1ebft k\u1ebf hi\u1ec7n \u0111\u1ea1i, nh\u1ecf g\u1ecdn, ch\u1eafc ch\u1eafn<\/span><\/li>\n<li style=\"font-weight: 400\"><span style=\"font-weight: 400\">S\u1ea3n l\u01b0\u1ee3ng l\u00ean \u0111\u1ebfn\u00a0 200 kg th\u1ecbt m\u1ed7i gi\u1edd<\/span><\/li>\n<\/ul>\n","protected":false},"featured_media":38465,"comment_status":"open","ping_status":"closed","template":"","meta":[],"product_cat":[231,256],"product_tag":[],"_links":{"self":[{"href":"https:\/\/thucpham.com\/vinacom\/wp-json\/wp\/v2\/product\/10380"}],"collection":[{"href":"https:\/\/thucpham.com\/vinacom\/wp-json\/wp\/v2\/product"}],"about":[{"href":"https:\/\/thucpham.com\/vinacom\/wp-json\/wp\/v2\/types\/product"}],"replies":[{"embeddable":true,"href":"https:\/\/thucpham.com\/vinacom\/wp-json\/wp\/v2\/comments?post=10380"}],"wp:featuredmedia":[{"embeddable":true,"href":"https:\/\/thucpham.com\/vinacom\/wp-json\/wp\/v2\/media\/38465"}],"wp:attachment":[{"href":"https:\/\/thucpham.com\/vinacom\/wp-json\/wp\/v2\/media?parent=10380"}],"wp:term":[{"taxonomy":"product_cat","embeddable":true,"href":"https:\/\/thucpham.com\/vinacom\/wp-json\/wp\/v2\/product_cat?post=10380"},{"taxonomy":"product_tag","embeddable":true,"href":"https:\/\/thucpham.com\/vinacom\/wp-json\/wp\/v2\/product_tag?post=10380"}],"curies":[{"name":"wp","href":"https:\/\/api.w.org\/{rel}","templated":true}]}}