{"id":10373,"date":"2020-07-12T13:29:42","date_gmt":"2020-07-12T06:29:42","guid":{"rendered":"https:\/\/thucpham.com\/?post_type=product&#038;p=10373"},"modified":"2021-12-08T10:35:21","modified_gmt":"2021-12-08T03:35:21","slug":"may-tron-thit-kingsun-ks-bx70a","status":"publish","type":"product","link":"https:\/\/thucpham.com\/vinacom\/may-tron-thit-kingsun-ks-bx70a\/","title":{"rendered":"M\u00e1y Tr\u1ed9n Th\u1ecbt Kingsun KS-BX70A"},"content":{"rendered":"<p style=\"text-align: justify\"><span style=\"font-family: helvetica, arial, sans-serif\"><span style=\"font-weight: 400\">\u0110\u1ec3 l\u00e0m ra c\u00e1c lo\u1ea1i th\u1ef1c ph\u1ea9m nh\u01b0 gi\u00f2, x\u00fac x\u00edch, ch\u1ea3&#8230;\u0111\u1ec1u c\u1ea7n&nbsp; ph\u1ea3i l\u01b0\u1ee3ng l\u1edbn th\u1ecbt \u0111\u01b0\u1ee3c xay tr\u1ed9n \u0111\u1ec1u. Tuy nhi\u00ean, \u0111\u1ec3 tr\u1ed9n m\u1ed9t l\u01b0\u1ee3ng th\u1ecbt xay l\u1edbn b\u1eb1ng ph\u01b0\u01a1ng ph\u00e1p th\u1ee7 c\u00f4ng th\u00ec c\u1ea7n nhi\u1ec1u nh\u00e2n c\u00f4ng c\u0169ng nh\u01b0 th\u1eddi gian. Hi\u1ec3u \u0111\u01b0\u1ee3c v\u1ea5n \u0111\u1ec1 \u0111\u00f3, ThucPham.com xin gi\u1edbi thi\u1ec7u t\u1edbi c\u00e1c kh\u00e1ch h\u00e0ng s\u1ea3n ph\u1ea9m <\/span><b><i>m\u00e1y tr\u1ed9n th\u1ecbt Kingsun KS-BX70A<\/i><\/b><span style=\"font-weight: 400\"> gi\u00fap ch\u1ea5t l\u01b0\u1ee3ng th\u1ecbt tr\u1ed9n \u0111\u1ed3ng \u0111\u1ec1u v\u00e0 nhanh ch\u00f3ng. \u0110\u1ed9ng c\u01a1 c\u1ee7a m\u00e1y \u0111\u01b0\u1ee3c l\u00e0m b\u1eb1ng ch\u1ea5t li\u1ec7u d\u00e2y \u0111\u1ed3ng 100%, ho\u1ea1t \u0111\u1ed9ng c\u00f4ng su\u1ea5t cao m\u00e0 v\u1eabn \u0111\u1ea3m b\u1ea3o thi\u1ebft b\u1ecb ch\u1ea1y \u00eam \u00e1i, \u1ed5n \u0111\u1ecbnh v\u00e0 kh\u00f4ng g\u00e2y ti\u1ebfng \u1ed3n l\u00e0m \u1ea3nh h\u01b0\u1edfng kh\u00f4ng gian xung quanh.<\/span><\/span><\/p>\n<p><img class=\"size-full wp-image-12215 aligncenter\" src=\"https:\/\/thucpham.com\/wp-content\/uploads\/2020\/07\/may-tron-thit-kingsun-ks-bx70a-banner.jpg\" alt=\"may-tron-thit-kingsun-ks-bx70a\" width=\"820\" height=\"656\" srcset=\"https:\/\/thucpham.com\/vinacom\/wp-content\/uploads\/2020\/07\/may-tron-thit-kingsun-ks-bx70a-banner.jpg 820w, https:\/\/thucpham.com\/vinacom\/wp-content\/uploads\/2020\/07\/may-tron-thit-kingsun-ks-bx70a-banner-300x240.jpg 300w, https:\/\/thucpham.com\/vinacom\/wp-content\/uploads\/2020\/07\/may-tron-thit-kingsun-ks-bx70a-banner-768x614.jpg 768w, https:\/\/thucpham.com\/vinacom\/wp-content\/uploads\/2020\/07\/may-tron-thit-kingsun-ks-bx70a-banner-24x19.jpg 24w, https:\/\/thucpham.com\/vinacom\/wp-content\/uploads\/2020\/07\/may-tron-thit-kingsun-ks-bx70a-banner-36x29.jpg 36w, https:\/\/thucpham.com\/vinacom\/wp-content\/uploads\/2020\/07\/may-tron-thit-kingsun-ks-bx70a-banner-48x38.jpg 48w, https:\/\/thucpham.com\/vinacom\/wp-content\/uploads\/2020\/07\/may-tron-thit-kingsun-ks-bx70a-banner-510x408.jpg 510w\" sizes=\"(max-width: 820px) 100vw, 820px\" title=\"\"><\/p>\n<p style=\"text-align: center\"><em>Th\u00f4ng tin s\u1ea3n ph\u1ea9m <span style=\"font-family: helvetica, arial, sans-serif\">m\u00e1y tr\u1ed9n th\u1ecbt Kingsun KS-BX70A<\/span><\/em><\/p>\n<p style=\"text-align: justify\"><span style=\"font-family: helvetica, arial, sans-serif\"><span style=\"font-weight: 400\">Ngo\u00e0i ra, c\u00e1c b\u1ed9 ph\u1eadn quan tr\u1ecdng c\u1ee7a s\u1ea3n ph\u1ea9m nh\u01b0 th\u00e2n m\u00e1y, bowl \u0111\u1ef1ng th\u1ecbt \u0111\u1ec1u \u0111\u01b0\u1ee3c l\u00e0m b\u1eb1ng ch\u1ea5t li\u1ec7u inox kh\u00f4ng g\u1ec9 ch\u1ea5t l\u01b0\u1ee3ng cao, kh\u00f4ng b\u00e1m b\u1ee5i b\u1ea9n, d\u1ec5 lau ch\u00f9i v\u00e0 \u0111\u1eb7c bi\u1ec7t kh\u00f4ng s\u1ea3n sinh ch\u1ea5t \u0111\u1ed9c h\u1ea1i trong b\u1ea5t k\u1ef3 m\u00f4i tr\u01b0\u1eddng n\u00e0o. B\u00ean c\u1ea1nh \u0111\u00f3, ch\u1ebf \u0111\u1ed9 t\u1ef1 \u0111\u1ed9ng tr\u1ed9n \u0111\u1ea3o ng\u01b0\u1ee3c 2 chi\u1ec1u \u0111\u1ea3m b\u1ea3o cho ch\u1ea5t l\u01b0\u1ee3ng th\u1ecbt tr\u1ed9n \u0111\u1ec1u, gia v\u1ecb ng\u1ea5m \u0111\u1ed3ng \u0111\u1ec1u, \u0111\u1ea3m b\u1ea3o ch\u1ea5t l\u01b0\u1ee3ng tr\u1ed9n th\u1ecbt ho\u00e0n h\u1ea3o.<\/span><b><i> M\u00e1y tr\u1ed9n th\u1ecbt Kingsun KS-BX70A<\/i><\/b><span style=\"font-weight: 400\"> \u0111\u01b0\u1ee3c trang b\u1ecb s\u1eb5n h\u1ec7 th\u1ed1ng n\u00fat \u0111i\u1ec1u khi\u1ec3n ngay tr\u00ean m\u1eb7t tr\u01b0\u1edbc c\u1ee7a th\u00e2n m\u00e1y, gi\u00fap b\u1ea1n \u0111i\u1ec1u ch\u1ec9nh c\u00e1c ch\u1ebf \u0111\u1ed9 tr\u1ed9n th\u1ecbt d\u1ec5 d\u00e0ng h\u01a1n. S\u1ea3n ph\u1ea9m c\u0169ng \u0111\u01b0\u1ee3c l\u1eafp \u0111\u1eb7t h\u1ec7 th\u1ed1ng ch\u00e2n \u0111\u1ee1 v\u00e0 b\u00e1nh xe ch\u1ecbu l\u1ef1c ch\u1eafc ch\u1eafn cho ph\u00e9p di chuy\u1ec3n chi\u1ebfc m\u00e1y m\u1ed9t c\u00e1ch d\u1ec5 d\u00e0ng \u0111\u1ebfn b\u1ea5t k\u00ec v\u1ecb tr\u00ed n\u00e0o mong mu\u1ed1n.<\/span><\/span><\/p>\n","protected":false},"excerpt":{"rendered":"<ul>\n<li style=\"font-weight: 400\"><span style=\"font-weight: 400;font-family: helvetica, arial, sans-serif\">Thi\u1ebft k\u1ebf b\u1eb1ng inox kh\u00f4ng g\u1ec9, s\u00e1ng b\u00f3ng, an to\u00e0n v\u1ec7 sinh th\u1ef1c ph\u1ea9m<\/span><\/li>\n<li style=\"font-weight: 400\"><span style=\"font-weight: 400;font-family: helvetica, arial, sans-serif\">Trang b\u1ecb b\u00e1nh xe ch\u1ecbu l\u1ef1c cho ph\u00e9p di chuy\u1ec3n d\u1ec5 d\u00e0ng<\/span><\/li>\n<li style=\"font-weight: 400\"><span style=\"font-weight: 400;font-family: helvetica, arial, sans-serif\">V\u1eadn h\u00e0nh \u1ed5n \u0111\u1ecbnh, \u00eam \u00e1i, kh\u00f4ng g\u00e2y ti\u1ebfng \u1ed3n<\/span><\/li>\n<li style=\"font-weight: 400\"><span style=\"font-weight: 400;font-family: helvetica, arial, sans-serif\">\u0110i\u1ec1u ch\u1ec9nh d\u1ec5 d\u00e0ng c\u00e1c ch\u1ebf \u0111\u1ed9 b\u1eb1ng b\u1ea3ng \u0111i\u1ec1u khi\u1ec3n th\u00f4ng minh<\/span><\/li>\n<li style=\"font-weight: 400\"><span style=\"font-weight: 400;font-family: helvetica, arial, sans-serif\">Tr\u1ed9n \u0111\u1ea3o \u0111\u01b0\u1ee3c 2 chi\u1ec1u cho ch\u1ea5t l\u01b0\u1ee3ng th\u1ecbt tr\u1ed9n \u0111\u1ec1u h\u01a1n<\/span><\/li>\n<li style=\"font-weight: 400\"><span style=\"font-weight: 400;font-family: helvetica, arial, sans-serif\">\u0110\u1ed9ng c\u01a1 m\u1ea1nh m\u1ebd v\u1edbi ch\u1ea5t li\u1ec7u d\u00e2y \u0111\u1ed3ng 100%<\/span><\/li>\n<\/ul>\n","protected":false},"featured_media":38433,"comment_status":"open","ping_status":"closed","template":"","meta":[],"product_cat":[230,256],"product_tag":[],"_links":{"self":[{"href":"https:\/\/thucpham.com\/vinacom\/wp-json\/wp\/v2\/product\/10373"}],"collection":[{"href":"https:\/\/thucpham.com\/vinacom\/wp-json\/wp\/v2\/product"}],"about":[{"href":"https:\/\/thucpham.com\/vinacom\/wp-json\/wp\/v2\/types\/product"}],"replies":[{"embeddable":true,"href":"https:\/\/thucpham.com\/vinacom\/wp-json\/wp\/v2\/comments?post=10373"}],"wp:featuredmedia":[{"embeddable":true,"href":"https:\/\/thucpham.com\/vinacom\/wp-json\/wp\/v2\/media\/38433"}],"wp:attachment":[{"href":"https:\/\/thucpham.com\/vinacom\/wp-json\/wp\/v2\/media?parent=10373"}],"wp:term":[{"taxonomy":"product_cat","embeddable":true,"href":"https:\/\/thucpham.com\/vinacom\/wp-json\/wp\/v2\/product_cat?post=10373"},{"taxonomy":"product_tag","embeddable":true,"href":"https:\/\/thucpham.com\/vinacom\/wp-json\/wp\/v2\/product_tag?post=10373"}],"curies":[{"name":"wp","href":"https:\/\/api.w.org\/{rel}","templated":true}]}}