{"id":10361,"date":"2020-07-12T13:16:24","date_gmt":"2020-07-12T13:16:24","guid":{"rendered":"https:\/\/thucpham.com\/?post_type=product&#038;p=10361"},"modified":"2021-12-08T10:01:17","modified_gmt":"2021-12-08T03:01:17","slug":"may-xay-cafe-mdj-nouva-simonelli","status":"publish","type":"product","link":"https:\/\/thucpham.com\/vinacom\/may-xay-cafe-mdj-nouva-simonelli\/","title":{"rendered":"M\u00e1y Xay Cafe MDJ Nouva Simonelli"},"content":{"rendered":"<p style=\"text-align: justify\"><span style=\"font-family: helvetica, arial, sans-serif\"><span style=\"font-weight: 400\">Tr\u00ean th\u1ecb tr\u01b0\u1eddng c\u00f3 v\u00f4 v\u00e0n c\u00e1c lo\u1ea1i m\u00e1y xay cafe v\u1edbi m\u1eabu m\u00e3 \u0111a d\u1ea1ng nh\u01b0ng \u0111\u1ec3 t\u00ecm ki\u1ebfm \u0111\u01b0\u1ee3c m\u1ed9t chi\u1ebfc m\u00e1y v\u1eeba \u00fd kh\u00f4ng ph\u1ea3i l\u00e0 \u0111i\u1ec1u d\u1ec5 d\u00e0ng. Th\u00f4ng th\u01b0\u1eddng m\u1ed9t s\u1ed1 m\u00e1y xay cafe lu\u00f4n t\u1ea1o ra ti\u1ebfng \u1ed3n khi v\u1eadn h\u00e0nh khi\u1ebfn cho b\u1ea1n c\u1ea3m th\u1ea5y kh\u00f3 ch\u1ecbu, phi\u1ec1n to\u00e1i. \u0110\u01b0\u1ee3c thi\u1ebft k\u1ebf hi\u1ec7n \u0111\u1ea1i, hi\u1ec7u su\u1ea5t cao, \u0111\u1ed9ng c\u01a1 ho\u1ea1t \u0111\u1ed9ng m\u1ea1nh m\u1ebd, \u0111\u1eb7c bi\u1ec7t v\u1eadn h\u00e0nh v\u00f4 c\u00f9ng \u00eam \u00e1i, kh\u00f4ng g\u00e2y ti\u1ebfng \u1ed3n l\u1edbn, <\/span><span style=\"font-weight: 400\">ch\u1eafc ch\u1eafn <\/span><b><i>m\u00e1y xay cafe MDJ Nouva Simonelli<\/i><\/b><span style=\"font-weight: 400\"> s\u1ebd \u0111\u00e1p \u1ee9ng \u0111\u1ee7 nh\u1eefng k\u1ef3 v\u1ecdng c\u1ee7a b\u1ea1n.&nbsp;<\/span><\/span><\/p>\n<p><img class=\"size-full wp-image-12175 aligncenter\" src=\"https:\/\/thucpham.com\/wp-content\/uploads\/2020\/07\/may-xay-cafe-mdj-nouva-simonelli-banner.jpg\" alt=\"may-xay-cafe-mdj-nouva-simonelli\" width=\"820\" height=\"656\" srcset=\"https:\/\/thucpham.com\/vinacom\/wp-content\/uploads\/2020\/07\/may-xay-cafe-mdj-nouva-simonelli-banner.jpg 820w, https:\/\/thucpham.com\/vinacom\/wp-content\/uploads\/2020\/07\/may-xay-cafe-mdj-nouva-simonelli-banner-300x240.jpg 300w, https:\/\/thucpham.com\/vinacom\/wp-content\/uploads\/2020\/07\/may-xay-cafe-mdj-nouva-simonelli-banner-768x614.jpg 768w, https:\/\/thucpham.com\/vinacom\/wp-content\/uploads\/2020\/07\/may-xay-cafe-mdj-nouva-simonelli-banner-24x19.jpg 24w, https:\/\/thucpham.com\/vinacom\/wp-content\/uploads\/2020\/07\/may-xay-cafe-mdj-nouva-simonelli-banner-36x29.jpg 36w, https:\/\/thucpham.com\/vinacom\/wp-content\/uploads\/2020\/07\/may-xay-cafe-mdj-nouva-simonelli-banner-48x38.jpg 48w, https:\/\/thucpham.com\/vinacom\/wp-content\/uploads\/2020\/07\/may-xay-cafe-mdj-nouva-simonelli-banner-510x408.jpg 510w\" sizes=\"(max-width: 820px) 100vw, 820px\" title=\"\"><\/p>\n<p style=\"text-align: center\"><em>Th\u00f4ng tin s\u1ea3n ph\u1ea9m <span style=\"font-family: helvetica, arial, sans-serif\">m\u00e1y xay cafe MDJ Nouva Simonelli<\/span><\/em><\/p>\n<p style=\"text-align: justify\"><span style=\"font-family: helvetica, arial, sans-serif\"><span style=\"font-weight: 400\">Th\u00e2n m\u00e1y \u0111\u01b0\u1ee3c l\u00e0m t\u1eeb ch\u1ea5t li\u1ec7u th\u00e9p kh\u00f4ng g\u1ec9 c\u00f3 ph\u1ee7 s\u01a1n, \u0111\u1ea3m b\u1ea3o m\u00e1y ho\u1ea1t \u0111\u1ed9ng b\u1ec1n b\u1ec9 theo n\u0103m th\u00e1ng m\u00e0 kh\u00f4ng lo \u1ea3nh h\u01b0\u1edfng b\u1edfi c\u00e1c t\u00e1c \u0111\u1ed9ng b\u00ean ngo\u00e0i. C\u00e1c b\u1ed9 ph\u1eadn c\u01a1 h\u1ecdc b\u00ean trong c\u1ee7a thi\u1ebft b\u1ecb \u0111\u01b0\u1ee3c b\u1ed1 tr\u00ed v\u00e0 s\u1eafp x\u1ebfp theo ki\u1ec3u m\u1edbi k\u1ebft h\u1ee3p v\u1edbi c\u00e1ch ly \u0111\u1ed9ng c\u01a1 b\u1eb1ng b\u1ed9 gi\u1ea3m x\u00f3c \u0111\u1eb7c bi\u1ec7t n\u00ean m\u00e1y h\u1ea1n ch\u1ebf \u0111\u01b0\u1ee3c ti\u1ebfng \u1ed3n t\u1ed1i \u0111a trong khi v\u1eadn h\u00e0nh, gi\u1ea3m s\u1ef1 \u1ed3n \u00e0o kh\u00f3 ch\u1ecbu khi xay cafe. B\u00ean c\u1ea1nh \u0111\u00f3, <\/span><b><i>m\u00e1y xay cafe MDJ Nouva Simonelli <\/i><\/b><span style=\"font-weight: 400\">c\u00f2n <\/span><span style=\"font-weight: 400\">c\u00f3 th\u1ec3 \u0111i\u1ec1u ch\u1ec9nh \u0111\u1ed9 m\u1ecbn c\u1ee7a cafe t\u1edbi micromet, cho ph\u00e9p b\u1ea1n c\u00f3 th\u1ec3 xay c\u00e0 ph\u00ea ch\u00ednh x\u00e1c theo nhu c\u1ea7u kh\u00e1c nhau. H\u1ed9c ch\u1ee9a cafe m\u1edf r\u1ed9ng \u0111\u01b0\u1ee3c b\u1ed1 tr\u00ed thanh g\u1ea1t \u0111\u1ec3 \u0111i\u1ec1u ch\u1ec9nh l\u01b0\u1ee3ng b\u1ed9t cafe chi\u1ebft xu\u1ea5t, gi\u00fap b\u1ea1n d\u1ec5 d\u00e0ng \u0111i\u1ec1u ch\u1ec9nh v\u00e0 l\u1ea5y \u0111\u01b0\u1ee3c \u0111\u00fang l\u01b0\u1ee3ng cafe mong mu\u1ed1n. V\u1edbi l\u01b0\u1ee1i xay s\u1eafc b\u00e9n v\u00e0 h\u1ec7 th\u1ed1ng c\u00f4ng su\u1ea5t m\u1ea1nh m\u1ebd, <\/span><\/span><span style=\"font-weight: 400\"><span style=\"font-family: helvetica, arial, sans-serif\">m\u00e1y xay cafe MDJ c\u00f3 th\u1ec3 xay 10kg cafe m\u1ed7i gi\u1edd, \u0111\u00e1p \u1ee9ng \u0111\u1ea7y \u0111\u1ee7 nhu c\u1ea7u cho b\u1ea5t c\u1ee9 nh\u00e0 h\u00e0ng, kh\u00e1ch s\u1ea1n hay qu\u00e1n cafe chuy\u00ean nghi\u1ec7p n\u00e0o.<\/span> <\/span><\/p>\n","protected":false},"excerpt":{"rendered":"<ul>\n<li style=\"font-weight: 400\"><span style=\"font-weight: 400\">V\u1eadn h\u00e0nh \u00eam \u00e1i, kh\u00f4ng g\u00e2y ti\u1ebfng \u1ed3n<\/span><\/li>\n<li style=\"font-weight: 400\"><span style=\"font-weight: 400\">Th\u00e2n m\u00e1y \u0111\u01b0\u1ee3c l\u00e0m t\u1eeb ch\u1ea5t li\u1ec7u th\u00e9p kh\u00f4ng g\u1ec9<\/span><\/li>\n<li style=\"font-weight: 400\"><span style=\"font-weight: 400\">\u0110i\u1ec1u ch\u1ec9nh \u0111\u1ed9 m\u1ecbn c\u1ee7a c\u00e0 ph\u00ea t\u1edbi micromet<\/span><\/li>\n<li style=\"font-weight: 400\"><span style=\"font-weight: 400\">L\u01b0\u1ee1i xay cao c\u1ea5p, s\u1eafc b\u00e9n<\/span><\/li>\n<li style=\"font-weight: 400\"><span style=\"font-weight: 400\">Hi\u1ec7u su\u1ea5t m\u1ea1nh m\u1ebd, \u0111\u1ed9 \u1ed5n \u0111\u1ecbnh cao<\/span><\/li>\n<\/ul>\n","protected":false},"featured_media":38421,"comment_status":"open","ping_status":"closed","template":"","meta":[],"product_cat":[229,248],"product_tag":[],"_links":{"self":[{"href":"https:\/\/thucpham.com\/vinacom\/wp-json\/wp\/v2\/product\/10361"}],"collection":[{"href":"https:\/\/thucpham.com\/vinacom\/wp-json\/wp\/v2\/product"}],"about":[{"href":"https:\/\/thucpham.com\/vinacom\/wp-json\/wp\/v2\/types\/product"}],"replies":[{"embeddable":true,"href":"https:\/\/thucpham.com\/vinacom\/wp-json\/wp\/v2\/comments?post=10361"}],"wp:featuredmedia":[{"embeddable":true,"href":"https:\/\/thucpham.com\/vinacom\/wp-json\/wp\/v2\/media\/38421"}],"wp:attachment":[{"href":"https:\/\/thucpham.com\/vinacom\/wp-json\/wp\/v2\/media?parent=10361"}],"wp:term":[{"taxonomy":"product_cat","embeddable":true,"href":"https:\/\/thucpham.com\/vinacom\/wp-json\/wp\/v2\/product_cat?post=10361"},{"taxonomy":"product_tag","embeddable":true,"href":"https:\/\/thucpham.com\/vinacom\/wp-json\/wp\/v2\/product_tag?post=10361"}],"curies":[{"name":"wp","href":"https:\/\/api.w.org\/{rel}","templated":true}]}}