{"id":10352,"date":"2020-07-11T23:09:38","date_gmt":"2020-07-11T23:09:38","guid":{"rendered":"https:\/\/thucpham.com\/?post_type=product&#038;p=10352"},"modified":"2021-12-08T09:37:48","modified_gmt":"2021-12-08T02:37:48","slug":"may-xay-cafe-mdx-nouva-simonelli","status":"publish","type":"product","link":"https:\/\/thucpham.com\/vinacom\/may-xay-cafe-mdx-nouva-simonelli\/","title":{"rendered":"M\u00e1y Xay Cafe MDX Nouva Simonelli"},"content":{"rendered":"<p style=\"text-align: justify\"><span style=\"font-family: helvetica, arial, sans-serif\"><b><i>M\u00e1y xay cafe MDX Nouva Simonelli<\/i><\/b><span style=\"font-weight: 400\"> ho\u1ea1t \u0111\u1ed9ng c\u00f4ng su\u1ea5t m\u1ea1nh m\u1ebd <\/span><span style=\"font-weight: 400\">9kg\/h, <\/span><span style=\"font-weight: 400\">ph\u00f9 h\u1ee3p s\u1eed d\u1ee5ng cho c\u1ea3 c\u00e1c h\u1ed9 gia \u0111\u00ecnh v\u00e0 c\u00e1c qu\u00e1n cafe, l\u00e0 <\/span><span style=\"font-weight: 400\">gi\u1ea3i ph\u00e1p chuy\u00ean nghi\u1ec7p cho hi\u1ec7u qu\u1ea3 t\u1ed1i \u01b0u \u0111\u1ed3ng th\u1eddi gi\u00fap ti\u1ebft ki\u1ec7m chi ph\u00ed. \u0110i k\u00e8m m\u00e1y xay cafe l\u00e0 m\u1ed9t lo\u1ea1t c\u00e1c n\u00fat \u0111i\u1ec1u ch\u1ec9nh c\u1ee1 xay kh\u00e1c nhau, cho ph\u00e9p b\u1ea1n c\u00f3 th\u1ec3 nghi\u1ec1n cafe \u1edf c\u00e1c m\u1ee9c \u0111\u1ed9 m\u1ecbn kh\u00e1c nhau. V\u1edbi t\u00ednh n\u0103ng n\u00e0y, b\u1ea1n s\u1ebd lu\u00f4n t\u1ea1o ra \u0111\u01b0\u1ee3c nh\u1eefng t\u00e1ch cafe espresso ho\u00e0n h\u1ea3o, th\u01a1m ngon, chu\u1ea9n v\u1ecb m\u1ed7i ng\u00e0y.<\/span><\/span><\/p>\n<p><img class=\"size-full wp-image-12191 aligncenter\" src=\"https:\/\/thucpham.com\/wp-content\/uploads\/2020\/07\/may-xay-cafe-mdx-nouva-simonelli-banner.jpg\" alt=\"may-xay-cafe-mdx-nouva-simonelli\" width=\"820\" height=\"656\" srcset=\"https:\/\/thucpham.com\/vinacom\/wp-content\/uploads\/2020\/07\/may-xay-cafe-mdx-nouva-simonelli-banner.jpg 820w, https:\/\/thucpham.com\/vinacom\/wp-content\/uploads\/2020\/07\/may-xay-cafe-mdx-nouva-simonelli-banner-300x240.jpg 300w, https:\/\/thucpham.com\/vinacom\/wp-content\/uploads\/2020\/07\/may-xay-cafe-mdx-nouva-simonelli-banner-768x614.jpg 768w, https:\/\/thucpham.com\/vinacom\/wp-content\/uploads\/2020\/07\/may-xay-cafe-mdx-nouva-simonelli-banner-24x19.jpg 24w, https:\/\/thucpham.com\/vinacom\/wp-content\/uploads\/2020\/07\/may-xay-cafe-mdx-nouva-simonelli-banner-36x29.jpg 36w, https:\/\/thucpham.com\/vinacom\/wp-content\/uploads\/2020\/07\/may-xay-cafe-mdx-nouva-simonelli-banner-48x38.jpg 48w, https:\/\/thucpham.com\/vinacom\/wp-content\/uploads\/2020\/07\/may-xay-cafe-mdx-nouva-simonelli-banner-510x408.jpg 510w\" sizes=\"(max-width: 820px) 100vw, 820px\" title=\"\"><\/p>\n<p style=\"text-align: center\"><em>Th\u00f4ng tin s\u1ea3n ph\u1ea9m <span style=\"font-family: helvetica, arial, sans-serif\">m\u00e1y xay cafe MDX Nouva Simonell <\/span><\/em><\/p>\n<p style=\"text-align: justify\"><span style=\"font-family: helvetica, arial, sans-serif\"><span style=\"font-weight: 400\">L\u01b0\u1ee1i xay c\u1ee7a <\/span><b><i>m\u00e1y xay cafe MDX Nouva Simonell<\/i><\/b> <span style=\"font-weight: 400\">\u0111\u01b0\u1ee3c l\u00e0m b\u1eb1ng th\u00e9p kh\u00f4ng g\u1ec9, s\u1eafc b\u00e9n, v\u00e0 xoay v\u00f2ng \u1edf t\u1ed1c \u0111\u1ed9 th\u1ea5p t\u1eeb \u0111\u00f3 cho k\u00edch th\u01b0\u1edbc h\u1ea1t cafe th\u00e0nh ph\u1ea9m \u0111\u1ed3ng \u0111\u1ec1u, c\u00f3 \u0111\u1ed9 m\u1ecbn cao. Ngo\u00e0i ra, h\u1ec7 th\u1ed1ng d\u00e2y d\u1eabn \u0111i\u1ec7n c\u1ee7a thi\u1ebft b\u1ecb c\u00f3 l\u1edbp b\u1ecdc cao su hai l\u1edbp theo ti\u00eau chu\u1ea9n an to\u00e0n \u0111i\u1ec7n Ch\u00e2u \u00c2u, h\u1ea1n ch\u1ebf kh\u1ea3 n\u0103ng m\u00e0i m\u00f2n, \u0111\u1ea3m b\u1ea3o an to\u00e0n khi s\u1eed d\u1ee5ng. \u0110\u1ed9ng c\u01a1 c\u1ee7a m\u00e1y xay cafe c\u00f3 t\u00ednh \u1ed5n \u0111\u1ecbnh r\u1ea5t cao, v\u1eadn h\u00e0nh \u00eam \u00e1i, kh\u00f4ng g\u00e2y ti\u1ebfng \u1ed3n l\u1edbn l\u00e0m \u1ea3nh h\u01b0\u1edfng \u0111\u1ebfn kh\u00f4ng gian xung quanh.<\/span><\/span><\/p>\n","protected":false},"excerpt":{"rendered":"<ul>\n<li style=\"font-weight: 400\"><span style=\"font-weight: 400;font-family: helvetica, arial, sans-serif\">Tr\u1ef1c ti\u1ebfp nh\u1eadp kh\u1ea9u t\u1eeb nh\u00e0 m\u00e1y s\u1ea3n xu\u1ea5t<\/span><\/li>\n<li style=\"font-weight: 400\"><span style=\"font-weight: 400;font-family: helvetica, arial, sans-serif\">\u0110\u1ed9 b\u1ec1n v\u00e0 t\u00ednh \u1ed5n \u0111\u1ecbnh cao<\/span><\/li>\n<li style=\"font-weight: 400\"><span style=\"font-weight: 400;font-family: helvetica, arial, sans-serif\">B\u1ed9t cafe th\u00e0nh ph\u1ea9m \u0111\u1ed3ng \u0111\u1ec1u v\u1ec1 \u0111\u1ed9 m\u1ecbn<\/span><\/li>\n<li style=\"font-weight: 400\"><span style=\"font-weight: 400;font-family: helvetica, arial, sans-serif\">Th\u00e2n l\u00e0m b\u1eb1ng nh\u00f4m \u0111\u00fac \u0111\u01b0\u1ee3c s\u01a1n t\u0129nh \u0111i\u1ec7n<\/span><\/li>\n<li style=\"font-weight: 400\"><span style=\"font-weight: 400;font-family: helvetica, arial, sans-serif\">L\u01b0\u1ee1i xay b\u1eb1ng ch\u1ea5t li\u1ec7u th\u00e9p kh\u00f4ng g\u1ec9 cao c\u1ea5p<\/span><\/li>\n<\/ul>\n","protected":false},"featured_media":38391,"comment_status":"open","ping_status":"closed","template":"","meta":[],"product_cat":[229,248],"product_tag":[],"_links":{"self":[{"href":"https:\/\/thucpham.com\/vinacom\/wp-json\/wp\/v2\/product\/10352"}],"collection":[{"href":"https:\/\/thucpham.com\/vinacom\/wp-json\/wp\/v2\/product"}],"about":[{"href":"https:\/\/thucpham.com\/vinacom\/wp-json\/wp\/v2\/types\/product"}],"replies":[{"embeddable":true,"href":"https:\/\/thucpham.com\/vinacom\/wp-json\/wp\/v2\/comments?post=10352"}],"wp:featuredmedia":[{"embeddable":true,"href":"https:\/\/thucpham.com\/vinacom\/wp-json\/wp\/v2\/media\/38391"}],"wp:attachment":[{"href":"https:\/\/thucpham.com\/vinacom\/wp-json\/wp\/v2\/media?parent=10352"}],"wp:term":[{"taxonomy":"product_cat","embeddable":true,"href":"https:\/\/thucpham.com\/vinacom\/wp-json\/wp\/v2\/product_cat?post=10352"},{"taxonomy":"product_tag","embeddable":true,"href":"https:\/\/thucpham.com\/vinacom\/wp-json\/wp\/v2\/product_tag?post=10352"}],"curies":[{"name":"wp","href":"https:\/\/api.w.org\/{rel}","templated":true}]}}