{"id":10340,"date":"2020-07-11T22:57:25","date_gmt":"2020-07-11T22:57:25","guid":{"rendered":"https:\/\/thucpham.com\/?post_type=product&#038;p=10340"},"modified":"2023-03-01T10:09:14","modified_gmt":"2023-03-01T03:09:14","slug":"may-xay-cafe-grinta-nouva-simonelli","status":"publish","type":"product","link":"https:\/\/thucpham.com\/vinacom\/may-xay-cafe-grinta-nouva-simonelli\/","title":{"rendered":"M\u00e1y Xay Cafe Grinta Nouva Simonelli"},"content":{"rendered":"<p style=\"text-align: justify\"><span style=\"font-weight: 400\">V\u1edbi t\u1ed1c \u0111\u1ed9 xay si\u00eau t\u1ed1c, <\/span><b><i>m\u00e1y xay cafe Grinta Nouva Simonelli<\/i><\/b><span style=\"font-weight: 400\"> gi\u00fap ng\u01b0\u1eddi d\u00f9ng xay cafe d\u1ec5 d\u00e0ng v\u00e0 nhanh ch\u00f3ng h\u01a1n<\/span><span style=\"font-weight: 400\">. \u0110\u1eb7c bi\u1ec7t, m\u00e1y Grinta \u0111\u1ea3m b\u1ea3o xay ra nh\u1eefng lo\u1ea1i b\u1ed9t cafe nguy\u00ean ch\u1ea5t, <\/span><span style=\"font-weight: 400\">kh\u00f4ng l\u1eabn th\u00eam b\u1ea5t k\u1ef3 th\u00e0nh ph\u1ea7n kh\u00e1c v\u00e0o, mang \u0111\u1ebfn cho kh\u00e1ch h\u00e0ng nh\u1eefng t\u00e1ch Espresso th\u01a1m ngon, \u0111\u1ea1t chu\u1ea9n. C\u00f4ng su\u1ea5t xay c\u1ee7a thi\u1ebft b\u1ecb \u0111\u1ea1t 3.6 kg\/h v\u1edbi t\u1ed1c \u0111\u1ed9 xay \u0111\u1ea1t 6.8 gi\u00e2y\/g\u1ea1t, \u0111\u00e1p \u1ee9ng \u0111\u1ee7 l\u01b0\u1ee3ng cafe b\u1ed9t cho v\u0103n ph\u00f2ng c\u00f4ng ty, c\u00e1c qu\u00e1n c\u00e0 ph\u00ea nh\u1ecf, ho\u1eb7c th\u1eadm ch\u00ed cho gia \u0111\u00ecnh b\u1ea1n.&nbsp;<\/span><\/p>\n<p><img class=\"size-full wp-image-12058 aligncenter\" src=\"https:\/\/thucpham.com\/wp-content\/uploads\/2020\/07\/may-xay-cafe-grinta-nouva-simonellii-banner.jpg\" alt=\"may-xay-cafe-grinta-nouva-simonelli\" width=\"820\" height=\"656\" srcset=\"https:\/\/thucpham.com\/vinacom\/wp-content\/uploads\/2020\/07\/may-xay-cafe-grinta-nouva-simonellii-banner.jpg 820w, https:\/\/thucpham.com\/vinacom\/wp-content\/uploads\/2020\/07\/may-xay-cafe-grinta-nouva-simonellii-banner-300x240.jpg 300w, https:\/\/thucpham.com\/vinacom\/wp-content\/uploads\/2020\/07\/may-xay-cafe-grinta-nouva-simonellii-banner-768x614.jpg 768w, https:\/\/thucpham.com\/vinacom\/wp-content\/uploads\/2020\/07\/may-xay-cafe-grinta-nouva-simonellii-banner-24x19.jpg 24w, https:\/\/thucpham.com\/vinacom\/wp-content\/uploads\/2020\/07\/may-xay-cafe-grinta-nouva-simonellii-banner-36x29.jpg 36w, https:\/\/thucpham.com\/vinacom\/wp-content\/uploads\/2020\/07\/may-xay-cafe-grinta-nouva-simonellii-banner-48x38.jpg 48w, https:\/\/thucpham.com\/vinacom\/wp-content\/uploads\/2020\/07\/may-xay-cafe-grinta-nouva-simonellii-banner-510x408.jpg 510w\" sizes=\"(max-width: 820px) 100vw, 820px\" title=\"\"><\/p>\n<p style=\"text-align: center\"><em>Th\u00f4ng tin s\u1ea3n ph\u1ea9m m\u00e1y xay cafe Grinta Nouva Simonelli<\/em><\/p>\n<p style=\"text-align: justify\"><b><i>M\u00e1y <\/i><\/b><b><i>xay cafe Grinta Nouva Simonelli <\/i><\/b><span style=\"font-weight: 400\">c\u00f3 <\/span><span style=\"font-weight: 400\">thi\u1ebft k\u1ebf trang nh\u00e3, tr\u1ecdng l\u01b0\u1ee3ng nh\u1eb9 v\u00e0 k\u00edch th\u01b0\u1edbc g\u1ecdn g\u00e0ng d\u1ec5 di chuy\u1ec3n, v\u00e0 ti\u1ebft ki\u1ec7m kh\u00f4ng gian khi l\u1eafp \u0111\u1eb7t. V\u1ecf m\u00e1y \u0111\u01b0\u1ee3c s\u1ea3n xu\u1ea5t b\u1eb1ng nh\u1ef1a cao c\u1ea5p, b\u1ec1n ch\u1eafc v\u00e0 d\u1ec5 d\u00e0ng v\u1ec7 sinh. Ngo\u00e0i ra, <\/span><span style=\"font-weight: 400\">l\u01b0\u1ee1i dao<\/span><span style=\"font-weight: 400\"> c\u00f3 \u0111\u01b0\u1eddng k\u00ednh l\u00e0 50mm, s\u1eafc b\u00e9n gi\u00fap xay cafe v\u1edbi t\u1ed1c \u0111\u1ed9 nhanh, \u00eam \u00e1i, kh\u00f4ng g\u00e2y ra ti\u1ebfng \u1ed3n qu\u00e1 l\u1edbn l\u00e0m \u1ea3nh h\u01b0\u1edfng t\u1edbi nh\u1eefng ng\u01b0\u1eddi xung quanh. Thi\u1ebft b\u1ecb s\u1eed d\u1ee5ng l\u01b0\u1ee1i dao cao c\u1ea5p k\u1ebft h\u1ee3p v\u1edbi c\u00f4ng ngh\u1ec7 ch\u1ebf t\u1ea1o th\u00f4ng minh s\u1ebd gi\u00fap xay cafe m\u1ecbn \u0111\u1ec1u, kh\u00f4ng l\u00e0m cafe b\u1ecb n\u00f3ng trong khi xay, gi\u1eef nguy\u00ean h\u01b0\u01a1ng v\u1ecb nh\u01b0 ban \u0111\u1ea7u. &nbsp; <\/span><\/p>\n","protected":false},"excerpt":{"rendered":"<ul>\n<li style=\"font-weight: 400\"><span style=\"font-weight: 400\">Xay cafe v\u1edbi t\u1ed1c \u0111\u1ed9 nhanh ch\u00f3ng<\/span><\/li>\n<li style=\"font-weight: 400\"><span style=\"font-weight: 400\">Ch\u1ee9c n\u0103ng \u0111\u1ecbnh l\u01b0\u1ee3ng cafe ti\u1ec7n l\u1ee3i<\/span><\/li>\n<li style=\"font-weight: 400\"><span style=\"font-weight: 400\">Thi\u1ebft k\u1ebf trang nh\u00e3, k\u00edch th\u01b0\u1edbc g\u1ecdn g\u00e0ng<\/span><\/li>\n<li style=\"font-weight: 400\"><span style=\"font-weight: 400\">S\u1ea3n xu\u1ea5t theo ti\u00eau chu\u1ea9n Ch\u00e2u \u00c2u<\/span><\/li>\n<li style=\"font-weight: 400\"><span style=\"font-weight: 400\">V\u1ecf m\u00e1y b\u1eb1ng nh\u1ef1a cao c\u1ea5p, b\u1ec1n ch\u1eafc<\/span><\/li>\n<\/ul>\n","protected":false},"featured_media":38411,"comment_status":"open","ping_status":"closed","template":"","meta":[],"product_cat":[229,248],"product_tag":[],"_links":{"self":[{"href":"https:\/\/thucpham.com\/vinacom\/wp-json\/wp\/v2\/product\/10340"}],"collection":[{"href":"https:\/\/thucpham.com\/vinacom\/wp-json\/wp\/v2\/product"}],"about":[{"href":"https:\/\/thucpham.com\/vinacom\/wp-json\/wp\/v2\/types\/product"}],"replies":[{"embeddable":true,"href":"https:\/\/thucpham.com\/vinacom\/wp-json\/wp\/v2\/comments?post=10340"}],"wp:featuredmedia":[{"embeddable":true,"href":"https:\/\/thucpham.com\/vinacom\/wp-json\/wp\/v2\/media\/38411"}],"wp:attachment":[{"href":"https:\/\/thucpham.com\/vinacom\/wp-json\/wp\/v2\/media?parent=10340"}],"wp:term":[{"taxonomy":"product_cat","embeddable":true,"href":"https:\/\/thucpham.com\/vinacom\/wp-json\/wp\/v2\/product_cat?post=10340"},{"taxonomy":"product_tag","embeddable":true,"href":"https:\/\/thucpham.com\/vinacom\/wp-json\/wp\/v2\/product_tag?post=10340"}],"curies":[{"name":"wp","href":"https:\/\/api.w.org\/{rel}","templated":true}]}}