{"id":10311,"date":"2020-07-11T22:12:40","date_gmt":"2020-07-11T15:12:40","guid":{"rendered":"https:\/\/thucpham.com\/?post_type=product&#038;p=10311"},"modified":"2024-03-19T11:57:33","modified_gmt":"2024-03-19T04:57:33","slug":"tu-say-bat-cong-nghiep-kingsun-ks-fxa-900-vo-inox","status":"publish","type":"product","link":"https:\/\/thucpham.com\/vinacom\/tu-say-bat-cong-nghiep-kingsun-ks-fxa-900-vo-inox\/","title":{"rendered":"T\u1ee7 S\u1ea5y B\u00e1t C\u00f4ng Nghi\u1ec7p Kingsun KS-FXA-900 (V\u1ecf Inox)"},"content":{"rendered":"<p style=\"text-align: justify;\"><span style=\"font-family: helvetica, arial, sans-serif;\"><span style=\"font-weight: 400;\">\u0110\u1ed1i v\u1edbi ng\u00e0nh d\u1ecbch v\u1ee5 \u0103n u\u1ed1ng th\u00ec h\u00e0ng ng\u00e0y c\u00f3 h\u00e0ng tr\u0103m th\u1eadm ch\u00ed h\u00e0ng ngh\u00ecn l\u01b0\u1ee3t kh\u00e1ch, c\u00f9ng v\u1edbi \u0111\u00f3 l\u00e0 s\u1ed1 l\u01b0\u1ee3ng b\u00e1t \u0111\u0129a&nbsp; \u0111\u01b0\u1ee3c s\u1eed d\u1ee5ng r\u1ea5t nhi\u1ec1u. C\u00f4ng vi\u1ec7c r\u1eeda b\u00e1t xong r\u1ed3i lau kh\u00f4 chi\u1ebfm kha kh\u00e1 th\u1eddi gian v\u00e0 nh\u00e2n c\u00f4ng. \u0110\u1ec3 gi\u00fap b\u1ea1n gi\u1ea3m b\u1edbt th\u1eddi gian, c\u00f4ng s\u1ee9c, chi ph\u00ed, ThucPham.com xin gi\u1edbi thi\u1ec7u d\u00f2ng s\u1ea3n ph\u1ea9m <\/span><b><i>t\u1ee7 s\u1ea5y b\u00e1t c\u00f4ng nghi\u1ec7p Kingsun KS-FXA-900 (v\u1ecf inox)<\/i><\/b><span style=\"font-weight: 400;\"> v\u1edbi c\u01a1 ch\u1ebf v\u1eadn h\u00e0nh th\u00f4ng minh, t\u1ef1 \u0111\u1ed9ng. S\u1ea3n ph\u1ea9m \u0111\u01b0\u1ee3c trang b\u1ecb c\u00e1c gi\u00e1 ch\u1ee9a b\u00e1t r\u1ed9ng r\u00e3i, gi\u00fap s\u1ea5y<\/span><span style=\"font-weight: 400;\"> \u0111\u01b0\u1ee3c \u0111a d\u1ea1ng c\u00e1c lo\u1ea1i ch\u00e9n \u0111\u0129a c\u00f3 k\u00edch th\u01b0\u1edbc kh\u00e1c nhau.<\/span><\/span><\/p>\n<p><img class=\"size-full wp-image-12169 aligncenter\" src=\"https:\/\/thucpham.com\/wp-content\/uploads\/2020\/07\/tu-say-bat-cong-nghiep-kingsun-ks-fxa-900-vo-inox-banner.jpg\" alt=\"tu-say-bat-cong-nghiep-kingsun-ks-fxa-900-vo-inox\" width=\"820\" height=\"656\" srcset=\"https:\/\/thucpham.com\/vinacom\/wp-content\/uploads\/2020\/07\/tu-say-bat-cong-nghiep-kingsun-ks-fxa-900-vo-inox-banner.jpg 820w, https:\/\/thucpham.com\/vinacom\/wp-content\/uploads\/2020\/07\/tu-say-bat-cong-nghiep-kingsun-ks-fxa-900-vo-inox-banner-300x240.jpg 300w, https:\/\/thucpham.com\/vinacom\/wp-content\/uploads\/2020\/07\/tu-say-bat-cong-nghiep-kingsun-ks-fxa-900-vo-inox-banner-768x614.jpg 768w, https:\/\/thucpham.com\/vinacom\/wp-content\/uploads\/2020\/07\/tu-say-bat-cong-nghiep-kingsun-ks-fxa-900-vo-inox-banner-24x19.jpg 24w, https:\/\/thucpham.com\/vinacom\/wp-content\/uploads\/2020\/07\/tu-say-bat-cong-nghiep-kingsun-ks-fxa-900-vo-inox-banner-36x29.jpg 36w, https:\/\/thucpham.com\/vinacom\/wp-content\/uploads\/2020\/07\/tu-say-bat-cong-nghiep-kingsun-ks-fxa-900-vo-inox-banner-48x38.jpg 48w, https:\/\/thucpham.com\/vinacom\/wp-content\/uploads\/2020\/07\/tu-say-bat-cong-nghiep-kingsun-ks-fxa-900-vo-inox-banner-510x408.jpg 510w\" sizes=\"(max-width: 820px) 100vw, 820px\" title=\"\"><\/p>\n<p style=\"text-align: center;\"><span style=\"font-family: helvetica, arial, sans-serif;\"><em>Th\u00f4ng tin s\u1ea3n ph\u1ea9m t\u1ee7 s\u1ea5y b\u00e1t c\u00f4ng nghi\u1ec7p Kingsun KS-FXA-900 (v\u1ecf inox)<\/em><\/span><\/p>\n<p style=\"text-align: justify;\"><span style=\"font-family: helvetica, arial, sans-serif;\"><span style=\"font-weight: 400;\">T\u1ee7 s\u1ea5y b\u00e1t <\/span><span style=\"font-weight: 400;\">Kingsun KS-FXA-900 <\/span><span style=\"font-weight: 400;\">&nbsp;\u0111\u01b0\u1ee3c thi\u1ebft k\u1ebf ho\u00e0n to\u00e0n b\u1eb1ng ch\u1ea5t li\u1ec7u inox cao c\u1ea5p kh\u00f4ng g\u1ec9, g\u1ed3m 2 l\u1edbp, \u1edf gi\u1eefa \u0111\u01b0\u1ee3c \u0111\u1ed5 \u0111\u1ea7y keo b\u1ecdt \u0111\u1ea3m b\u1ea3o s\u1ef1 li\u00ean k\u1ebft v\u1eefng ch\u1eafc cho to\u00e0n b\u1ed9 t\u1ee7 v\u00e0 h\u1ea1n ch\u1ebf nhi\u1ec7t th\u1ea5t tho\u00e1t ra ngo\u00e0i. C\u00e1nh c\u1eeda b\u1eb1ng inox 2 l\u1edbp c\u00e1ch nhi\u1ec7t t\u1ed1t, tr\u00ean c\u00e1nh t\u1ee7 c\u00f2n c\u00f3 1 khung k\u00ednh \u0111\u1ec3 d\u1ec5 d\u00e0ng quan s\u00e1t qu\u00e1 tr\u00ecnh s\u1ea5y b\u00ean trong. Ngo\u00e0i ra,&nbsp; <\/span><b><i>t\u1ee7 <\/i><\/b><b><i>s\u1ea5y b\u00e1t c\u00f4ng nghi\u1ec7p Kingsun KS-FXA-900 (v\u1ecf inox)<\/i><\/b> <span style=\"font-weight: 400;\">k\u1ebft h\u1ee3p s\u1ea5y kh\u00f4 v\u00e0 kh\u1eed khu\u1ea9n b\u1eb1ng Ozone, \u0111\u1ea3m b\u1ea3o b\u00e1t \u0111\u0129a lu\u00f4n \u0111\u01b0\u1ee3c ti\u1ec7t tr\u00f9ng, s\u1ea1ch s\u1ebd, kh\u00f4 r\u00e1o.<\/span><\/span><\/p>\n","protected":false},"excerpt":{"rendered":"<ul>\n<li style=\"font-weight: 400;\"><span style=\"font-family: helvetica, arial, sans-serif;\"><span style=\"font-weight: 400;\">V\u1ecf t\u1ee7 b\u1eb1ng <\/span><span style=\"font-weight: 400;\">inox cao c\u1ea5p kh\u00f4ng g\u1ec9<\/span><\/span><\/li>\n<li style=\"font-weight: 400;\"><span style=\"font-weight: 400; font-family: helvetica, arial, sans-serif;\">Di\u1ec7t khu\u1ea9n b\u1eb1ng nhi\u1ec7t \u0111\u1ed9 v\u00e0 ozone<\/span><\/li>\n<li style=\"font-weight: 400;\"><span style=\"font-weight: 400; font-family: helvetica, arial, sans-serif;\">Ch\u1ebf \u0111\u1ed9 h\u1eb9n gi\u1edd s\u1ea5y t\u1ef1 \u0111\u1ed9ng \u0111\u00f3ng ng\u1eaft<\/span><\/li>\n<li style=\"font-weight: 400;\"><span style=\"font-weight: 400; font-family: helvetica, arial, sans-serif;\">Thi\u1ebft k\u1ebf c\u1eeda m\u1edf 2 c\u00e1nh ti\u1ec7n l\u1ee3i<\/span><\/li>\n<li style=\"font-weight: 400;\"><span style=\"font-weight: 400; font-family: helvetica, arial, sans-serif;\">Ngo\u00e0i b\u00e1t \u0111\u0129a, s\u1ea5y \u0111\u01b0\u1ee3c c\u1ea3 khay nh\u1ef1a&#8230;<\/span><\/li>\n<\/ul>\n","protected":false},"featured_media":38233,"comment_status":"open","ping_status":"closed","template":"","meta":[],"product_cat":[467,243],"product_tag":[],"_links":{"self":[{"href":"https:\/\/thucpham.com\/vinacom\/wp-json\/wp\/v2\/product\/10311"}],"collection":[{"href":"https:\/\/thucpham.com\/vinacom\/wp-json\/wp\/v2\/product"}],"about":[{"href":"https:\/\/thucpham.com\/vinacom\/wp-json\/wp\/v2\/types\/product"}],"replies":[{"embeddable":true,"href":"https:\/\/thucpham.com\/vinacom\/wp-json\/wp\/v2\/comments?post=10311"}],"wp:featuredmedia":[{"embeddable":true,"href":"https:\/\/thucpham.com\/vinacom\/wp-json\/wp\/v2\/media\/38233"}],"wp:attachment":[{"href":"https:\/\/thucpham.com\/vinacom\/wp-json\/wp\/v2\/media?parent=10311"}],"wp:term":[{"taxonomy":"product_cat","embeddable":true,"href":"https:\/\/thucpham.com\/vinacom\/wp-json\/wp\/v2\/product_cat?post=10311"},{"taxonomy":"product_tag","embeddable":true,"href":"https:\/\/thucpham.com\/vinacom\/wp-json\/wp\/v2\/product_tag?post=10311"}],"curies":[{"name":"wp","href":"https:\/\/api.w.org\/{rel}","templated":true}]}}