{"id":10285,"date":"2020-07-11T18:59:10","date_gmt":"2020-07-11T18:59:10","guid":{"rendered":"https:\/\/thucpham.com\/?post_type=product&#038;p=10285"},"modified":"2021-12-13T16:15:15","modified_gmt":"2021-12-13T09:15:15","slug":"may-rua-bat-dolphin-dw-8000","status":"publish","type":"product","link":"https:\/\/thucpham.com\/vinacom\/may-rua-bat-dolphin-dw-8000\/","title":{"rendered":"M\u00e1y R\u1eeda B\u00e1t Dolphin DW 8000"},"content":{"rendered":"<p style=\"text-align: justify;\"><span style=\"font-weight: 400;\">V\u1edbi nh\u1eefng t\u00ednh n\u0103ng \u01b0u vi\u1ec7t v\u00e0 s\u1eed d\u1ee5ng c\u00f4ng ngh\u1ec7 cao, <\/span><b><i>m\u00e1y r\u1eeda b\u00e1t Dolphin DW 8000<\/i><\/b><span style=\"font-weight: 400;\"> s\u1ebd l\u00e0 l\u1ef1a ch\u1ecdn tuy\u1ec7t v\u1eddi, \u0111\u00e1p \u1ee9ng nhu c\u1ea7u <\/span><span style=\"font-weight: 400;\">r\u1eeda b\u00e1t s\u1ed1 l\u01b0\u1ee3ng l\u1edbn trong nhi\u1ec1u gi\u1edd li\u00ean t\u1ee5c. M\u00e1y c\u00f3 k\u1ebft c\u1ea5u v\u1eefng ch\u1eafc, b\u1ec1n b\u1ec9, thi\u1ebft k\u1ebf ti\u1ec7n l\u1ee3i cho ng\u01b0\u1eddi s\u1eed d\u1ee5ng. Thi\u1ebft b\u1ecb \u0111\u01b0\u1ee3c l\u00e0m b\u1eb1ng ch\u1ea5t li\u1ec7u inox 304 si\u00eau b\u1ec1n, ch\u1eafc ch\u1eafn, kh\u00f4ng d\u1ec5 h\u1ecfng h\u00f3c. Ch\u1ec9 c\u1ea7n ch\u1ecdn ch\u1ebf \u0111\u1ed9 r\u1eeda, nh\u1ea5n n\u00fat l\u00e0 m\u00e1y s\u1ebd v\u1eadn h\u00e0nh t\u1ef1 \u0111\u1ed9ng \u0111\u1ec3 l\u00e0m s\u1ea1ch c\u00e1c v\u1ebft b\u1ea9n, d\u1ea7u m\u1ee1, th\u1ee9c \u0103n d\u00ednh tr\u00ean b\u00e1t \u0111\u0129a.<\/span><\/p>\n<p><img class=\"size-full wp-image-12157 aligncenter\" src=\"https:\/\/thucpham.com\/wp-content\/uploads\/2020\/07\/may-rua-bat-dolphin-dw-8000-banner.jpg\" alt=\"may-rua-bat-dolphin-dw-8000\" width=\"820\" height=\"656\" srcset=\"https:\/\/thucpham.com\/vinacom\/wp-content\/uploads\/2020\/07\/may-rua-bat-dolphin-dw-8000-banner.jpg 820w, https:\/\/thucpham.com\/vinacom\/wp-content\/uploads\/2020\/07\/may-rua-bat-dolphin-dw-8000-banner-300x240.jpg 300w, https:\/\/thucpham.com\/vinacom\/wp-content\/uploads\/2020\/07\/may-rua-bat-dolphin-dw-8000-banner-768x614.jpg 768w, https:\/\/thucpham.com\/vinacom\/wp-content\/uploads\/2020\/07\/may-rua-bat-dolphin-dw-8000-banner-24x19.jpg 24w, https:\/\/thucpham.com\/vinacom\/wp-content\/uploads\/2020\/07\/may-rua-bat-dolphin-dw-8000-banner-36x29.jpg 36w, https:\/\/thucpham.com\/vinacom\/wp-content\/uploads\/2020\/07\/may-rua-bat-dolphin-dw-8000-banner-48x38.jpg 48w, https:\/\/thucpham.com\/vinacom\/wp-content\/uploads\/2020\/07\/may-rua-bat-dolphin-dw-8000-banner-510x408.jpg 510w\" sizes=\"(max-width: 820px) 100vw, 820px\" title=\"\"><\/p>\n<p style=\"text-align: center;\"><em>Th\u00f4ng tin s\u1ea3n ph\u1ea9m m\u00e1y r\u1eeda b\u00e1t Dolphin DW 8000<\/em><\/p>\n<p style=\"text-align: justify;\"><b><i>M\u00e1y r\u1eeda b\u00e1t Dolphin DW 8000<\/i><\/b><span style=\"font-weight: 400;\"> c\u00f3 thi\u1ebft k\u1ebf b\u1ed3n r\u1eeda l\u1edbn, c\u00f3 th\u1ec3 r\u1eeda 2 khay m\u1ed9t l\u1ea7n. <\/span><span style=\"font-weight: 400;\">H\u1ec7 th\u1ed1ng phun n\u01b0\u1edbc m\u1ea1nh, v\u1edbi g\u00f3c phun 60 \u0111\u1ed9, gi\u00fap r\u1eeda s\u1ea1ch b\u00e1t \u0111\u0129a h\u01a1n. Dolphin<\/span><span style=\"font-weight: 400;\"> DW 8000<\/span><span style=\"font-weight: 400;\"> cung c\u1ea5p b\u1ed9 d\u1ee5ng c\u1ee5 t\u1ea9y r\u1eeda c\u00f9ng v\u1edbi ng\u0103n c\u1ea5p h\u00f3a ch\u1ea5t cho t\u1ea5t c\u1ea3 c\u00e1c m\u00f4 h\u00ecnh, v\u00ec v\u1eady b\u1ea1n kh\u00f4ng c\u1ea7n ph\u1ea3i c\u00e0i \u0111\u1eb7t th\u00eam. Th\u00eam v\u00e0o \u0111\u00f3, b\u1ed9 ph\u1eadn c\u1eeda \u0111\u01b0\u1ee3c trang b\u1ecb k\u00ednh c\u01b0\u1eddng l\u1ef1c trong su\u1ed1t, cho ph\u00e9p b\u1ea1n d\u1ec5 d\u00e0ng quan s\u00e1t v\u00e0 gi\u00e1m s\u00e1t quy tr\u00ecnh r\u1eeda b\u00ean trong.<\/span><\/p>\n<p style=\"text-align: justify;\"><span style=\"font-weight: 400;\">\u0110\u1ec3 mua s\u1ea3n ph\u1ea9m <\/span><b><i>m\u00e1y r\u1eeda b\u00e1t Dolphin DW 8000 <\/i><\/b><span style=\"font-weight: 400;\">v\u1edbi ch\u1ea5t l\u01b0\u1ee3ng t\u1ed1t v\u00e0 \u0111\u1ea3m b\u1ea3o xu\u1ea5t x\u1ee9 r\u00f5 r\u00e0ng b\u1ea1n kh\u00f4ng c\u1ea7n ph\u1ea3i t\u00ecm ki\u1ebfm \u0111\u00e2u xa h\u00e3y \u0111\u1ec3 ch\u00fang t\u00f4i, ThucPham.com, gi\u00fap b\u1ea1n l\u00e0m \u0111i\u1ec1u \u0111\u00f3, ch\u1eafc ch\u1eafn s\u1ebd mang l\u1ea1i s\u1ef1 h\u00e0i l\u00f2ng cho b\u1ea1n. <\/span><\/p>\n","protected":false},"excerpt":{"rendered":"<ul>\n<li style=\"font-weight: 400;\"><span style=\"font-weight: 400;\">H\u1ec7 th\u1ed1ng phun n\u01b0\u1edbc ch\u00f9m tia 3D, m\u1ea1nh m\u1ebd<\/span><\/li>\n<li style=\"font-weight: 400;\"><span style=\"font-weight: 400;\">B\u1ea3ng \u0111i\u1ec1u khi\u1ec3n t\u1eeb xa, d\u1ec5 d\u00e0ng khi s\u1eed d\u1ee5ng<\/span><\/li>\n<li style=\"font-weight: 400;\"><span style=\"font-weight: 400;\">B\u1ed3n r\u1eeda l\u1edbn, c\u00f3 th\u1ec3 r\u1eeda 2 khay m\u1ed9t l\u1ea7n<\/span><\/li>\n<li style=\"font-weight: 400;\"><span style=\"font-weight: 400;\">Ch\u1ea5t li\u1ec7u inox 304 si\u00eau b\u1ec1n, ch\u1eafc ch\u1eafn, b\u1ec1n b\u1ec9<\/span><\/li>\n<li style=\"font-weight: 400;\"><span style=\"font-weight: 400;\">\u0110i\u1ec1u ch\u1ec9nh nhi\u1ec7t \u0111\u1ed9 theo y\u00eau c\u1ea7u<\/span><\/li>\n<\/ul>\n","protected":false},"featured_media":38308,"comment_status":"open","ping_status":"closed","template":"","meta":[],"product_cat":[224,467],"product_tag":[],"_links":{"self":[{"href":"https:\/\/thucpham.com\/vinacom\/wp-json\/wp\/v2\/product\/10285"}],"collection":[{"href":"https:\/\/thucpham.com\/vinacom\/wp-json\/wp\/v2\/product"}],"about":[{"href":"https:\/\/thucpham.com\/vinacom\/wp-json\/wp\/v2\/types\/product"}],"replies":[{"embeddable":true,"href":"https:\/\/thucpham.com\/vinacom\/wp-json\/wp\/v2\/comments?post=10285"}],"wp:featuredmedia":[{"embeddable":true,"href":"https:\/\/thucpham.com\/vinacom\/wp-json\/wp\/v2\/media\/38308"}],"wp:attachment":[{"href":"https:\/\/thucpham.com\/vinacom\/wp-json\/wp\/v2\/media?parent=10285"}],"wp:term":[{"taxonomy":"product_cat","embeddable":true,"href":"https:\/\/thucpham.com\/vinacom\/wp-json\/wp\/v2\/product_cat?post=10285"},{"taxonomy":"product_tag","embeddable":true,"href":"https:\/\/thucpham.com\/vinacom\/wp-json\/wp\/v2\/product_tag?post=10285"}],"curies":[{"name":"wp","href":"https:\/\/api.w.org\/{rel}","templated":true}]}}