{"id":10282,"date":"2020-07-11T18:55:39","date_gmt":"2020-07-11T18:55:39","guid":{"rendered":"https:\/\/thucpham.com\/?post_type=product&#038;p=10282"},"modified":"2021-12-13T16:14:52","modified_gmt":"2021-12-13T09:14:52","slug":"may-rua-bat-dolphin-dw-2200","status":"publish","type":"product","link":"https:\/\/thucpham.com\/vinacom\/may-rua-bat-dolphin-dw-2200\/","title":{"rendered":"M\u00e1y R\u1eeda B\u00e1t Dolphin DW 2200"},"content":{"rendered":"<p style=\"text-align: justify;\"><span style=\"font-weight: 400;\">M\u1eb7c d\u00f9, hi\u1ec7n nay tr\u00ean th\u1ecb tr\u01b0\u1eddng xu\u1ea5t hi\u1ec7n r\u1ea5t nhi\u1ec1u lo\u1ea1i m\u00e1y r\u1eeda b\u00e1t v\u1edbi c\u00e1c m\u1eabu m\u00e3, th\u01b0\u01a1ng hi\u1ec7u, gi\u00e1 th\u00e0nh kh\u00e1c nhau xong khi nh\u1eafc \u0111\u1ebfn d\u00f2ng m\u00e1y r\u1eeda b\u00e1t th\u00ec kh\u00f4ng th\u1ec3 b\u1ecf qua d\u00f2ng m\u00e1y r\u1eeda b\u00e1t Dolphin \u0111\u1ebfn t\u1eeb H\u00e0n Qu\u1ed1c. <\/span><b><i>M\u00e1y r\u1eeda b\u00e1t Dolphin DW 2200<\/i><\/b><span style=\"font-weight: 400;\"> l\u00e0 m\u1ed9t trong nh\u1eefng model c\u1ee7a th\u01b0\u01a1ng hi\u1ec7u n\u00e0y, \u0111\u01b0\u1ee3c nhi\u1ec1u ng\u01b0\u1eddi ti\u00eau d\u00f9ng \u0111\u00e1nh gi\u00e1 cao v\u1ec1 ch\u1ea5t l\u01b0\u1ee3ng v\u00e0 t\u00ednh n\u0103ng. DW 2200 c\u00f3 kh\u1ea3 n\u0103ng <\/span><span style=\"font-weight: 400;\">r\u1eeda s\u1ea1ch t\u1ea5t c\u1ea3 c\u00e1c lo\u1ea1i ch\u00e9n, b\u00e1t d\u00ednh th\u1ee9c \u0103n v\u00e0 d\u1ea7u m\u1ee1 b\u1eb1ng c\u00f4ng ngh\u1ec7 <\/span><span style=\"font-weight: 400;\">phun n\u01b0\u1edbc ch\u00f9m tia 3D<\/span><span style=\"font-weight: 400;\"> c\u1ee7a m\u00ecnh.<\/span><\/p>\n<p><img class=\"size-full wp-image-12154 aligncenter\" src=\"https:\/\/thucpham.com\/wp-content\/uploads\/2020\/07\/may-rua-bat-dolphin-dw-2200-banner.jpg\" alt=\"may-rua-bat-dolphin-dw-2200\" width=\"820\" height=\"656\" srcset=\"https:\/\/thucpham.com\/vinacom\/wp-content\/uploads\/2020\/07\/may-rua-bat-dolphin-dw-2200-banner.jpg 820w, https:\/\/thucpham.com\/vinacom\/wp-content\/uploads\/2020\/07\/may-rua-bat-dolphin-dw-2200-banner-300x240.jpg 300w, https:\/\/thucpham.com\/vinacom\/wp-content\/uploads\/2020\/07\/may-rua-bat-dolphin-dw-2200-banner-768x614.jpg 768w, https:\/\/thucpham.com\/vinacom\/wp-content\/uploads\/2020\/07\/may-rua-bat-dolphin-dw-2200-banner-24x19.jpg 24w, https:\/\/thucpham.com\/vinacom\/wp-content\/uploads\/2020\/07\/may-rua-bat-dolphin-dw-2200-banner-36x29.jpg 36w, https:\/\/thucpham.com\/vinacom\/wp-content\/uploads\/2020\/07\/may-rua-bat-dolphin-dw-2200-banner-48x38.jpg 48w, https:\/\/thucpham.com\/vinacom\/wp-content\/uploads\/2020\/07\/may-rua-bat-dolphin-dw-2200-banner-510x408.jpg 510w\" sizes=\"(max-width: 820px) 100vw, 820px\" title=\"\"><\/p>\n<p style=\"text-align: center;\"><em>Th\u00f4ng tin s\u1ea3n ph\u1ea9m m\u00e1y r\u1eeda b\u00e1t Dolphin DW 2200<\/em><\/p>\n<p style=\"text-align: justify;\"><span style=\"font-weight: 400;\">M\u00e1y c\u00f3 c\u00f4ng su\u1ea5t r\u1eeda kho\u1ea3ng 51 \u2013 60 khay\/gi\u1edd, gi\u00fap x\u1eed l\u00fd nhanh kh\u1ed1i l\u01b0\u1ee3ng b\u00e1t \u0111\u0129a l\u1edbn. Khu r\u1eeda thi\u1ebft k\u1ebf h\u00ecnh vu\u00f4ng v\u00e0 v\u1ea1t c\u1ee7a v\u00f2i phun h\u00ecnh n\u00f3n gi\u00fap lo\u1ea1i b\u1ecf ho\u00e0n to\u00e0n c\u00e1c v\u1ebft b\u1ea9n \u1edf c\u00e1c ng\u00f3c ng\u00e1ch. Th\u00eam v\u00e0o \u0111\u00f3, v\u00f2i phun r\u1eeda thi\u1ebft k\u1ebf v\u1edbi c\u00e1c ch\u00f9m tia 3D, mang l\u1ea1i hi\u1ec7u qu\u1ea3 r\u1eeda s\u1ea1ch nhanh. \u0110\u1ea7u phun r\u1eeda c\u00f3 thi\u1ebft k\u1ebf hi\u1ec7n \u0111\u1ea1i, th\u00f4ng minh c\u00f3 kh\u1ea3 n\u0103ng lo\u1ea1i b\u1ecf c\u00e1c ch\u1ea5t t\u1ea9y r\u1eeda c\u00f2n s\u00f3t l\u1ea1i ra kh\u1ecfi m\u00e1y, gi\u00fap ng\u0103n ch\u1eb7n s\u1ef1 nhi\u1ec5m b\u1ea9n l\u1ea1i t\u1eeb h\u00f3a ch\u1ea5t r\u1eeda. V\u1edbi ch\u1ea5t li\u1ec7u Inox cao c\u1ea5p, kh\u00f4ng g\u00e2y g\u1ec9 s\u00e9t, b\u1ec1n b\u1ec9, d\u1ec5 lau ch\u00f9i,&nbsp; <\/span><b><i>m<\/i><\/b><b><i>\u00e1y r\u1eeda b\u00e1t Dolphin DW 2200<\/i><\/b><span style=\"font-weight: 400;\"> mang \u0111\u1ebfn cho c\u0103n b\u1ebfp c\u1ee7a kh\u00e1ch s\u1ea1n hay nh\u00e0 nh\u00e0 h\u00e0ng v\u1ebb sang tr\u1ecdng v\u00e0 chuy\u00ean nghi\u1ec7p.<\/span><\/p>\n","protected":false},"excerpt":{"rendered":"<ul>\n<li style=\"font-weight: 400;\"><span style=\"font-weight: 400;\">Quy tr\u00ecnh r\u1eeda b\u00e1t t\u1ef1 \u0111\u1ed9ng, kh\u00e9p k\u00edn<\/span><\/li>\n<li style=\"font-weight: 400;\"><span style=\"font-weight: 400;\">H\u1ec7 th\u1ed1ng 3 v\u00f2i phun r\u1eeda gi\u00fap r\u1eeda nhanh v\u00e0 s\u1ea1ch<\/span><\/li>\n<li style=\"font-weight: 400;\"><span style=\"font-weight: 400;\">Ch\u1ea5t li\u1ec7u inox cao c\u1ea5p r\u1ea5t b\u1ec1n, kh\u00f4ng g\u00e2y g\u1ec9 s\u00e9t<\/span><\/li>\n<li style=\"font-weight: 400;\"><span style=\"font-weight: 400;\">Di\u1ec7t vi khu\u1ea9n, kh\u1eed m\u00f9i tanh hi\u1ec7u qu\u1ea3<\/span><\/li>\n<li style=\"font-weight: 400;\"><span style=\"font-weight: 400;\">Kh\u00f4ng g\u00e2y h\u1ea1i da tay ng\u01b0\u1eddi d\u00f9ng<\/span><\/li>\n<li style=\"font-weight: 400;\"><span style=\"font-weight: 400;\">Ti\u1ebft ki\u1ec7m \u0111i\u1ec7n n\u0103ng, chi ph\u00ed thu\u00ea nh\u00e2n c\u00f4ng<\/span><\/li>\n<\/ul>\n","protected":false},"featured_media":38303,"comment_status":"open","ping_status":"closed","template":"","meta":[],"product_cat":[224,467],"product_tag":[],"_links":{"self":[{"href":"https:\/\/thucpham.com\/vinacom\/wp-json\/wp\/v2\/product\/10282"}],"collection":[{"href":"https:\/\/thucpham.com\/vinacom\/wp-json\/wp\/v2\/product"}],"about":[{"href":"https:\/\/thucpham.com\/vinacom\/wp-json\/wp\/v2\/types\/product"}],"replies":[{"embeddable":true,"href":"https:\/\/thucpham.com\/vinacom\/wp-json\/wp\/v2\/comments?post=10282"}],"wp:featuredmedia":[{"embeddable":true,"href":"https:\/\/thucpham.com\/vinacom\/wp-json\/wp\/v2\/media\/38303"}],"wp:attachment":[{"href":"https:\/\/thucpham.com\/vinacom\/wp-json\/wp\/v2\/media?parent=10282"}],"wp:term":[{"taxonomy":"product_cat","embeddable":true,"href":"https:\/\/thucpham.com\/vinacom\/wp-json\/wp\/v2\/product_cat?post=10282"},{"taxonomy":"product_tag","embeddable":true,"href":"https:\/\/thucpham.com\/vinacom\/wp-json\/wp\/v2\/product_tag?post=10282"}],"curies":[{"name":"wp","href":"https:\/\/api.w.org\/{rel}","templated":true}]}}