{"id":10279,"date":"2020-07-11T18:53:05","date_gmt":"2020-07-11T18:53:05","guid":{"rendered":"https:\/\/thucpham.com\/?post_type=product&#038;p=10279"},"modified":"2021-12-13T16:14:29","modified_gmt":"2021-12-13T09:14:29","slug":"may-rua-bat-dolphin-dw-1200","status":"publish","type":"product","link":"https:\/\/thucpham.com\/vinacom\/may-rua-bat-dolphin-dw-1200\/","title":{"rendered":"M\u00e1y R\u1eeda B\u00e1t Dolphin DW 1200"},"content":{"rendered":"<p style=\"text-align: justify;\"><b><i>M\u00e1y r\u1eeda b\u00e1t&nbsp; Dolphin DW 1200 <\/i><\/b><span style=\"font-weight: 400;\">l\u00e0 d\u00f2ng m\u00e1y r\u1eeda b\u00e1t c\u00f4ng nghi\u1ec7p cao c\u1ea5p \u0111\u1ebfn t\u1eeb H\u00e0n Qu\u1ed1c, v\u1edbi thi\u1ebft k\u1ebf hi\u1ec7n \u0111\u1ea1i, sang tr\u1ecdng ph\u00f9 h\u1ee3p m\u1ecdi kh\u00f4ng gian nh\u00e0 b\u1ebfp. M\u00e1y \u0111\u01b0\u1ee3c thi\u1ebft k\u1ebf khung b\u1eb1ng ch\u1ea5t li\u1ec7u inox cao c\u1ea5p n\u00ean lu\u00f4n gi\u1eef \u0111\u01b0\u1ee3c v\u1ebb ngo\u00e0i s\u00e1ng b\u00f3ng, \u0111\u1eb9p m\u1eaft, v\u00e0 d\u1ec5 d\u00e0ng v\u1ec7 sinh. Th\u00eam v\u00e0o \u0111\u00f3, t\u1ea5t c\u00e1c c\u00e1c ho\u1ea1t \u0111\u1ed9ng c\u1ee7a m\u00e1y DW 1200 \u0111\u1ec1u \u0111\u01b0\u1ee3c ki\u1ec3m so\u00e1t b\u1edfi b\u1ed9 vi x\u1eed l\u00fd th\u00f4ng minh. S\u1ea3n ph\u1ea9m c\u00f2n \u0111\u01b0\u1ee3c trang b\u1ecb b\u1ed9 \u0111i\u1ec1u khi\u1ec3n \u0111i\u1ec7n t\u1eed, hi\u1ec3n th\u1ecb m\u00e0n h\u00ecnh LED \u1edf tr\u01b0\u1edbc m\u00e1y, cho ph\u00e9p ng\u01b0\u1eddi d\u00f9ng quan s\u00e1t v\u00e0 \u0111i\u1ec1u ch\u1ec9nh nhi\u1ec7t \u0111\u1ed9 d\u1ec5 h\u01a1n.<\/span><\/p>\n<p><img class=\"wp-image-12005 size-full aligncenter\" src=\"https:\/\/thucpham.com\/wp-content\/uploads\/2020\/07\/may-rua-bat-dolphin-dw-1200-banner.jpg\" alt=\"may-rua-bat-dolphin-dw-1200\" width=\"820\" height=\"656\" srcset=\"https:\/\/thucpham.com\/vinacom\/wp-content\/uploads\/2020\/07\/may-rua-bat-dolphin-dw-1200-banner.jpg 820w, https:\/\/thucpham.com\/vinacom\/wp-content\/uploads\/2020\/07\/may-rua-bat-dolphin-dw-1200-banner-300x240.jpg 300w, https:\/\/thucpham.com\/vinacom\/wp-content\/uploads\/2020\/07\/may-rua-bat-dolphin-dw-1200-banner-768x614.jpg 768w, https:\/\/thucpham.com\/vinacom\/wp-content\/uploads\/2020\/07\/may-rua-bat-dolphin-dw-1200-banner-24x19.jpg 24w, https:\/\/thucpham.com\/vinacom\/wp-content\/uploads\/2020\/07\/may-rua-bat-dolphin-dw-1200-banner-36x29.jpg 36w, https:\/\/thucpham.com\/vinacom\/wp-content\/uploads\/2020\/07\/may-rua-bat-dolphin-dw-1200-banner-48x38.jpg 48w, https:\/\/thucpham.com\/vinacom\/wp-content\/uploads\/2020\/07\/may-rua-bat-dolphin-dw-1200-banner-510x408.jpg 510w\" sizes=\"(max-width: 820px) 100vw, 820px\" title=\"\"><\/p>\n<p style=\"text-align: center;\"><em>Th\u00f4ng tin s\u1ea3n ph\u1ea9m m\u00e1y r\u1eeda b\u00e1t&nbsp; Dolphin DW 1200<\/em><\/p>\n<p style=\"text-align: justify;\"><span style=\"font-weight: 400;\">M\u00e1y \u0111\u01b0\u1ee3c trang b\u1ecb v\u00f2i phun 3D t\u1ecfa n\u01b0\u1edbc to\u00e0n di\u1ec7n v\u00e0 t\u1ea1o d\u00f2ng xo\u00e1y v\u1edbi \u00e1p l\u1ef1c \u0111\u1ee7 l\u1edbn \u0111\u1ec3 r\u1eeda s\u1ea1ch to\u00e0n b\u1ed9 c\u00e1c v\u1ebft b\u1ea9n, d\u1ea7u m\u1ee1 tr\u00ean b\u00e1t \u0111\u0129a. <\/span><b><i>M\u00e1y r\u1eeda b\u00e1t&nbsp; Dolphin DW 1200<\/i><\/b><span style=\"font-weight: 400;\"> ho\u1ea1t \u0111\u1ed9ng theo chu tr\u00ecnh kh\u00e9p k\u00edn ch\u1ebf \u0111\u1ed9 b\u01a1m ch\u1ea5t t\u1ea9y r\u1eeda ho\u00e0n to\u00e0n t\u1ef1 \u0111\u1ed9ng, gi\u00fap b\u1ea1n kh\u00f4ng ph\u1ea3i ti\u1ebfp x\u00fac tr\u1ef1c ti\u1ebfp v\u1edbi c\u00e1c lo\u1ea1i h\u00f3a ch\u1ea5t t\u1ea9y r\u1eeda h\u00e0ng ng\u00e0y, do \u0111\u00f3 kh\u00f4ng g\u00e2y h\u1ea1i da tay. Ch\u00e2n m\u00e1y \u0111\u01b0\u1ee3c thi\u1ebft k\u1ebf ch\u1eafc ch\u1eafn, b\u1ea1n c\u00f3 th\u1ec3 di chuy\u1ec3n v\u00e0 \u0111\u1eb7t m\u00e1y \u1edf b\u1ea5t c\u1ee9 n\u01a1i n\u00e0o theo \u00fd mu\u1ed1n. Khi s\u1eed d\u1ee5ng <\/span><span style=\"font-weight: 400;\">Dolphin DW 1200<\/span><span style=\"font-weight: 400;\"> b\u1ea1n s\u1ebd ti\u1ebft ki\u1ec7m \u0111\u01b0\u1ee3c nhi\u1ec1u th\u1eddi gian h\u01a1n; b\u1ea1n c\u00f3 th\u1ec3 \u0111i l\u00e0m nh\u1eefng c\u00f4ng vi\u1ec7c kh\u00e1c trong khi m\u00e1y ho\u1ea1t \u0111\u1ed9ng.&nbsp;&nbsp;<\/span><\/p>\n","protected":false},"excerpt":{"rendered":"<ul>\n<li style=\"font-weight: 400;\"><span style=\"font-weight: 400;\">K\u00edch th\u01b0\u1edbc nh\u1ecf g\u1ecdn, kh\u00f4ng chi\u1ebfm nhi\u1ec1u di\u1ec7n t\u00edch<\/span><\/li>\n<li style=\"font-weight: 400;\"><span style=\"font-weight: 400;\">D\u1ec5 d\u00e0ng thi\u1ebft l\u1eadp th\u1eddi gian v\u00e0 chu k\u1ef3 r\u1eeda\u00a0<\/span><\/li>\n<li style=\"font-weight: 400;\"><span style=\"font-weight: 400;\">V\u00f2i phun r\u1eeda thi\u1ebft k\u1ebf v\u1edbi c\u00e1c ch\u00f9m tia 3D<\/span><\/li>\n<li style=\"font-weight: 400;\"><span style=\"font-weight: 400;\">N\u1eafp \u0111\u1eady c\u00f3 l\u1ed7 tho\u00e1t n\u01b0\u1edbc, ti\u1ec7n l\u1ee3i \u0111\u1ec3 d\u00f9ng l\u00e0m b\u00e0n ch\u1eadu r\u1eeda<\/span><\/li>\n<li style=\"font-weight: 400;\"><span style=\"font-weight: 400;\">Ti\u1ebft ki\u1ec7m \u0111i\u1ec7n n\u0103ng v\u00e0 n\u01b0\u1edbc hi\u1ec7u qu\u1ea3<\/span><\/li>\n<\/ul>\n","protected":false},"featured_media":38298,"comment_status":"open","ping_status":"closed","template":"","meta":[],"product_cat":[224,467],"product_tag":[],"_links":{"self":[{"href":"https:\/\/thucpham.com\/vinacom\/wp-json\/wp\/v2\/product\/10279"}],"collection":[{"href":"https:\/\/thucpham.com\/vinacom\/wp-json\/wp\/v2\/product"}],"about":[{"href":"https:\/\/thucpham.com\/vinacom\/wp-json\/wp\/v2\/types\/product"}],"replies":[{"embeddable":true,"href":"https:\/\/thucpham.com\/vinacom\/wp-json\/wp\/v2\/comments?post=10279"}],"wp:featuredmedia":[{"embeddable":true,"href":"https:\/\/thucpham.com\/vinacom\/wp-json\/wp\/v2\/media\/38298"}],"wp:attachment":[{"href":"https:\/\/thucpham.com\/vinacom\/wp-json\/wp\/v2\/media?parent=10279"}],"wp:term":[{"taxonomy":"product_cat","embeddable":true,"href":"https:\/\/thucpham.com\/vinacom\/wp-json\/wp\/v2\/product_cat?post=10279"},{"taxonomy":"product_tag","embeddable":true,"href":"https:\/\/thucpham.com\/vinacom\/wp-json\/wp\/v2\/product_tag?post=10279"}],"curies":[{"name":"wp","href":"https:\/\/api.w.org\/{rel}","templated":true}]}}