{"id":10276,"date":"2020-07-11T18:49:41","date_gmt":"2020-07-11T18:49:41","guid":{"rendered":"https:\/\/thucpham.com\/?post_type=product&#038;p=10276"},"modified":"2021-12-13T16:14:21","modified_gmt":"2021-12-13T09:14:21","slug":"may-rua-bat-dolphin-dw-4000","status":"publish","type":"product","link":"https:\/\/thucpham.com\/vinacom\/may-rua-bat-dolphin-dw-4000\/","title":{"rendered":"M\u00e1y R\u1eeda B\u00e1t Dolphin DW 4000"},"content":{"rendered":"<p style=\"text-align: justify;\"><b><i>M\u00e1y r\u1eeda b\u00e1t Dolphin DW 4000<\/i><\/b><span style=\"font-weight: 400;\"> l\u00e0 d\u00f2ng m\u00e1y r\u1eeda b\u00e1t c\u00f4ng nghi\u1ec7p \u0111\u01b0\u1ee3c s\u1ea3n xu\u1ea5t t\u1ea1i H\u00e0n Qu\u1ed1c v\u1edbi thi\u1ebft k\u1ebf v\u00e0 ch\u1ea5t l\u01b0\u1ee3ng \u0111\u01b0\u1ee3c ng\u01b0\u1eddi d\u00f9ng \u0111\u00e1nh gi\u00e1 cao. <\/span><span style=\"font-weight: 400;\">M\u00e1y c\u00f3 t\u00ednh n\u0103ng hi\u1ec7n \u0111\u1ea1i&nbsp; v\u1edbi m\u00e0n h\u00ecnh hi\u1ec3n th\u1ecb c\u1ea3m \u1ee9ng. Ng\u01b0\u1eddi d\u00f9ng c\u00f3 th\u1ec3 d\u1ec5 d\u00e0ng thi\u1ebft l\u1eadp th\u1eddi gian, chu k\u1ef3 r\u1eeda ch\u00e9n b\u00e1t&nbsp; t\u00f9y thu\u1ed9c v\u00e0o nhu c\u1ea7u s\u1eed d\u1ee5ng v\u1edbi v\u00e0i thao t\u00e1c \u0111\u01a1n gi\u1ea3n tr\u00ean b\u1ea3ng \u0111i\u1ec1u khi\u1ec3n. Thi\u1ebft b\u1ecb c\u00f3 c\u1ea5u t\u1ea1o b\u1eb1ng inox ch\u1eafc ch\u1eafn, b\u1ec1n \u0111\u1eb9p, sang tr\u1ecdng, c\u00f4ng su\u1ea5t cao \u0111\u00e1p \u1ee9ng \u0111\u01b0\u1ee3c s\u1ed1 l\u01b0\u1ee3ng ch\u00e9n \u0111\u0129a l\u1edbn c\u1ea7n thi\u1ebft d\u00f9ng cho nh\u00e0 h\u00e0ng, kh\u00e1ch s\u1ea1n.<\/span><\/p>\n<p><img class=\"size-full wp-image-12151 aligncenter\" src=\"https:\/\/thucpham.com\/wp-content\/uploads\/2020\/07\/may-rua-bat-dolphin-dw-4030S-banner.jpg\" alt=\"may-rua-bat-dolphin-dw-4000\" width=\"820\" height=\"656\" srcset=\"https:\/\/thucpham.com\/vinacom\/wp-content\/uploads\/2020\/07\/may-rua-bat-dolphin-dw-4030S-banner.jpg 820w, https:\/\/thucpham.com\/vinacom\/wp-content\/uploads\/2020\/07\/may-rua-bat-dolphin-dw-4030S-banner-300x240.jpg 300w, https:\/\/thucpham.com\/vinacom\/wp-content\/uploads\/2020\/07\/may-rua-bat-dolphin-dw-4030S-banner-768x614.jpg 768w, https:\/\/thucpham.com\/vinacom\/wp-content\/uploads\/2020\/07\/may-rua-bat-dolphin-dw-4030S-banner-24x19.jpg 24w, https:\/\/thucpham.com\/vinacom\/wp-content\/uploads\/2020\/07\/may-rua-bat-dolphin-dw-4030S-banner-36x29.jpg 36w, https:\/\/thucpham.com\/vinacom\/wp-content\/uploads\/2020\/07\/may-rua-bat-dolphin-dw-4030S-banner-48x38.jpg 48w, https:\/\/thucpham.com\/vinacom\/wp-content\/uploads\/2020\/07\/may-rua-bat-dolphin-dw-4030S-banner-510x408.jpg 510w\" sizes=\"(max-width: 820px) 100vw, 820px\" title=\"\"><\/p>\n<p style=\"text-align: center;\"><em>Th\u00f4ng tin s\u1ea3n ph\u1ea9m m\u00e1y r\u1eeda b\u00e1t Dolphin DW 4000<\/em><\/p>\n<p style=\"text-align: justify;\"><span style=\"font-weight: 400;\">Model <\/span><span style=\"font-weight: 400;\">DW 4000 c\u00f3 m\u1ed9t \u0111\u1eb7c \u0111i\u1ec3m n\u1ed5i b\u1eadt l\u00e0 <\/span><span style=\"font-weight: 400;\">\u0111\u01b0\u1ee3c trang b\u1ecb b\u1ed9 l\u1ecdc th\u1ee9c \u0103n Cyclon, c\u00f3 kh\u1ea3 n\u0103ng l\u1ecdc v\u00e0 x\u1ea3 s\u1ea1ch m\u1ecdi m\u1ea3nh v\u1ee5n c\u1ee7a th\u1ee9c \u0103n d\u01b0 th\u1eeba b\u00e1m tr\u00ean b\u00e1t \u0111\u0129a. Th\u00eam v\u00e0o \u0111\u00f3, h\u1ec7 th\u1ed1ng phun n\u01b0\u1edbc m\u1ea1nh m\u1ebd, gi\u00fap l\u00e0m s\u1ea1ch ch\u00e9n \u0111\u0129a v\u1eeba l\u00e0m s\u1ea1ch b\u1ed3n r\u1eeda. <\/span><b><i>M\u00e1y r\u1eeda b\u00e1t Dolphin DW 4000<\/i><\/b><span style=\"font-weight: 400;\"> s\u1eed d\u1ee5ng motor 1.2 kw ho\u1ea1t \u0111\u1ed9ng m\u1ea1nh m\u1ebd, kh\u00f4ng ch\u1ec9 gi\u00fap t\u0103ng s\u1ed1 l\u1ea7n r\u1eeda m\u00e0 c\u00f2n t\u0103ng \u0111\u1ed9 b\u1ec1n cho m\u00e1t. Ngo\u00e0i ra, m\u00e1y r\u1eeda b\u00e1t <\/span><span style=\"font-weight: 400;\">Dolphin <\/span><span style=\"font-weight: 400;\">c\u00f2n \u0111\u01b0\u1ee3c thi\u1ebft k\u1ebf v\u00f2i phun xen k\u1ebd gi\u00fap cho s\u1ea3n ph\u1ea9m ho\u00e0n thi\u1ec7n h\u01a1n.<\/span><\/p>\n","protected":false},"excerpt":{"rendered":"<ul>\n<li><span style=\"font-weight: 400;\">Linh ho\u1ea1t \u0111i\u1ec1u ch\u1ec9nh chu tr\u00ecnh r\u1eeda<\/span><\/li>\n<li><span style=\"font-weight: 400;\">B\u1ed9 l\u1ecdc l\u1ed1c xo\u00e1y Cyclon th\u00f4ng minh<\/span><\/li>\n<li><span style=\"font-weight: 400;\">M\u00e0n h\u00ecnh hi\u1ec3n th\u1ecb c\u1ea3m \u1ee9ng, \u0111\u01a1n gi\u1ea3n ti\u1ec7n l\u1ee3i khi l\u00e0m vi\u1ec7c<\/span><\/li>\n<li><span style=\"font-weight: 400;\">Motor hi\u1ec7u su\u1ea5t cao, v\u00f2i phun xen k\u1ebd<\/span><\/li>\n<li><span style=\"font-weight: 400;\">Thi\u1ebft k\u1ebf hi\u1ec7n \u0111\u1ea1i, k\u1ebft c\u1ea5u nguy\u00ean kh\u1ed1i b\u1ec1n b\u1ec9<\/span><\/li>\n<li><span style=\"font-weight: 400;\">Ti\u1ebft ki\u1ec7m \u0111i\u1ec7n l\u00ean t\u1edbi 40%, m\u00e1y v\u1eadn h\u00e0nh \u00eam \u00e1i<\/span><\/li>\n<\/ul>\n","protected":false},"featured_media":38293,"comment_status":"open","ping_status":"closed","template":"","meta":[],"product_cat":[224,467],"product_tag":[],"_links":{"self":[{"href":"https:\/\/thucpham.com\/vinacom\/wp-json\/wp\/v2\/product\/10276"}],"collection":[{"href":"https:\/\/thucpham.com\/vinacom\/wp-json\/wp\/v2\/product"}],"about":[{"href":"https:\/\/thucpham.com\/vinacom\/wp-json\/wp\/v2\/types\/product"}],"replies":[{"embeddable":true,"href":"https:\/\/thucpham.com\/vinacom\/wp-json\/wp\/v2\/comments?post=10276"}],"wp:featuredmedia":[{"embeddable":true,"href":"https:\/\/thucpham.com\/vinacom\/wp-json\/wp\/v2\/media\/38293"}],"wp:attachment":[{"href":"https:\/\/thucpham.com\/vinacom\/wp-json\/wp\/v2\/media?parent=10276"}],"wp:term":[{"taxonomy":"product_cat","embeddable":true,"href":"https:\/\/thucpham.com\/vinacom\/wp-json\/wp\/v2\/product_cat?post=10276"},{"taxonomy":"product_tag","embeddable":true,"href":"https:\/\/thucpham.com\/vinacom\/wp-json\/wp\/v2\/product_tag?post=10276"}],"curies":[{"name":"wp","href":"https:\/\/api.w.org\/{rel}","templated":true}]}}