{"id":10273,"date":"2020-07-11T18:46:05","date_gmt":"2020-07-11T18:46:05","guid":{"rendered":"https:\/\/thucpham.com\/?post_type=product&#038;p=10273"},"modified":"2021-12-13T16:13:36","modified_gmt":"2021-12-13T09:13:36","slug":"may-rua-bat-dolphin-dw-5000","status":"publish","type":"product","link":"https:\/\/thucpham.com\/vinacom\/may-rua-bat-dolphin-dw-5000\/","title":{"rendered":"M\u00e1y R\u1eeda B\u00e1t Dolphin DW 5000"},"content":{"rendered":"<p style=\"text-align: justify;\"><b><i>M\u00e1y r\u1eeda b\u00e1t Dolphin DW 5000<\/i><\/b><span style=\"font-weight: 400;\"> l\u00e0 m\u1ed9t trong nh\u1eefng d\u00f2ng m\u00e1y \u0111\u01b0\u1ee3c \u01b0a chu\u1ed9ng t\u1ea1i th\u1ecb tr\u01b0\u1eddng Vi\u1ec7t Nam, s\u1ea3n xu\u1ea5t tr\u00ean d\u00e2y chuy\u1ec1n hi\u1ec7n \u0111\u1ea1i, s\u1eed d\u1ee5ng c\u00f4ng ngh\u1ec7 cao c\u1ee7a H\u00e0n Qu\u1ed1c. DW 5000 \u0111\u01b0\u1ee3c thi\u1ebft k\u1ebf b\u1eb1ng ch\u1ea5t li\u1ec7u inox cho \u0111\u1ed9 b\u1ec1n cao, lu\u00f4n gi\u1eef cho s\u1ea3n ph\u1ea9m v\u1ebb ngo\u00e0i s\u00e1ng b\u00f3ng, t\u00f4n l\u00ean v\u1ebb sang tr\u1ecdng, chuy\u00ean nghi\u1ec7p cho kh\u00f4ng gian b\u1ebfp c\u1ee7a b\u1ea1n. Chi\u1ebfc m\u00e1y n\u00e0y s\u1eed d\u1ee5ng v\u00f4 c\u00f9ng \u0111\u01a1n gi\u1ea3n nh\u1edd b\u1ed9 \u0111i\u1ec1u khi\u1ec3n t\u1eeb xa c\u00f3 thi\u1ebft k\u1ebf th\u00f4ng minh. B\u1ea1n d\u1ec5 d\u00e0ng gi\u00e1m s\u00e1t quy tr\u00ecnh r\u1eeda b\u00e1t, thi\u1ebft l\u1eadp th\u1eddi gian, chu k\u1ef3 r\u1eeda ch\u1ec9 v\u1edbi v\u00e0i thao t\u00e1c \u0111\u01a1n gi\u1ea3n.&nbsp;<\/span><\/p>\n<p><img class=\"size-full wp-image-12073 aligncenter\" src=\"https:\/\/thucpham.com\/wp-content\/uploads\/2020\/07\/may-rua-bat-dolphin-dw-5000-banner.jpg\" alt=\"may-rua-bat-dolphin-dw-5000\" width=\"820\" height=\"656\" srcset=\"https:\/\/thucpham.com\/vinacom\/wp-content\/uploads\/2020\/07\/may-rua-bat-dolphin-dw-5000-banner.jpg 820w, https:\/\/thucpham.com\/vinacom\/wp-content\/uploads\/2020\/07\/may-rua-bat-dolphin-dw-5000-banner-300x240.jpg 300w, https:\/\/thucpham.com\/vinacom\/wp-content\/uploads\/2020\/07\/may-rua-bat-dolphin-dw-5000-banner-768x614.jpg 768w, https:\/\/thucpham.com\/vinacom\/wp-content\/uploads\/2020\/07\/may-rua-bat-dolphin-dw-5000-banner-24x19.jpg 24w, https:\/\/thucpham.com\/vinacom\/wp-content\/uploads\/2020\/07\/may-rua-bat-dolphin-dw-5000-banner-36x29.jpg 36w, https:\/\/thucpham.com\/vinacom\/wp-content\/uploads\/2020\/07\/may-rua-bat-dolphin-dw-5000-banner-48x38.jpg 48w, https:\/\/thucpham.com\/vinacom\/wp-content\/uploads\/2020\/07\/may-rua-bat-dolphin-dw-5000-banner-510x408.jpg 510w\" sizes=\"(max-width: 820px) 100vw, 820px\" title=\"\"><\/p>\n<p style=\"text-align: center;\"><em>Th\u00f4ng tin s\u1ea3n ph\u1ea9m m\u00e1y r\u1eeda b\u00e1t Dolphin DW 5000<\/em><\/p>\n<p style=\"text-align: justify;\"><b><i>M\u00e1y r\u1eeda b\u00e1t Dolphin DW 5000<\/i><\/b><span style=\"font-weight: 400;\"> \u0111\u01b0\u1ee3c trang b\u1ecb <\/span><span style=\"font-weight: 400;\">v\u00f2i phun ch\u00f9m tia 3D, cho g\u00f3c phun t\u1ed1i \u01b0u v\u00e0 th\u1ef1c hi\u1ec7n hi\u1ec7u qu\u1ea3 r\u1eeda m\u1ea1nh. B\u1ed9 ph\u1eadn \u0111\u1ea7u phun r\u1eeda x\u1ea3 s\u1ea1ch s\u1ebd, \u0111\u1ea3m b\u1ea3o lo\u1ea1i b\u1ecf ho\u00e0n to\u00e0n ch\u1ea5t t\u1ea9y r\u1eeda d\u01b0 th\u1eeba ra kh\u1ecfi m\u00e1y, gi\u00fap ng\u0103n ng\u1eeba s\u1ef1 nhi\u1ec5m b\u1ea9n l\u1ea1i t\u1eeb h\u00f3a ch\u1ea5t r\u1eeda. Nhi\u1ec7t \u0111\u1ed9 tr\u00e1ng l\u00ean t\u1edbi 80-85 \u0111\u1ed9 C, \u0111\u1ea3m b\u1ea3o lo\u1ea1i b\u1ecf \u0111\u01b0\u1ee3c m\u00f9i h\u00f4i tanh th\u00e2m ch\u00ed c\u1ea3 vi khu\u1ea9n tr\u00ean b\u00e1t \u0111\u0129a.<\/span><\/p>\n","protected":false},"excerpt":{"rendered":"<ul>\n<li style=\"font-weight: 400;\"><span style=\"font-weight: 400;\">C\u00f4ng ngh\u1ec7 s\u1ea3n xu\u1ea5t hi\u1ec7n \u0111\u1ea1i t\u1eeb H\u00e0n Qu\u1ed1c<\/span><\/li>\n<li style=\"font-weight: 400;\"><span style=\"font-weight: 400;\">S\u1ea3n xu\u1ea5t b\u1eb1ng ch\u1ea5t li\u1ec7u inox ch\u1ed1ng g\u1ec9 s\u00e9t<\/span><\/li>\n<li style=\"font-weight: 400;\"><span style=\"font-weight: 400;\">Thi\u1ebft k\u1ebf th\u00e2n thi\u1ec7n v\u1edbi ng\u01b0\u1eddi s\u1eed d\u1ee5ng<\/span><\/li>\n<li style=\"font-weight: 400;\"><span style=\"font-weight: 400;\">B\u01a1m n\u01b0\u1edbc m\u1ea1nh m\u1ebd, t\u1ea1o ti\u1ebfng \u1ed3n th\u1ea5p<\/span><\/li>\n<li style=\"font-weight: 400;\"><span style=\"font-weight: 400;\">V\u00f2i phun ch\u00f9m 3D r\u1eeda nhanh, r\u1eeda m\u1ea1nh, r\u1eeda s\u1ea1ch<\/span><\/li>\n<li style=\"font-weight: 400;\"><span style=\"font-weight: 400;\">Thi\u1ebft k\u1ebf g\u1ecdn g\u00e0ng, k\u1ebft c\u1ea5u ch\u1eafc ch\u1eafn<\/span><\/li>\n<\/ul>\n","protected":false},"featured_media":38287,"comment_status":"open","ping_status":"closed","template":"","meta":[],"product_cat":[224,467],"product_tag":[],"_links":{"self":[{"href":"https:\/\/thucpham.com\/vinacom\/wp-json\/wp\/v2\/product\/10273"}],"collection":[{"href":"https:\/\/thucpham.com\/vinacom\/wp-json\/wp\/v2\/product"}],"about":[{"href":"https:\/\/thucpham.com\/vinacom\/wp-json\/wp\/v2\/types\/product"}],"replies":[{"embeddable":true,"href":"https:\/\/thucpham.com\/vinacom\/wp-json\/wp\/v2\/comments?post=10273"}],"wp:featuredmedia":[{"embeddable":true,"href":"https:\/\/thucpham.com\/vinacom\/wp-json\/wp\/v2\/media\/38287"}],"wp:attachment":[{"href":"https:\/\/thucpham.com\/vinacom\/wp-json\/wp\/v2\/media?parent=10273"}],"wp:term":[{"taxonomy":"product_cat","embeddable":true,"href":"https:\/\/thucpham.com\/vinacom\/wp-json\/wp\/v2\/product_cat?post=10273"},{"taxonomy":"product_tag","embeddable":true,"href":"https:\/\/thucpham.com\/vinacom\/wp-json\/wp\/v2\/product_tag?post=10273"}],"curies":[{"name":"wp","href":"https:\/\/api.w.org\/{rel}","templated":true}]}}