{"id":10253,"date":"2020-07-11T18:15:56","date_gmt":"2020-07-11T18:15:56","guid":{"rendered":"https:\/\/thucpham.com\/?post_type=product&#038;p=10253"},"modified":"2021-12-07T14:02:17","modified_gmt":"2021-12-07T07:02:17","slug":"bep-ham-nong-cafe-1-bep-berjaya","status":"publish","type":"product","link":"https:\/\/thucpham.com\/vinacom\/bep-ham-nong-cafe-1-bep-berjaya\/","title":{"rendered":"B\u1ebfp H\u00e2m N\u00f3ng Cafe 1 B\u1ebfp Berjaya"},"content":{"rendered":"<p style=\"text-align: justify\"><b><i>B\u1ebfp h\u00e2m n\u00f3ng cafe 1 b\u1ebfp Berjaya<\/i><\/b><span style=\"font-weight: 400\"> nh\u1eadp kh\u1ea9u tr\u1ef1c ti\u1ebfp t\u1eeb Malaysia, l\u00e0 <\/span><span style=\"font-weight: 400\">thi\u1ebft b\u1ecb kh\u00f4ng th\u1ec3 thi\u1ebfu t\u1ea1i c\u00e1c qu\u00e1n cafe hay th\u1eadm ch\u00ed trong v\u0103n ph\u00f2ng l\u00e0m vi\u1ec7c. B\u1ebfp s\u1edf h\u1eefu thi\u1ebft k\u1ebf v\u00f4 c\u00f9ng \u0111\u01a1n gi\u1ea3n, 2 l\u1ed7 tho\u00e1t h\u01a1i, 2 n\u00fat b\u1eadt\/t\u1eaft b\u1ebfp v\u00e0 4 ch\u00e2n \u0111\u1ebf, b\u1ea5t k\u1ef3 ai c\u0169ng c\u00f3 th\u1ec3 s\u1eed d\u1ee5ng. Ngo\u00e0i c\u00f4ng d\u1ee5ng ch\u00ednh l\u00e0 h\u00e2m n\u00f3ng cafe, chi\u1ebfc b\u1ebfp n\u00e0y c\u00f2n \u0111\u01b0\u1ee3c s\u1eed d\u1ee5ng nh\u01b0 m\u1ed9t chi\u1ebfc b\u1ebfp b\u00ecnh th\u01b0\u1eddng \u0111\u1ec3 \u0111un n\u00f3ng s\u00fap, ch\u00e1o, canh\u2026<\/span><\/p>\n<p><img class=\"size-full wp-image-11994 aligncenter\" src=\"https:\/\/thucpham.com\/wp-content\/uploads\/2020\/07\/bep-ham-nong-cafe-1-bep-berjaya-banner.jpg\" alt=\"bep-ham-nong-cafe-1-bep-berjaya\" width=\"820\" height=\"656\" srcset=\"https:\/\/thucpham.com\/vinacom\/wp-content\/uploads\/2020\/07\/bep-ham-nong-cafe-1-bep-berjaya-banner.jpg 820w, https:\/\/thucpham.com\/vinacom\/wp-content\/uploads\/2020\/07\/bep-ham-nong-cafe-1-bep-berjaya-banner-300x240.jpg 300w, https:\/\/thucpham.com\/vinacom\/wp-content\/uploads\/2020\/07\/bep-ham-nong-cafe-1-bep-berjaya-banner-768x614.jpg 768w, https:\/\/thucpham.com\/vinacom\/wp-content\/uploads\/2020\/07\/bep-ham-nong-cafe-1-bep-berjaya-banner-24x19.jpg 24w, https:\/\/thucpham.com\/vinacom\/wp-content\/uploads\/2020\/07\/bep-ham-nong-cafe-1-bep-berjaya-banner-36x29.jpg 36w, https:\/\/thucpham.com\/vinacom\/wp-content\/uploads\/2020\/07\/bep-ham-nong-cafe-1-bep-berjaya-banner-48x38.jpg 48w, https:\/\/thucpham.com\/vinacom\/wp-content\/uploads\/2020\/07\/bep-ham-nong-cafe-1-bep-berjaya-banner-510x408.jpg 510w\" sizes=\"(max-width: 820px) 100vw, 820px\" title=\"\"><\/p>\n<p style=\"text-align: center\"><em>Th\u00f4ng tin s\u1ea3n ph\u1ea9m b\u1ebfp h\u00e2m n\u00f3ng cafe 1 b\u1ebfp Berjaya<\/em><\/p>\n<p style=\"text-align: justify\"><span style=\"font-weight: 400\">B\u1ec1 m\u1eb7t b\u1ebfp <\/span><span style=\"font-weight: 400\">thi\u1ebft k\u1ebf b\u1eb1ng inox cao c\u1ea5p, ch\u1eafc ch\u1eafn, ch\u1ecbu nhi\u1ec7t t\u1ed1t, an to\u00e0n khi ti\u1ebfp x\u00fac nhi\u1ec7t \u0111\u1ed9 cao th\u01b0\u1eddng xuy\u00ean. Ch\u1ea5t li\u1ec7u inox c\u0169ng gi\u1eef cho thi\u1ebft b\u1ecb lu\u00f4n c\u00f3 v\u1ebb ngo\u00e0i s\u1ea1ch s\u1ebd, s\u00e1ng b\u00f3ng khi\u1ebfn cho kh\u00f4ng gian l\u1eafp \u0111\u1eb7t tr\u1edf n\u00ean sang tr\u1ecdng v\u00e0 chuy\u00ean nghi\u1ec7p h\u01a1n. Ngo\u00e0i ra, <\/span><span style=\"font-weight: 400\">b\u1ebfp h\u00e2m cafe Berjaya k\u1ebft h\u1ee3p v\u1edbi b\u00ecnh \u0111un chuy\u00ean d\u1ee5ng c\u00f3 \u0111\u00e1y b\u1eb1ng ch\u1ea5t li\u1ec7u inox v\u00e0 th\u00e2n l\u00e0m b\u1eb1ng th\u1ee7y tinh, gi\u00fap h\u00e2m n\u00f3ng cafe nhanh n\u00f3ng h\u01a1n v\u00e0 gi\u1eef nhi\u1ec7t l\u00e2u h\u01a1n. V\u1edbi&nbsp;<\/span><b><i>b\u1ebfp h\u00e2m n\u00f3ng cafe 1 b\u1ebfp Berjaya<\/i><\/b>, nh\u1eefng&nbsp;ly cafe lu\u00f4n gi\u1eef \u0111\u01b0\u1ee3c nhi\u1ec7t \u0111\u1ed9 n\u00f3ng h\u1ed5i v\u00e0 h\u01b0\u01a1ng v\u1ecb th\u01a1m ngon nh\u01b0 l\u1ea7n \u0111\u1ea7u m\u1edbi pha.<\/p>\n","protected":false},"excerpt":{"rendered":"<ul>\n<li style=\"font-weight: 400\"><span style=\"font-weight: 400\">V\u1ecf ngo\u00e0i b\u1eb1ng inox ch\u1ea5t l\u01b0\u1ee3ng cao, ch\u1ecbu nhi\u1ec7t t\u1ed1t, cho \u0111\u1ed9 b\u1ec1n cao<\/span><\/li>\n<li style=\"font-weight: 400\"><span style=\"font-weight: 400\">L\u00f5i l\u00e0m b\u1eb1ng gang cao c\u1ea5p, truy\u1ec1n nhi\u1ec7t hi\u1ec7u qu\u1ea3<\/span><\/li>\n<li style=\"font-weight: 400\"><span style=\"font-weight: 400\">H\u00e2m v\u00e0 gi\u1eef n\u00f3ng cafe trong th\u1eddi gian d\u00e0i<\/span><\/li>\n<li style=\"font-weight: 400\"><span style=\"font-weight: 400\">Gi\u00fap h\u00e2m n\u00f3ng c\u00e1c lo\u1ea1i \u0111\u1ed3 u\u1ed1ng kh\u00e1c ngo\u00e0i cafe<\/span><\/li>\n<li style=\"font-weight: 400\"><span style=\"font-weight: 400\">Ho\u1ea1t \u0111\u1ed9ng \u0111un n\u00f3ng ti\u1ebft ki\u1ec7m \u0111i\u1ec7n n\u0103ng<\/span><\/li>\n<li style=\"font-weight: 400\"><span style=\"font-weight: 400\">Thi\u1ebft k\u1ebf an to\u00e0n, d\u1ec5 s\u1eed d\u1ee5ng<\/span><\/li>\n<\/ul>\n","protected":false},"featured_media":38165,"comment_status":"open","ping_status":"closed","template":"","meta":[],"product_cat":[223,248],"product_tag":[],"_links":{"self":[{"href":"https:\/\/thucpham.com\/vinacom\/wp-json\/wp\/v2\/product\/10253"}],"collection":[{"href":"https:\/\/thucpham.com\/vinacom\/wp-json\/wp\/v2\/product"}],"about":[{"href":"https:\/\/thucpham.com\/vinacom\/wp-json\/wp\/v2\/types\/product"}],"replies":[{"embeddable":true,"href":"https:\/\/thucpham.com\/vinacom\/wp-json\/wp\/v2\/comments?post=10253"}],"wp:featuredmedia":[{"embeddable":true,"href":"https:\/\/thucpham.com\/vinacom\/wp-json\/wp\/v2\/media\/38165"}],"wp:attachment":[{"href":"https:\/\/thucpham.com\/vinacom\/wp-json\/wp\/v2\/media?parent=10253"}],"wp:term":[{"taxonomy":"product_cat","embeddable":true,"href":"https:\/\/thucpham.com\/vinacom\/wp-json\/wp\/v2\/product_cat?post=10253"},{"taxonomy":"product_tag","embeddable":true,"href":"https:\/\/thucpham.com\/vinacom\/wp-json\/wp\/v2\/product_tag?post=10253"}],"curies":[{"name":"wp","href":"https:\/\/api.w.org\/{rel}","templated":true}]}}