{"id":10067,"date":"2020-07-10T22:16:22","date_gmt":"2020-07-10T15:16:22","guid":{"rendered":"https:\/\/thucpham.com\/?post_type=product&#038;p=10067"},"modified":"2022-01-26T09:59:39","modified_gmt":"2022-01-26T02:59:39","slug":"may-lam-da-vien-hai-au-ha-60-60kg-24h","status":"publish","type":"product","link":"https:\/\/thucpham.com\/vinacom\/may-lam-da-vien-hai-au-ha-60-60kg-24h\/","title":{"rendered":"M\u00e1y L\u00e0m \u0110\u00e1 Vi\u00ean H\u1ea3i \u00c2u HA 60 (60kg\/24h)"},"content":{"rendered":"","protected":false},"excerpt":{"rendered":"","protected":false},"featured_media":37649,"comment_status":"open","ping_status":"closed","template":"","meta":[],"product_cat":[221,248],"product_tag":[],"_links":{"self":[{"href":"https:\/\/thucpham.com\/vinacom\/wp-json\/wp\/v2\/product\/10067"}],"collection":[{"href":"https:\/\/thucpham.com\/vinacom\/wp-json\/wp\/v2\/product"}],"about":[{"href":"https:\/\/thucpham.com\/vinacom\/wp-json\/wp\/v2\/types\/product"}],"replies":[{"embeddable":true,"href":"https:\/\/thucpham.com\/vinacom\/wp-json\/wp\/v2\/comments?post=10067"}],"wp:featuredmedia":[{"embeddable":true,"href":"https:\/\/thucpham.com\/vinacom\/wp-json\/wp\/v2\/media\/37649"}],"wp:attachment":[{"href":"https:\/\/thucpham.com\/vinacom\/wp-json\/wp\/v2\/media?parent=10067"}],"wp:term":[{"taxonomy":"product_cat","embeddable":true,"href":"https:\/\/thucpham.com\/vinacom\/wp-json\/wp\/v2\/product_cat?post=10067"},{"taxonomy":"product_tag","embeddable":true,"href":"https:\/\/thucpham.com\/vinacom\/wp-json\/wp\/v2\/product_tag?post=10067"}],"curies":[{"name":"wp","href":"https:\/\/api.w.org\/{rel}","templated":true}]}}