{"id":10055,"date":"2020-07-10T21:47:27","date_gmt":"2020-07-10T14:47:27","guid":{"rendered":"https:\/\/thucpham.com\/?post_type=product&#038;p=10055"},"modified":"2022-01-26T10:00:06","modified_gmt":"2022-01-26T03:00:06","slug":"may-lam-da-vien-hai-au-ha-500","status":"publish","type":"product","link":"https:\/\/thucpham.com\/vinacom\/may-lam-da-vien-hai-au-ha-500\/","title":{"rendered":"M\u00e1y L\u00e0m \u0110\u00e1 Vi\u00ean H\u1ea3i \u00c2u HA 500"},"content":{"rendered":"","protected":false},"excerpt":{"rendered":"","protected":false},"featured_media":37542,"comment_status":"open","ping_status":"closed","template":"","meta":[],"product_cat":[221,248],"product_tag":[],"_links":{"self":[{"href":"https:\/\/thucpham.com\/vinacom\/wp-json\/wp\/v2\/product\/10055"}],"collection":[{"href":"https:\/\/thucpham.com\/vinacom\/wp-json\/wp\/v2\/product"}],"about":[{"href":"https:\/\/thucpham.com\/vinacom\/wp-json\/wp\/v2\/types\/product"}],"replies":[{"embeddable":true,"href":"https:\/\/thucpham.com\/vinacom\/wp-json\/wp\/v2\/comments?post=10055"}],"wp:featuredmedia":[{"embeddable":true,"href":"https:\/\/thucpham.com\/vinacom\/wp-json\/wp\/v2\/media\/37542"}],"wp:attachment":[{"href":"https:\/\/thucpham.com\/vinacom\/wp-json\/wp\/v2\/media?parent=10055"}],"wp:term":[{"taxonomy":"product_cat","embeddable":true,"href":"https:\/\/thucpham.com\/vinacom\/wp-json\/wp\/v2\/product_cat?post=10055"},{"taxonomy":"product_tag","embeddable":true,"href":"https:\/\/thucpham.com\/vinacom\/wp-json\/wp\/v2\/product_tag?post=10055"}],"curies":[{"name":"wp","href":"https:\/\/api.w.org\/{rel}","templated":true}]}}