{"id":10031,"date":"2020-07-10T21:15:51","date_gmt":"2020-07-10T14:15:51","guid":{"rendered":"https:\/\/thucpham.com\/?post_type=product&#038;p=10031"},"modified":"2024-10-23T10:47:50","modified_gmt":"2024-10-23T03:47:50","slug":"may-lam-da-vay-hai-au-hav-600","status":"publish","type":"product","link":"https:\/\/thucpham.com\/vinacom\/may-lam-da-vay-hai-au-hav-600\/","title":{"rendered":"M\u00e1y L\u00e0m \u0110\u00e1 V\u1ea3y H\u1ea3i \u00c2u HAV 600"},"content":{"rendered":"","protected":false},"excerpt":{"rendered":"","protected":false},"featured_media":37394,"comment_status":"open","ping_status":"closed","template":"","meta":[],"product_cat":[220,254],"product_tag":[],"_links":{"self":[{"href":"https:\/\/thucpham.com\/vinacom\/wp-json\/wp\/v2\/product\/10031"}],"collection":[{"href":"https:\/\/thucpham.com\/vinacom\/wp-json\/wp\/v2\/product"}],"about":[{"href":"https:\/\/thucpham.com\/vinacom\/wp-json\/wp\/v2\/types\/product"}],"replies":[{"embeddable":true,"href":"https:\/\/thucpham.com\/vinacom\/wp-json\/wp\/v2\/comments?post=10031"}],"wp:featuredmedia":[{"embeddable":true,"href":"https:\/\/thucpham.com\/vinacom\/wp-json\/wp\/v2\/media\/37394"}],"wp:attachment":[{"href":"https:\/\/thucpham.com\/vinacom\/wp-json\/wp\/v2\/media?parent=10031"}],"wp:term":[{"taxonomy":"product_cat","embeddable":true,"href":"https:\/\/thucpham.com\/vinacom\/wp-json\/wp\/v2\/product_cat?post=10031"},{"taxonomy":"product_tag","embeddable":true,"href":"https:\/\/thucpham.com\/vinacom\/wp-json\/wp\/v2\/product_tag?post=10031"}],"curies":[{"name":"wp","href":"https:\/\/api.w.org\/{rel}","templated":true}]}}