{"id":10013,"date":"2020-07-10T20:00:39","date_gmt":"2020-07-10T20:00:39","guid":{"rendered":"https:\/\/thucpham.com\/?post_type=product&#038;p=10013"},"modified":"2024-03-01T08:10:30","modified_gmt":"2024-03-01T01:10:30","slug":"may-lam-da-vay-hai-au-hav-1700","status":"publish","type":"product","link":"https:\/\/thucpham.com\/vinacom\/may-lam-da-vay-hai-au-hav-1700\/","title":{"rendered":"M\u00e1y L\u00e0m \u0110\u00e1 V\u1ea3y H\u1ea3i \u00c2u HAV 1700"},"content":{"rendered":"","protected":false},"excerpt":{"rendered":"","protected":false},"featured_media":37356,"comment_status":"open","ping_status":"closed","template":"","meta":[],"product_cat":[220,254],"product_tag":[],"_links":{"self":[{"href":"https:\/\/thucpham.com\/vinacom\/wp-json\/wp\/v2\/product\/10013"}],"collection":[{"href":"https:\/\/thucpham.com\/vinacom\/wp-json\/wp\/v2\/product"}],"about":[{"href":"https:\/\/thucpham.com\/vinacom\/wp-json\/wp\/v2\/types\/product"}],"replies":[{"embeddable":true,"href":"https:\/\/thucpham.com\/vinacom\/wp-json\/wp\/v2\/comments?post=10013"}],"wp:featuredmedia":[{"embeddable":true,"href":"https:\/\/thucpham.com\/vinacom\/wp-json\/wp\/v2\/media\/37356"}],"wp:attachment":[{"href":"https:\/\/thucpham.com\/vinacom\/wp-json\/wp\/v2\/media?parent=10013"}],"wp:term":[{"taxonomy":"product_cat","embeddable":true,"href":"https:\/\/thucpham.com\/vinacom\/wp-json\/wp\/v2\/product_cat?post=10013"},{"taxonomy":"product_tag","embeddable":true,"href":"https:\/\/thucpham.com\/vinacom\/wp-json\/wp\/v2\/product_tag?post=10013"}],"curies":[{"name":"wp","href":"https:\/\/api.w.org\/{rel}","templated":true}]}}