{"id":10004,"date":"2020-07-10T19:42:36","date_gmt":"2020-07-10T12:42:36","guid":{"rendered":"https:\/\/thucpham.com\/?post_type=product&#038;p=10004"},"modified":"2024-10-25T16:35:45","modified_gmt":"2024-10-25T09:35:45","slug":"may-giat-cong-nghiep-powerline-he-60","status":"publish","type":"product","link":"https:\/\/thucpham.com\/vinacom\/may-giat-cong-nghiep-powerline-he-60\/","title":{"rendered":"M\u00e1y Gi\u1eb7t C\u00f4ng Nghi\u1ec7p Powerline HE-60"},"content":{"rendered":"<h2><strong><span style=\"font-size: 85%;\">Th\u00f4ng tin s\u1ea3n ph\u1ea9m<\/span><\/strong><\/h2>\n<p style=\"text-align: justify;\"><span style=\"font-weight: 400;\">S\u1edf h\u1eefu c\u00f4ng su\u1ea5t gi\u1eb7t t\u1ed1i \u0111a l\u00ean \u0111\u1ebfn 27kg\/ m\u1ebb gi\u1eb7t k\u1ebft h\u1ee3p v\u1edbi ngh\u1ec7 gi\u1eb7t m\u1edbi ti\u00ean ti\u1ebfn b\u1eb1ng kh\u00f4ng kh\u00ed, gi\u00fap di\u1ec7t khu\u1ea9n hi\u1ec7u qu\u1ea3 nh\u1edd s\u1ee9c m\u1ea1nh ozon, <\/span><b>m\u00e1y gi\u1eb7t c\u00f4ng nghi\u1ec7p Powerline HE-60<\/b><span style=\"font-weight: 400;\"> l\u00e0 m\u1ed9t thi\u1ebft b\u1ecb h\u1ed7 tr\u1ee3 \u0111\u1eafc l\u1ef1c v\u00e0 v\u00f4 c\u00f9ng c\u1ea7n thi\u1ebft trong nh\u1eefng ti\u1ec7m gi\u1eb7t l\u00e0, nh\u00e0 h\u00e0ng l\u1edbn, kh\u00e1ch s\u1ea1n, khu resort,\u2026<\/span><\/p>\n<p><img class=\"aligncenter wp-image-12110 size-full\" src=\"https:\/\/thucpham.com\/wp-content\/uploads\/2020\/07\/may-giat-cong-nghiep-powerline-he-60-banner.jpg\" alt=\"M\u00e1y Gi\u1eb7t C\u00f4ng Nghi\u1ec7p Powerline HE-60\" width=\"820\" height=\"656\" srcset=\"https:\/\/thucpham.com\/vinacom\/wp-content\/uploads\/2020\/07\/may-giat-cong-nghiep-powerline-he-60-banner.jpg 820w, https:\/\/thucpham.com\/vinacom\/wp-content\/uploads\/2020\/07\/may-giat-cong-nghiep-powerline-he-60-banner-300x240.jpg 300w, https:\/\/thucpham.com\/vinacom\/wp-content\/uploads\/2020\/07\/may-giat-cong-nghiep-powerline-he-60-banner-768x614.jpg 768w, https:\/\/thucpham.com\/vinacom\/wp-content\/uploads\/2020\/07\/may-giat-cong-nghiep-powerline-he-60-banner-24x19.jpg 24w, https:\/\/thucpham.com\/vinacom\/wp-content\/uploads\/2020\/07\/may-giat-cong-nghiep-powerline-he-60-banner-36x29.jpg 36w, https:\/\/thucpham.com\/vinacom\/wp-content\/uploads\/2020\/07\/may-giat-cong-nghiep-powerline-he-60-banner-48x38.jpg 48w, https:\/\/thucpham.com\/vinacom\/wp-content\/uploads\/2020\/07\/may-giat-cong-nghiep-powerline-he-60-banner-510x408.jpg 510w\" sizes=\"(max-width: 820px) 100vw, 820px\" title=\"\"><\/p>\n<p style=\"text-align: center;\"><em>Th\u00f4ng tin s\u1ea3n ph\u1ea9m m\u00e1y gi\u1eb7t c\u00f4ng nghi\u1ec7p Powerline HE-60<\/em><\/p>\n<h2><span style=\"font-size: 85%;\"><b>\u01afu \u0111i\u1ec3m m\u00e1y gi\u1eb7t c\u00f4ng nghi\u1ec7p Powerline HE-60<\/b><\/span><\/h2>\n<p><span style=\"font-weight: 400;\">To\u00e0n b\u1ed9 c\u00e1c b\u1ed9 ph\u1eadn li\u00ean quan \u0111\u1ebfn qu\u00e1 tr\u00ecnh gi\u1eb7t c\u1ee7a <b>m\u00e1y gi\u1eb7t c\u00f4ng nghi\u1ec7p Powerline HE-60<\/b> \u0111\u1ec1u \u0111\u01b0\u1ee3c k\u1ebft c\u1ea5u b\u1eb1ng <a href=\"https:\/\/vi.wikipedia.org\/wiki\/Th%C3%A9p_kh%C3%B4ng_g%E1%BB%89\" target=\"_blank\" rel=\"noopener nofollow\" data-schema-attribute=\"\">inox 304<\/a> cao c\u1ea5p, c\u00f3 \u0111\u1ed9 b\u1ec1n cao, \u00edt b\u00e1m b\u1ee5i b\u1ea9n hay b\u1ecb bi\u1ebfn ch\u1ea5t sau th\u1eddi gian d\u00e0i s\u1eed d\u1ee5ng. Ngo\u00e0i ra, l\u1edbp v\u1ecf s\u01a1n t\u0129nh \u0111i\u1ec7n \u1edf ph\u1ea7n v\u1ecf m\u00e1y gi\u00fap \u0111\u1ea3m b\u1ea3o an to\u00e0n cho ng\u01b0\u1eddi d\u00f9ng khi v\u00f4 t\u00ecnh ch\u1ea1m tay v\u00e0o trong l\u00fac m\u00e1y \u0111ang ho\u1ea1t \u0111\u1ed9ng.<\/span><\/p>\n<p style=\"text-align: justify;\"><b>M\u00e1y gi\u1eb7t c\u00f4ng nghi\u1ec7p Powerline HE-60<\/b><span style=\"font-weight: 400;\"> c\u00f3 thi\u1ebft k\u1ebf v\u00f4 c\u00f9ng th\u00f4ng minh v\u00e0 ti\u1ec7n l\u1ee3i khi n\u00f3 \u0111\u01b0\u1ee3c trang b\u1ecb 4 khoang cung c\u1ea5p h\u00f3a ch\u1ea5t gi\u1eb7t d\u1ea1ng l\u1ecfng\/b\u1ed9t c\u00f9ng v\u1edbi 5 van n\u1ed1i v\u00e0 1 v\u00f2i phun cho qu\u00e1 tr\u00ecnh cung c\u1ea5p ch\u1ea5t gi\u1eb7t d\u1ea1ng l\u1ecfng; do \u0111\u00f3, b\u1ea1n c\u00f3 th\u1ec3 d\u00f9ng s\u1eed d\u1ee5ng nhi\u1ec1u lo\u1ea1i ch\u1ea5t gi\u1eb7t cho nhi\u1ec1u lo\u1ea1i qu\u1ea7n \u00e1o kh\u00e1c nhau. <\/span><\/p>\n<p style=\"text-align: justify;\"><span style=\"font-weight: 400;\">Th\u00eam v\u00e0o \u0111\u00f3, <b>m\u00e1y gi\u1eb7t c\u00f4ng nghi\u1ec7p Powerline HE-60<\/b> c\u00f2n \u0111\u01b0\u1ee3c c\u00e0i \u0111\u1eb7t s\u1eb5n 10 ch\u1ebf \u0111\u1ed9 gi\u1eb7t v\u00e0 cho ph\u00e9p l\u1eadp tr\u00ecnh l\u00ean \u0111\u1ebfn 30 chu tr\u00ecnh gi\u1eb7t kh\u00e1c nhau, cho ph\u00e9p ng\u01b0\u1eddi d\u00f9ng thi\u1ebft l\u1eadp c\u00e1c quy tr\u00ecnh gi\u1eb7t ph\u00f9 h\u1ee3p v\u1edbi t\u1eebng lo\u1ea1i s\u1ea3n ph\u1ea9m, n\u00e2ng cao hi\u1ec7u qu\u1ea3 gi\u1eb7t t\u1ea9y. B\u1ed9 \u0111i\u1ec1u khi\u1ec3n bi\u1ebfn t\u1ea7n m\u1ed9t chi\u1ec1u v\u00e0 m\u00e0n h\u00ecnh LCD hi\u1ec3n th\u1ecb th\u00f4ng s\u1ed1 r\u00f5 r\u00e0ng, gi\u00fap b\u1ea1n d\u1ec5 d\u00e0ng c\u00e0i \u0111\u1eb7t ch\u1ebf \u0111\u1ed9 gi\u1eb7t theo \u00fd mu\u1ed1n.<\/span><\/p>\n<p><em>M\u00e1y gi\u1eb7t c\u00f4ng nghi\u1ec7p Powerline HE-60 <\/em>v\u1edbi c\u00e1ch v\u1eadn h\u00e0nh \u00eam \u00e1i, c\u00f4ng su\u1ea5t l\u1edbn v\u00e0 \u0111a ti\u1ec7n \u00edch nh\u01b0ng v\u1eabn c\u00f3 v\u1ebb ngo\u00e0i sang tr\u1ecdng s\u1ebd lu\u00f4n l\u00e0 l\u1ef1a ch\u1ecdn h\u00e0ng \u0111\u1ea7u c\u1ee7a b\u1ea1n. B\u1ea1n c\u0169ng c\u00f3 th\u1ec3 tham kh\u1ea3o th\u00eam nhi\u1ec1u model <a href=\"https:\/\/thucpham.com\/may-giat-say-cong-nghiep\/\">m\u00e1y gi\u1eb7t s\u1ea5y c\u00f4ng nghi\u1ec7p<\/a> kh\u00e1c m\u00e0 ch\u00fang t\u00f4i \u0111ang cung c\u1ea5p nh\u01b0: <span data-sheets-value=\"{&quot;1&quot;:2,&quot;2&quot;:&quot;M\u00e1y Gi\u1eb7t C\u00f4ng Nghi\u1ec7p Powerline HE-40&quot;}\" data-sheets-userformat=\"{&quot;2&quot;:14466,&quot;4&quot;:{&quot;1&quot;:2,&quot;2&quot;:16777215},&quot;10&quot;:2,&quot;14&quot;:{&quot;1&quot;:2,&quot;2&quot;:3358280},&quot;15&quot;:&quot;Arial&quot;,&quot;16&quot;:10}\"><a href=\"https:\/\/thucpham.com\/may-giat-cong-nghiep-powerline-he-40\/\">M\u00e1y Gi\u1eb7t C\u00f4ng Nghi\u1ec7p Powerline HE-40<\/a>, <\/span><span data-sheets-value=\"{&quot;1&quot;:2,&quot;2&quot;:&quot;M\u00e1y Gi\u1eb7t C\u00f4ng Nghi\u1ec7p Powerline HE-80&quot;}\" data-sheets-userformat=\"{&quot;2&quot;:14466,&quot;4&quot;:{&quot;1&quot;:2,&quot;2&quot;:16777215},&quot;10&quot;:2,&quot;14&quot;:{&quot;1&quot;:2,&quot;2&quot;:3358280},&quot;15&quot;:&quot;Arial&quot;,&quot;16&quot;:10}\"><a href=\"https:\/\/thucpham.com\/may-giat-cong-nghiep-powerline-he-80\/\">M\u00e1y Gi\u1eb7t C\u00f4ng Nghi\u1ec7p Powerline HE-80<\/a>,&#8230;<\/span><\/p>\n","protected":false},"excerpt":{"rendered":"<ul>\n<li style=\"font-weight: 400;\"><span style=\"font-weight: 400;\">Gi\u1eb7t b\u1eb1ng kh\u00f4ng kh\u00ed, di\u1ec7t khu\u1ea9n nh\u1edd s\u1ee9c m\u1ea1nh ozon<\/span><\/li>\n<li style=\"font-weight: 400;\"><span style=\"font-weight: 400;\">L\u1ed3ng gi\u1eb7t b\u1eb1ng inox 304, v\u1ec7 sinh d\u1ec5 d\u00e0ng, v\u00e0 tu\u1ed5i th\u1ecd cao<\/span><\/li>\n<li style=\"font-weight: 400;\"><span style=\"font-weight: 400;\">Ch\u1ee9a 4 khoang cung c\u1ea5p h\u00f3a ch\u1ea5t gi\u1eb7t t\u1ea9y d\u1ea1ng l\u1ecfng ho\u1eb7c b\u1ed9t<\/span><\/li>\n<li style=\"font-weight: 400;\"><span style=\"font-weight: 400;\">10 ch\u1ebf \u0111\u1ed9 \u0111\u1eb7t tr\u01b0\u1edbc v\u1edbi 30 chu tr\u00ecnh \u0111\u01b0\u1ee3c l\u1eadp tr\u00ecnh<\/span><\/li>\n<li style=\"font-weight: 400;\"><span style=\"font-weight: 400;\">C\u00e1c b\u1ed9 ph\u1eadn trong h\u1ec7 th\u1ed1ng gi\u1eb7t \u0111\u1ec1u \u0111\u01b0\u1ee3c l\u00e0m t\u1eeb inox 304<\/span><\/li>\n<li style=\"font-weight: 400;\"><span style=\"font-weight: 400;\">C\u00e0i \u0111\u1eb7t s\u1eb5n b\u1ed9 ng\u1eaft \u0111i\u1ec7n ch\u00e2n kh\u00f4ng<\/span><\/li>\n<\/ul>\n","protected":false},"featured_media":37285,"comment_status":"open","ping_status":"closed","template":"","meta":[],"product_cat":[219],"product_tag":[],"_links":{"self":[{"href":"https:\/\/thucpham.com\/vinacom\/wp-json\/wp\/v2\/product\/10004"}],"collection":[{"href":"https:\/\/thucpham.com\/vinacom\/wp-json\/wp\/v2\/product"}],"about":[{"href":"https:\/\/thucpham.com\/vinacom\/wp-json\/wp\/v2\/types\/product"}],"replies":[{"embeddable":true,"href":"https:\/\/thucpham.com\/vinacom\/wp-json\/wp\/v2\/comments?post=10004"}],"wp:featuredmedia":[{"embeddable":true,"href":"https:\/\/thucpham.com\/vinacom\/wp-json\/wp\/v2\/media\/37285"}],"wp:attachment":[{"href":"https:\/\/thucpham.com\/vinacom\/wp-json\/wp\/v2\/media?parent=10004"}],"wp:term":[{"taxonomy":"product_cat","embeddable":true,"href":"https:\/\/thucpham.com\/vinacom\/wp-json\/wp\/v2\/product_cat?post=10004"},{"taxonomy":"product_tag","embeddable":true,"href":"https:\/\/thucpham.com\/vinacom\/wp-json\/wp\/v2\/product_tag?post=10004"}],"curies":[{"name":"wp","href":"https:\/\/api.w.org\/{rel}","templated":true}]}}